{"id":725,"date":"2019-02-01T17:27:50","date_gmt":"2019-02-01T16:27:50","guid":{"rendered":"https:\/\/www.skeevand.dk\/?page_id=725"},"modified":"2026-03-01T17:20:17","modified_gmt":"2026-03-01T16:20:17","slug":"generalforsamling","status":"publish","type":"page","link":"https:\/\/skeevand.dk\/?page_id=725","title":{"rendered":"Generalforsamling"},"content":{"rendered":"\n<p class=\"has-luminous-vivid-orange-color has-text-color has-medium-font-size\"><strong>Generalforsamling 2026 blev afholdt d. 26-2-2026<\/strong> ;<\/p>\n\n\n\n<p class=\"has-luminous-vivid-orange-color has-text-color has-link-color has-medium-font-size wp-elements-eed18efa26cf03d24c8f2843af0ba3ca\"><strong><a href=\"https:\/\/skeevand.dk\/wp-content\/uploads\/2026\/02\/ENDELIG-Dagsorden-paa-generalforsamling-i-Skee-vandvaerk-26-2-2026.pdf\">Dagsorden til GF26<\/a><\/strong> , <a href=\"https:\/\/skeevand.dk\/wp-content\/uploads\/2026\/03\/Referat-fra-Skee-vandvaerks-generalforsamling-i-Idraetsforeningens-lokale-paa-Allindelille-Skole-d.-26-2-2026.pdf\"><strong>Referat fra dagen<\/strong><\/a>.<\/p>\n\n\n\n<p class=\"has-luminous-vivid-orange-color has-text-color has-link-color has-medium-font-size wp-elements-2a769d4a9c20108593091291b63b3a8c\"><a href=\"https:\/\/skeevand.dk\/wp-content\/uploads\/2026\/03\/FORELOeBIG-dagsorden-paa-generalforsamling-i-Skee-vandvaerk-25-2-2027.pdf\">Generalforsamling 2027 finder sted d. 25-2-2027 kl. 19:00.<strong> Forel\u00f8big dagsorden<\/strong><\/a>. Indkomne forslag til behandling p\u00e5 GF27, skal v\u00e6re formanden i h\u00e6nde SENESTE 5 dage f\u00f8r generalforsamlingen.<\/p>\n\n\n\n<p class=\"has-medium-font-size\"><strong>ENDELIG DAGSORDEN 2026:<\/strong><\/p>\n\n\n\n<ol style=\"list-style-type:1\" class=\"wp-block-list\">\n<li><strong>Valg af dirigent \/ Lovlig indkaldt GF ?<\/strong><\/li>\n\n\n\n<li><strong>Valg af stemmet\u00e6llere.<\/strong><\/li>\n\n\n\n<li><strong>Formandens beretning<\/strong> <strong>\/ fremm\u00f8dtes sp\u00f8rgsm\u00e5l.<\/strong><\/li>\n\n\n\n<li><strong>Kassereren freml\u00e6gger det reviderede regnskab \/ fremm\u00f8dtes sp\u00f8rgsm\u00e5l.<\/strong><\/li>\n\n\n\n<li><strong>Godkendelse af regnskabet.<\/strong><\/li>\n\n\n\n<li><strong>Indkomne forslag :<\/strong> <em>Debat vedr. udskiftning af gl. jernr\u00f8rsledninger.<\/em><\/li>\n\n\n\n<li><strong>Valg til bestyrelsen : &nbsp;P\u00e5 valg er Helge Gyldenk\u00e6rne og Simon Fredslund. <\/strong><\/li>\n\n\n\n<li><strong>Valg af suppleant. P\u00e5 valg er <\/strong><strong>Linn Donskov Nielsen<\/strong>.<\/li>\n\n\n\n<li><strong>Valg af revisorer. P\u00e5 valg er Anders Pedersen<\/strong>.<\/li>\n\n\n\n<li><strong>&nbsp;Eventuelt.<\/strong><\/li>\n\n\n\n<li><strong>&nbsp;Afslutning.<\/strong><\/li>\n<\/ol>\n\n\n\n<p class=\"has-vivid-cyan-blue-color has-text-color has-medium-font-size\"><a href=\"https:\/\/skeevand.dk\/wp-content\/uploads\/2026\/02\/ENDELIG-Dagsorden-paa-generalforsamling-i-Skee-vandvaerk-26-2-2026.pdf\">Se pdf af den endelige dagsorden for 2026<\/a>.<\/p>\n\n\n\n<p class=\"has-normal-font-size\"><a href=\"https:\/\/skeevand.dk\/?page_id=1492\"><strong>Tidligere<\/strong> <strong>generalforsamlinger &#8211; dagsordner\/referater<\/strong><\/a><\/p>\n\n\n\n<p><\/p>\n","protected":false},"excerpt":{"rendered":"<p>Generalforsamling 2026 blev afholdt d. 26-2-2026 ; Dagsorden til GF26 , Referat fra dagen. Generalforsamling 2027 finder sted d. 25-2-2027 kl. 19:00. Forel\u00f8big dagsorden. Indkomne forslag til behandling p\u00e5 GF27, skal v\u00e6re formanden i h\u00e6nde SENESTE 5 dage f\u00f8r generalforsamlingen. ENDELIG DAGSORDEN 2026: Se pdf af den endelige dagsorden for 2026. Tidligere generalforsamlinger &#8211; dagsordner\/referater<\/p>\n","protected":false},"author":1,"featured_media":0,"parent":0,"menu_order":0,"comment_status":"closed","ping_status":"closed","template":"","meta":{"footnotes":""},"class_list":["post-725","page","type-page","status-publish","hentry"],"_links":{"self":[{"href":"https:\/\/skeevand.dk\/index.php?rest_route=\/wp\/v2\/pages\/725","targetHints":{"allow":["GET"]}}],"collection":[{"href":"https:\/\/skeevand.dk\/index.php?rest_route=\/wp\/v2\/pages"}],"about":[{"href":"https:\/\/skeevand.dk\/index.php?rest_route=\/wp\/v2\/types\/page"}],"author":[{"embeddable":true,"href":"https:\/\/skeevand.dk\/index.php?rest_route=\/wp\/v2\/users\/1"}],"replies":[{"embeddable":true,"href":"https:\/\/skeevand.dk\/index.php?rest_route=%2Fwp%2Fv2%2Fcomments&post=725"}],"version-history":[{"count":66,"href":"https:\/\/skeevand.dk\/index.php?rest_route=\/wp\/v2\/pages\/725\/revisions"}],"predecessor-version":[{"id":5056,"href":"https:\/\/skeevand.dk\/index.php?rest_route=\/wp\/v2\/pages\/725\/revisions\/5056"}],"wp:attachment":[{"href":"https:\/\/skeevand.dk\/index.php?rest_route=%2Fwp%2Fv2%2Fmedia&parent=725"}],"curies":[{"name":"wp","href":"https:\/\/api.w.org\/{rel}","templated":true}]}}