{"id":638,"date":"2019-01-27T16:42:04","date_gmt":"2019-01-27T15:42:04","guid":{"rendered":"https:\/\/www.skeevand.dk\/?page_id=638"},"modified":"2023-02-06T15:38:00","modified_gmt":"2023-02-06T14:38:00","slug":"hvis-du-skal-grave","status":"publish","type":"page","link":"https:\/\/skeevand.dk\/?page_id=638","title":{"rendered":"Hvis du skal grave"},"content":{"rendered":"\n<p>Er du i den situation, at du har behov for, at skulle grave indenfor Skee Vandv\u00e6rk&#8217;s forsyningsomr\u00e5de, omkring vore forsyningsledninger, skal du foretage en s\u00f8gning i <a href=\"https:\/\/ler.dk\/Portal\/P.1.Forside.aspx?ReturnUrl=%2f\">LER-registret<\/a> (Lednings Ejer Registret). P\u00e5 lige fod med andre ledningsejeres infrastruktur, ligger her ogs\u00e5 information om Skee Vandv\u00e6rk&#8217;s forsyningsledninger.<\/p>\n\n\n\n<p>Orienterende oversigt over <a href=\"https:\/\/ledningsportal.dk\/spatialmap?profile=skeevand\">Skee Vandv\u00e6rks forsyningsnet er tilg\u00e6ngelig her<\/a>, MEN denne oversigt fritager ikke en graveakt\u00f8r for, at foretage s\u00f8gning i LER !<\/p>\n\n\n\n<p>Besvarelsen af s\u00f8gninger i LER-registret, som ber\u00f8rer Skee Vandv\u00e6rk&#8217;s ledningsnet, bliver besvaret af LER2.0-serveren fra for\u00e5ret 2023. Vi har v\u00e6ret tilsluttet et Auto-LER-system, der automatisk s\u00f8rger for besvarelsen, siden 1. januar 2020 !<\/p>\n","protected":false},"excerpt":{"rendered":"<p>Er du i den situation, at du har behov for, at skulle grave indenfor Skee Vandv\u00e6rk&#8217;s forsyningsomr\u00e5de, omkring vore forsyningsledninger, skal du foretage en s\u00f8gning i LER-registret (Lednings Ejer Registret). P\u00e5 lige fod med andre ledningsejeres infrastruktur, ligger her ogs\u00e5 information om Skee Vandv\u00e6rk&#8217;s forsyningsledninger. Orienterende oversigt over Skee Vandv\u00e6rks forsyningsnet er tilg\u00e6ngelig her, MEN &hellip; <\/p>\n<p class=\"link-more\"><a href=\"https:\/\/skeevand.dk\/?page_id=638\" class=\"more-link\">L\u00e6s videre<span class=\"screen-reader-text\"> &#8220;Hvis du skal grave&#8221;<\/span><\/a><\/p>\n","protected":false},"author":1,"featured_media":0,"parent":3269,"menu_order":0,"comment_status":"closed","ping_status":"closed","template":"","meta":{"footnotes":""},"class_list":["post-638","page","type-page","status-publish","hentry"],"_links":{"self":[{"href":"https:\/\/skeevand.dk\/index.php?rest_route=\/wp\/v2\/pages\/638","targetHints":{"allow":["GET"]}}],"collection":[{"href":"https:\/\/skeevand.dk\/index.php?rest_route=\/wp\/v2\/pages"}],"about":[{"href":"https:\/\/skeevand.dk\/index.php?rest_route=\/wp\/v2\/types\/page"}],"author":[{"embeddable":true,"href":"https:\/\/skeevand.dk\/index.php?rest_route=\/wp\/v2\/users\/1"}],"replies":[{"embeddable":true,"href":"https:\/\/skeevand.dk\/index.php?rest_route=%2Fwp%2Fv2%2Fcomments&post=638"}],"version-history":[{"count":4,"href":"https:\/\/skeevand.dk\/index.php?rest_route=\/wp\/v2\/pages\/638\/revisions"}],"predecessor-version":[{"id":3705,"href":"https:\/\/skeevand.dk\/index.php?rest_route=\/wp\/v2\/pages\/638\/revisions\/3705"}],"up":[{"embeddable":true,"href":"https:\/\/skeevand.dk\/index.php?rest_route=\/wp\/v2\/pages\/3269"}],"wp:attachment":[{"href":"https:\/\/skeevand.dk\/index.php?rest_route=%2Fwp%2Fv2%2Fmedia&parent=638"}],"curies":[{"name":"wp","href":"https:\/\/api.w.org\/{rel}","templated":true}]}}