{"id":543,"date":"2019-01-21T20:30:47","date_gmt":"2019-01-21T19:30:47","guid":{"rendered":"https:\/\/www.skeevand.dk\/?page_id=543"},"modified":"2026-02-26T09:50:43","modified_gmt":"2026-02-26T08:50:43","slug":"vandpost-memo","status":"publish","type":"page","link":"https:\/\/skeevand.dk\/?page_id=543","title":{"rendered":"Vandpost m.v."},"content":{"rendered":"\n<p>Kommunikationen til vore forbrugere sker via n\u00e6rv\u00e6rende hjemmeside, samt i direkte kommunikation til de enkelte forbrugere, p\u00e5 mail og sms.<\/p>\n\n\n\n<p>S\u00e5ledes udsender vi, efter behov, &#8220;<em>Vandpost<\/em>&#8221; og <em>Memo&#8217;er<\/em> p\u00e5 mail, samt l\u00e6gger blogindl\u00e6g p\u00e5 hjemmesiden, med aktuel og relevant information. Efter behov, l\u00e6gges ogs\u00e5 Vandpost og Memo&#8217;er som blogindl\u00e6g, p\u00e5 forsiden.<\/p>\n\n\n\n<p><strong>Seneste Vandpost #25 af d. 3.5.2025<\/strong> &#8211; <a href=\"https:\/\/skeevand.dk\/wp-content\/uploads\/2025\/06\/Vandpost25_web.pdf\">Platformen til de nye vandm\u00e5lere d. 3-5-2025<\/a><\/p>\n\n\n\n<p><strong>Seneste Memo af d. 24.3.2025<\/strong> &#8211; <a href=\"https:\/\/skeevand.dk\/wp-content\/uploads\/2025\/03\/Memo-Nye-vandmaalere-25-3-2025.pdf\">M\u00e5lerudskiftning tirsdag d. 25-3-2025<\/a><\/p>\n\n\n\n<p><strong>Seneste Blogindl\u00e6g af d. 23.3.2025<\/strong> &#8211;<a href=\"https:\/\/skeevand.dk\/?p=5004\"> Husk Generalforsamling d. 26-2-2026<\/a><\/p>\n\n\n\n<p><a href=\"https:\/\/skeevand.dk\/?page_id=1477\">Tidligere Vandpost<\/a><\/p>\n\n\n\n<p><a href=\"https:\/\/skeevand.dk\/?page_id=1469\">Tidligere Memo&#8217;er<\/a><\/p>\n\n\n\n<p><a href=\"https:\/\/skeevand.dk\/?page_id=1464\">Tidligere Blogindl\u00e6g<\/a><\/p>\n\n\n\n<p><\/p>\n","protected":false},"excerpt":{"rendered":"<p>Kommunikationen til vore forbrugere sker via n\u00e6rv\u00e6rende hjemmeside, samt i direkte kommunikation til de enkelte forbrugere, p\u00e5 mail og sms. S\u00e5ledes udsender vi, efter behov, &#8220;Vandpost&#8221; og Memo&#8217;er p\u00e5 mail, samt l\u00e6gger blogindl\u00e6g p\u00e5 hjemmesiden, med aktuel og relevant information. Efter behov, l\u00e6gges ogs\u00e5 Vandpost og Memo&#8217;er som blogindl\u00e6g, p\u00e5 forsiden. Seneste Vandpost #25 af &hellip; <\/p>\n<p class=\"link-more\"><a href=\"https:\/\/skeevand.dk\/?page_id=543\" class=\"more-link\">L\u00e6s videre<span class=\"screen-reader-text\"> &#8220;Vandpost m.v.&#8221;<\/span><\/a><\/p>\n","protected":false},"author":1,"featured_media":0,"parent":0,"menu_order":0,"comment_status":"closed","ping_status":"closed","template":"","meta":{"footnotes":""},"class_list":["post-543","page","type-page","status-publish","hentry"],"_links":{"self":[{"href":"https:\/\/skeevand.dk\/index.php?rest_route=\/wp\/v2\/pages\/543","targetHints":{"allow":["GET"]}}],"collection":[{"href":"https:\/\/skeevand.dk\/index.php?rest_route=\/wp\/v2\/pages"}],"about":[{"href":"https:\/\/skeevand.dk\/index.php?rest_route=\/wp\/v2\/types\/page"}],"author":[{"embeddable":true,"href":"https:\/\/skeevand.dk\/index.php?rest_route=\/wp\/v2\/users\/1"}],"replies":[{"embeddable":true,"href":"https:\/\/skeevand.dk\/index.php?rest_route=%2Fwp%2Fv2%2Fcomments&post=543"}],"version-history":[{"count":85,"href":"https:\/\/skeevand.dk\/index.php?rest_route=\/wp\/v2\/pages\/543\/revisions"}],"predecessor-version":[{"id":5026,"href":"https:\/\/skeevand.dk\/index.php?rest_route=\/wp\/v2\/pages\/543\/revisions\/5026"}],"wp:attachment":[{"href":"https:\/\/skeevand.dk\/index.php?rest_route=%2Fwp%2Fv2%2Fmedia&parent=543"}],"curies":[{"name":"wp","href":"https:\/\/api.w.org\/{rel}","templated":true}]}}