{"id":4578,"date":"2025-02-22T10:17:28","date_gmt":"2025-02-22T09:17:28","guid":{"rendered":"https:\/\/skeevand.dk\/?page_id=4578"},"modified":"2025-02-22T10:18:47","modified_gmt":"2025-02-22T09:18:47","slug":"kalkhaandtering-paa-skee-vandvaerk","status":"publish","type":"page","link":"https:\/\/skeevand.dk\/?page_id=4578","title":{"rendered":"Kalkh\u00e5ndtering p\u00e5 Skee Vandv\u00e6rk"},"content":{"rendered":"\n<p><a href=\"https:\/\/skeevand.dk\/wp-content\/uploads\/2023\/02\/SRO3-scaled.jpg\">Foto af lydgiver-montering p\u00e5 afgangsr\u00f8r fra v\u00e6rket<\/a><\/p>\n\n\n\n<p><a href=\"https:\/\/skeevand.dk\/wp-content\/uploads\/2022\/01\/Gryde_med_kalkbelaegning_k.jpg\">Gryde med kalkbel\u00e6gning <strong>F\u00d8R<\/strong><\/a><\/p>\n\n\n\n<p><a href=\"https:\/\/skeevand.dk\/wp-content\/uploads\/2022\/01\/Gryde_afkalket_k.jpg\">Afkalket gryde <strong>F\u00d8R<\/strong> kalkbehandling<\/a><\/p>\n\n\n\n<p><a href=\"https:\/\/skeevand.dk\/wp-content\/uploads\/2022\/01\/Gryde_efter_35_maaned_k.jpg\">Kalk i gryde <strong>EFTER<\/strong> 3,5 m\u00e5neds kalkbehandling<\/a><\/p>\n\n\n\n<p><a href=\"https:\/\/skeevand.dk\/wp-content\/uploads\/2022\/01\/Gryde_efte_35_maaned_pulverklud.mp4\">Kalk i gryde<strong> FILM EFTER<\/strong> 3,5 m\u00e5neds kalkbehandling<\/a><\/p>\n\n\n\n<p><a href=\"https:\/\/skeevand.dk\/wp-content\/uploads\/2022\/01\/Varmelegeme_bund_foer.jpg\">Varmelegeme hos Skee Is, <strong>F\u00d8R<\/strong> kalkbehandling<\/a><\/p>\n\n\n\n<p><a href=\"https:\/\/skeevand.dk\/wp-content\/uploads\/2022\/01\/Varmelegeme_bund_efter.jpg\">Varmelegeme hos Skee Is, <strong>EFTER<\/strong> kalkbehandling<\/a><\/p>\n\n\n\n<p><a href=\"https:\/\/skeevand.dk\/wp-content\/uploads\/2022\/01\/Varmeflade_SkeeIS_efter.mp4\">Varmelegeme hos Skee Is, <strong>FILM EFTER <\/strong>kalkbehandling<\/a><\/p>\n","protected":false},"excerpt":{"rendered":"<p>Foto af lydgiver-montering p\u00e5 afgangsr\u00f8r fra v\u00e6rket Gryde med kalkbel\u00e6gning F\u00d8R Afkalket gryde F\u00d8R kalkbehandling Kalk i gryde EFTER 3,5 m\u00e5neds kalkbehandling Kalk i gryde FILM EFTER 3,5 m\u00e5neds kalkbehandling Varmelegeme hos Skee Is, F\u00d8R kalkbehandling Varmelegeme hos Skee Is, EFTER kalkbehandling Varmelegeme hos Skee Is, FILM EFTER kalkbehandling<\/p>\n","protected":false},"author":1,"featured_media":0,"parent":4525,"menu_order":0,"comment_status":"closed","ping_status":"closed","template":"","meta":{"footnotes":""},"class_list":["post-4578","page","type-page","status-publish","hentry"],"_links":{"self":[{"href":"https:\/\/skeevand.dk\/index.php?rest_route=\/wp\/v2\/pages\/4578","targetHints":{"allow":["GET"]}}],"collection":[{"href":"https:\/\/skeevand.dk\/index.php?rest_route=\/wp\/v2\/pages"}],"about":[{"href":"https:\/\/skeevand.dk\/index.php?rest_route=\/wp\/v2\/types\/page"}],"author":[{"embeddable":true,"href":"https:\/\/skeevand.dk\/index.php?rest_route=\/wp\/v2\/users\/1"}],"replies":[{"embeddable":true,"href":"https:\/\/skeevand.dk\/index.php?rest_route=%2Fwp%2Fv2%2Fcomments&post=4578"}],"version-history":[{"count":2,"href":"https:\/\/skeevand.dk\/index.php?rest_route=\/wp\/v2\/pages\/4578\/revisions"}],"predecessor-version":[{"id":4580,"href":"https:\/\/skeevand.dk\/index.php?rest_route=\/wp\/v2\/pages\/4578\/revisions\/4580"}],"up":[{"embeddable":true,"href":"https:\/\/skeevand.dk\/index.php?rest_route=\/wp\/v2\/pages\/4525"}],"wp:attachment":[{"href":"https:\/\/skeevand.dk\/index.php?rest_route=%2Fwp%2Fv2%2Fmedia&parent=4578"}],"curies":[{"name":"wp","href":"https:\/\/api.w.org\/{rel}","templated":true}]}}