{"id":4525,"date":"2025-02-21T11:31:52","date_gmt":"2025-02-21T10:31:52","guid":{"rendered":"https:\/\/skeevand.dk\/?page_id=4525"},"modified":"2025-03-27T11:15:08","modified_gmt":"2025-03-27T10:15:08","slug":"undervisning-debatoplaeg","status":"publish","type":"page","link":"https:\/\/skeevand.dk\/?page_id=4525","title":{"rendered":"Information &amp; Undervisning"},"content":{"rendered":"\n<figure class=\"wp-block-image size-large is-resized\"><img loading=\"lazy\" decoding=\"async\" width=\"1024\" height=\"768\" src=\"https:\/\/skeevand.dk\/wp-content\/uploads\/2025\/02\/LBH-Skeevandvaerk-AllindelilleFriskole-18-2-2025-1024x768.jpg\" alt=\"\" class=\"wp-image-4524\" style=\"width:447px;height:auto\" srcset=\"https:\/\/skeevand.dk\/wp-content\/uploads\/2025\/02\/LBH-Skeevandvaerk-AllindelilleFriskole-18-2-2025-1024x768.jpg 1024w, https:\/\/skeevand.dk\/wp-content\/uploads\/2025\/02\/LBH-Skeevandvaerk-AllindelilleFriskole-18-2-2025-300x225.jpg 300w, https:\/\/skeevand.dk\/wp-content\/uploads\/2025\/02\/LBH-Skeevandvaerk-AllindelilleFriskole-18-2-2025-768x576.jpg 768w, https:\/\/skeevand.dk\/wp-content\/uploads\/2025\/02\/LBH-Skeevandvaerk-AllindelilleFriskole-18-2-2025.jpg 1319w\" sizes=\"auto, (max-width: 767px) 89vw, (max-width: 1000px) 54vw, (max-width: 1071px) 543px, 580px\" \/><figcaption class=\"wp-element-caption\">Tema om vand &amp; vandv\u00e6rk \/ Allindelille Friskole d. 18-2-2025<\/figcaption><\/figure>\n\n\n\n<p>My- &amp; Omega-klasserne havde, tirsdag d. 18-2-2025, bes\u00f8g af Lars Bo, der fortalte om Skee Vandv\u00e6rk og drikkevand generelt. Et &#8220;<em>forsigtigt fors\u00f8g<\/em>&#8221; p\u00e5, fra bestyrelsesformanden i Skee Vandv\u00e6rk, at bringe viden til fremtidens bestyrelsesmedlemmer i mindre vandv\u00e6rker samtidig med, at v\u00e6kke en interesse.<\/p>\n\n\n\n<p><a href=\"https:\/\/skeevand.dk\/wp-content\/uploads\/2025\/02\/STIKORD-fremlaeggelse.pdf\">Note med emner &amp; tilh\u00f8rende bilagsnummerering<\/a><\/p>\n\n\n\n<p>&#8220;<a href=\"https:\/\/skeevand.dk\/wp-content\/uploads\/2025\/02\/Foto-dok-undervisning-mv.zip\">Pakke med bilag<\/a>&#8220;<\/p>\n\n\n\n<p><a href=\"https:\/\/skeevand.dk\/?page_id=4578\">Kalkh\u00e5ndtering p\u00e5 Skee Vandv\u00e6rk<\/a><\/p>\n\n\n\n<p><a href=\"https:\/\/skeevand.dk\/wp-content\/uploads\/2025\/03\/Vand-paa-skoleskemaet_-Vandets-vej-oplaeg-til-skoleelever.pdf\"><em>Vand p\u00e5 Skoleskemaet<\/em> &#8211; Fra Danske Vandv\u00e6rker<\/a><\/p>\n","protected":false},"excerpt":{"rendered":"<p>My- &amp; Omega-klasserne havde, tirsdag d. 18-2-2025, bes\u00f8g af Lars Bo, der fortalte om Skee Vandv\u00e6rk og drikkevand generelt. Et &#8220;forsigtigt fors\u00f8g&#8221; p\u00e5, fra bestyrelsesformanden i Skee Vandv\u00e6rk, at bringe viden til fremtidens bestyrelsesmedlemmer i mindre vandv\u00e6rker samtidig med, at v\u00e6kke en interesse. Note med emner &amp; tilh\u00f8rende bilagsnummerering &#8220;Pakke med bilag&#8220; Kalkh\u00e5ndtering p\u00e5 Skee &hellip; <\/p>\n<p class=\"link-more\"><a href=\"https:\/\/skeevand.dk\/?page_id=4525\" class=\"more-link\">L\u00e6s videre<span class=\"screen-reader-text\"> &#8220;Information &amp; Undervisning&#8221;<\/span><\/a><\/p>\n","protected":false},"author":1,"featured_media":0,"parent":307,"menu_order":0,"comment_status":"closed","ping_status":"closed","template":"","meta":{"footnotes":""},"class_list":["post-4525","page","type-page","status-publish","hentry"],"_links":{"self":[{"href":"https:\/\/skeevand.dk\/index.php?rest_route=\/wp\/v2\/pages\/4525","targetHints":{"allow":["GET"]}}],"collection":[{"href":"https:\/\/skeevand.dk\/index.php?rest_route=\/wp\/v2\/pages"}],"about":[{"href":"https:\/\/skeevand.dk\/index.php?rest_route=\/wp\/v2\/types\/page"}],"author":[{"embeddable":true,"href":"https:\/\/skeevand.dk\/index.php?rest_route=\/wp\/v2\/users\/1"}],"replies":[{"embeddable":true,"href":"https:\/\/skeevand.dk\/index.php?rest_route=%2Fwp%2Fv2%2Fcomments&post=4525"}],"version-history":[{"count":8,"href":"https:\/\/skeevand.dk\/index.php?rest_route=\/wp\/v2\/pages\/4525\/revisions"}],"predecessor-version":[{"id":4740,"href":"https:\/\/skeevand.dk\/index.php?rest_route=\/wp\/v2\/pages\/4525\/revisions\/4740"}],"up":[{"embeddable":true,"href":"https:\/\/skeevand.dk\/index.php?rest_route=\/wp\/v2\/pages\/307"}],"wp:attachment":[{"href":"https:\/\/skeevand.dk\/index.php?rest_route=%2Fwp%2Fv2%2Fmedia&parent=4525"}],"curies":[{"name":"wp","href":"https:\/\/api.w.org\/{rel}","templated":true}]}}