{"id":37,"date":"2018-11-25T15:15:58","date_gmt":"2018-11-25T14:15:58","guid":{"rendered":"http:\/\/localhost\/wordpress\/?page_id=37"},"modified":"2026-03-02T08:57:56","modified_gmt":"2026-03-02T07:57:56","slug":"kontakt","status":"publish","type":"page","link":"https:\/\/skeevand.dk\/?page_id=37","title":{"rendered":"Kontakt &#038; Bestyrelse"},"content":{"rendered":"<p><span style=\"color: #000080;\"><strong>Hvis du har behov for, at kontakte Skee Vandv\u00e6rk :<\/strong><\/span><\/p>\n<hr \/>\n<p><strong><span style=\"color: #000080;\">Vandv\u00e6rk \/ Drift \/ Forsyningsudfald :<\/span> <\/strong><\/p>\n<p>Helge Gyldenk\u00e6rne , Tlf.: 21 27 27 48 ,\u00a0\u00a0\u00a0\u00a0\u00a0\u00a0\u00a0\u00a0\u00a0 \u00a0 \u00a0 \u00a0 \u00a0 \u00a0 \u00a0 \u00a0 \u00a0 \u00a0 \u00a0 \u00a0 \u00a0 \u00a0 \u00a0 \u00a0 \u00a0 \u00a0 \u00a0 \u00a0 \u00a0 \u00a0 \u00a0 \u00a0 \u00a0 \u00a0 \u00a0 \u00a0\u00a0 \u00a0\u00a0 Mail: <a href=\"mailto:helge-gyldenkaerne@mail.dk\"><span style=\"color: #0000ff;\">helge-gyldenkaerne@mail.dk<\/span><\/a><\/p>\n<p><span style=\"color: #000080;\"><strong>Vandv\u00e6rk \/ Generelt \/ Flytteoplysning \/ WEB :<\/strong><\/span><\/p>\n<p>Lars Bo Hansen , Tlf.: 20 32 11 15 ,\u00a0\u00a0\u00a0\u00a0\u00a0\u00a0\u00a0\u00a0\u00a0\u00a0\u00a0\u00a0\u00a0\u00a0\u00a0\u00a0\u00a0\u00a0\u00a0\u00a0\u00a0\u00a0\u00a0\u00a0\u00a0\u00a0\u00a0\u00a0\u00a0\u00a0\u00a0\u00a0\u00a0\u00a0\u00a0\u00a0\u00a0\u00a0\u00a0\u00a0\u00a0\u00a0\u00a0\u00a0\u00a0\u00a0\u00a0\u00a0\u00a0\u00a0\u00a0\u00a0\u00a0\u00a0\u00a0\u00a0\u00a0 \u00a0 \u00a0 \u00a0 \u00a0 \u00a0 \u00a0 \u00a0\u00a0\u00a0\u00a0\u00a0\u00a0\u00a0 Mail: <span style=\"color: #0000ff;\"><a style=\"color: #0000ff;\" href=\"mailto:bryggerhus@Live.dk\">bryggerhus@Live.dk<\/a><\/span>\u00a0\u00a0\u00a0\u00a0\u00a0\u00a0\u00a0\u00a0\u00a0\u00a0\u00a0\u00a0\u00a0\u00a0\u00a0\u00a0\u00a0\u00a0\u00a0\u00a0\u00a0\u00a0\u00a0\u00a0\u00a0\u00a0\u00a0\u00a0\u00a0\u00a0\u00a0\u00a0\u00a0\u00a0\u00a0\u00a0\u00a0\u00a0\u00a0\u00a0\u00a0\u00a0\u00a0\u00a0\u00a0\u00a0\u00a0\u00a0\u00a0\u00a0\u00a0\u00a0\u00a0\u00a0\u00a0\u00a0\u00a0\u00a0\u00a0\u00a0\u00a0\u00a0\u00a0\u00a0\u00a0\u00a0\u00a0\u00a0\u00a0\u00a0\u00a0\u00a0\u00a0\u00a0\u00a0\u00a0\u00a0\u00a0\u00a0\u00a0\u00a0\u00a0\u00a0\u00a0\u00a0\u00a0\u00a0\u00a0\u00a0\u00a0\u00a0\u00a0\u00a0\u00a0 <strong>Postadresse<\/strong> :\u00a0\u00a0\u00a0\u00a0\u00a0\u00a0\u00a0\u00a0\u00a0\u00a0\u00a0\u00a0\u00a0\u00a0\u00a0\u00a0\u00a0\u00a0\u00a0\u00a0\u00a0\u00a0\u00a0\u00a0\u00a0\u00a0\u00a0\u00a0\u00a0\u00a0\u00a0\u00a0\u00a0\u00a0\u00a0\u00a0\u00a0\u00a0\u00a0\u00a0\u00a0\u00a0\u00a0\u00a0\u00a0\u00a0\u00a0\u00a0\u00a0\u00a0\u00a0\u00a0\u00a0\u00a0\u00a0\u00a0\u00a0\u00a0\u00a0\u00a0\u00a0\u00a0\u00a0\u00a0\u00a0\u00a0\u00a0\u00a0\u00a0\u00a0\u00a0\u00a0\u00a0\u00a0\u00a0\u00a0\u00a0\u00a0\u00a0\u00a0\u00a0\u00a0\u00a0\u00a0\u00a0\u00a0\u00a0\u00a0\u00a0\u00a0\u00a0\u00a0\u00a0 \u00a0 \u00a0 \u00a0 \u00a0 \u00a0 \u00a0 \u00a0 \u00a0 \u00a0 \u00a0\u00a0 \u00a0 \u00a0 \u00a0 Skee Huse 27, 4100 Ringsted<\/p>\n<p><span style=\"color: #000080;\"><strong>\u00d8konomi \/ Fakturering :<\/strong><\/span><\/p>\n<p>Henriette Kirk , Tlf.: 27 21 08 52 ,\u00a0\u00a0\u00a0\u00a0\u00a0\u00a0\u00a0\u00a0\u00a0\u00a0\u00a0\u00a0\u00a0\u00a0\u00a0\u00a0\u00a0\u00a0\u00a0\u00a0\u00a0\u00a0\u00a0\u00a0\u00a0\u00a0\u00a0\u00a0\u00a0\u00a0\u00a0\u00a0\u00a0\u00a0\u00a0\u00a0\u00a0\u00a0\u00a0\u00a0\u00a0\u00a0\u00a0\u00a0\u00a0\u00a0\u00a0\u00a0\u00a0\u00a0\u00a0\u00a0\u00a0 \u00a0 \u00a0 \u00a0 \u00a0 \u00a0 \u00a0 \u00a0 \u00a0 \u00a0 \u00a0 \u00a0 \u00a0\u00a0 Mail: <a href=\"mailto:skeevand.kasserer@gmail.com\"><span style=\"color: #0000ff;\">skeevand.kasserer@gmail.com<\/span><\/a><\/p>\n<p><strong>Bankforbindelse :<\/strong> Nykredit Bank, knt.nr. 8117-1671957.<\/p>\n<p><strong>CVRnr.:<\/strong> 33 62 15 58<\/p>\n<hr \/>\n<p><strong><span style=\"color: #000080;\">Bestyrelsen &amp; revisorer pr. 22. februar 2023 :<\/span><\/strong><\/p>\n<p><strong>Suppleant :<\/strong> \u00a0\u00a0\u00a0\u00a0\u00a0\u00a0\u00a0\u00a0\u00a0\u00a0 Linn Donskov Nielsen<\/p>\n<p><strong>Best.medl.:<\/strong> \u00a0\u00a0\u00a0\u00a0\u00a0\u00a0\u00a0\u00a0\u00a0\u00a0 John Dahl<\/p>\n<p><strong>Drift :\u00a0\u00a0\u00a0<\/strong>\u00a0\u00a0\u00a0\u00a0\u00a0\u00a0\u00a0\u00a0\u00a0\u00a0\u00a0\u00a0\u00a0\u00a0\u00a0\u00a0\u00a0\u00a0\u00a0\u00a0 Helge Gyldenk\u00e6rne<\/p>\n<p><strong>Kasserer :<\/strong> \u00a0\u00a0\u00a0\u00a0\u00a0\u00a0\u00a0\u00a0\u00a0\u00a0\u00a0\u00a0 Henriette Kirk<\/p>\n<p><strong>Revisorer:<\/strong> \u00a0\u00a0\u00a0\u00a0\u00a0\u00a0\u00a0\u00a0\u00a0\u00a0\u00a0\u00a0 Bettina Longo &amp; Anders Pedersen<\/p>\n<p><strong>N\u00e6stformand :<\/strong> \u00a0 Simon Fredslund<\/p>\n<p><strong>Formand :<\/strong>\u00a0\u00a0\u00a0\u00a0\u00a0\u00a0\u00a0\u00a0\u00a0\u00a0\u00a0\u00a0\u00a0 Lars Bo Hansen<\/p>\n<p>Bestyrelsesarbejdet er baseret p\u00e5 frivilligt ul\u00f8nnet arbejde. S\u00e5ledes udbetales der ikke honorarer til bestyrelsen. I tr\u00e5d med anbefalingerne fra vores forening, arbejder bestyrelsen med &#8220;<em>kodeks for godt bestyrelsesarbejde<\/em>&#8220;. N\u00e5r dette arbejde er gennemf\u00f8rt, vil en samlet beskrivelse af dette, v\u00e6re tilg\u00e6ngelig p\u00e5 denne side.<\/p>\n\n\n<hr class=\"wp-block-separator has-css-opacity is-style-wide\"\/>\n\n\n\n<p><a href=\"https:\/\/skeevand.dk\/?page_id=3147\">Forskellig dokumentation<\/a><\/p>\n\n\n\n<p class=\"has-white-color has-text-color has-link-color wp-elements-b3d82eb57ca7941beab9e9c57b667729\">OVERSIGT<\/p>\n\n\n\n<p><\/p>\n","protected":false},"excerpt":{"rendered":"<p>Hvis du har behov for, at kontakte Skee Vandv\u00e6rk : Vandv\u00e6rk \/ Drift \/ Forsyningsudfald : Helge Gyldenk\u00e6rne , Tlf.: 21 27 27 48 ,\u00a0\u00a0\u00a0\u00a0\u00a0\u00a0\u00a0\u00a0\u00a0 \u00a0 \u00a0 \u00a0 \u00a0 \u00a0 \u00a0 \u00a0 \u00a0 \u00a0 \u00a0 \u00a0 \u00a0 \u00a0 \u00a0 \u00a0 \u00a0 \u00a0 \u00a0 \u00a0 \u00a0 \u00a0 \u00a0 \u00a0 \u00a0 \u00a0 \u00a0 \u00a0\u00a0 \u00a0\u00a0 Mail: helge-gyldenkaerne@mail.dk &hellip; <\/p>\n<p class=\"link-more\"><a href=\"https:\/\/skeevand.dk\/?page_id=37\" class=\"more-link\">L\u00e6s videre<span class=\"screen-reader-text\"> &#8220;Kontakt &#038; Bestyrelse&#8221;<\/span><\/a><\/p>\n","protected":false},"author":1,"featured_media":32,"parent":0,"menu_order":0,"comment_status":"closed","ping_status":"closed","template":"","meta":{"footnotes":""},"class_list":["post-37","page","type-page","status-publish","has-post-thumbnail","hentry"],"_links":{"self":[{"href":"https:\/\/skeevand.dk\/index.php?rest_route=\/wp\/v2\/pages\/37","targetHints":{"allow":["GET"]}}],"collection":[{"href":"https:\/\/skeevand.dk\/index.php?rest_route=\/wp\/v2\/pages"}],"about":[{"href":"https:\/\/skeevand.dk\/index.php?rest_route=\/wp\/v2\/types\/page"}],"author":[{"embeddable":true,"href":"https:\/\/skeevand.dk\/index.php?rest_route=\/wp\/v2\/users\/1"}],"replies":[{"embeddable":true,"href":"https:\/\/skeevand.dk\/index.php?rest_route=%2Fwp%2Fv2%2Fcomments&post=37"}],"version-history":[{"count":23,"href":"https:\/\/skeevand.dk\/index.php?rest_route=\/wp\/v2\/pages\/37\/revisions"}],"predecessor-version":[{"id":5067,"href":"https:\/\/skeevand.dk\/index.php?rest_route=\/wp\/v2\/pages\/37\/revisions\/5067"}],"wp:featuredmedia":[{"embeddable":true,"href":"https:\/\/skeevand.dk\/index.php?rest_route=\/"}],"wp:attachment":[{"href":"https:\/\/skeevand.dk\/index.php?rest_route=%2Fwp%2Fv2%2Fmedia&parent=37"}],"curies":[{"name":"wp","href":"https:\/\/api.w.org\/{rel}","templated":true}]}}