{"id":2979,"date":"2022-02-12T12:57:50","date_gmt":"2022-02-12T11:57:50","guid":{"rendered":"https:\/\/skeevand.dk\/?page_id=2979"},"modified":"2025-03-13T10:54:09","modified_gmt":"2025-03-13T09:54:09","slug":"koekkenvask-blandingsbatteri","status":"publish","type":"page","link":"https:\/\/skeevand.dk\/?page_id=2979","title":{"rendered":"Kalkfors\u00f8get &#8211; K\u00d8KKENVASK \/ Bla.batt."},"content":{"rendered":"\n<p style=\"font-size:24px\">Herunder registrering af kalkudf\u00e6ldningen, efter 3,5 m\u00e5neders brug, p\u00e5 og omkring afkalket rustfri k\u00f8kkenvask, omkring blandingsbatteri. <\/p>\n\n\n\n<p class=\"has-vivid-cyan-blue-color has-text-color\">(S\u00e5fremt et billede herunder \u00f8nskes set i st\u00f8rre format ; <strong>H\u00f8jreklik da p\u00e5 billedet<\/strong> og klik derefter p\u00e5 &#8211;<em><strong>\u00e5bn billede i nyt faneblad<\/strong>-)<\/em><\/p>\n\n\n\n<hr class=\"wp-block-separator has-text-color has-background has-vivid-cyan-blue-background-color has-vivid-cyan-blue-color is-style-wide\"\/>\n\n\n\n<div class=\"wp-block-media-text alignwide is-stacked-on-mobile\" style=\"grid-template-columns:54% auto\"><figure class=\"wp-block-media-text__media\"><img loading=\"lazy\" decoding=\"async\" width=\"1024\" height=\"676\" src=\"https:\/\/skeevand.dk\/wp-content\/uploads\/2022\/02\/Koekk.bl_.bat2_foer-1024x676.jpg\" alt=\"\" class=\"wp-image-3008 size-full\" srcset=\"https:\/\/skeevand.dk\/wp-content\/uploads\/2022\/02\/Koekk.bl_.bat2_foer-1024x676.jpg 1024w, https:\/\/skeevand.dk\/wp-content\/uploads\/2022\/02\/Koekk.bl_.bat2_foer-300x198.jpg 300w, https:\/\/skeevand.dk\/wp-content\/uploads\/2022\/02\/Koekk.bl_.bat2_foer-768x507.jpg 768w, https:\/\/skeevand.dk\/wp-content\/uploads\/2022\/02\/Koekk.bl_.bat2_foer.jpg 1280w\" sizes=\"auto, (max-width: 767px) 89vw, (max-width: 1000px) 54vw, (max-width: 1071px) 543px, 580px\" \/><\/figure><div class=\"wp-block-media-text__content\">\n<p class=\"has-medium-font-size\">K\u00f8kkenvask f\u00f8r afkalkning m. syre\/afskuret m. grov svamp. Bel\u00e6gningen er h\u00e5rd, fastsiddende og p\u00e5 formen <em><strong>calcit<\/strong><\/em>, som ogs\u00e5 er calcium-karbonat &#8211; CaCO<sub>3<\/sub><\/p>\n<\/div><\/div>\n\n\n\n<div class=\"wp-block-media-text alignwide is-stacked-on-mobile\" style=\"grid-template-columns:59% auto\"><figure class=\"wp-block-media-text__media\"><img loading=\"lazy\" decoding=\"async\" width=\"1024\" height=\"742\" src=\"https:\/\/skeevand.dk\/wp-content\/uploads\/2022\/02\/Koekk.bl_.bat_afkalket-1024x742.jpg\" alt=\"\" class=\"wp-image-3009 size-full\" srcset=\"https:\/\/skeevand.dk\/wp-content\/uploads\/2022\/02\/Koekk.bl_.bat_afkalket-1024x742.jpg 1024w, https:\/\/skeevand.dk\/wp-content\/uploads\/2022\/02\/Koekk.bl_.bat_afkalket-300x217.jpg 300w, https:\/\/skeevand.dk\/wp-content\/uploads\/2022\/02\/Koekk.bl_.bat_afkalket-768x556.jpg 768w, https:\/\/skeevand.dk\/wp-content\/uploads\/2022\/02\/Koekk.bl_.bat_afkalket.jpg 1280w\" sizes=\"auto, (max-width: 767px) 89vw, (max-width: 1000px) 54vw, (max-width: 1071px) 543px, 580px\" \/><\/figure><div class=\"wp-block-media-text__content\">\n<p class=\"has-medium-font-size\">Afkalket k\u00f8kkenvask omkring blandingsbatteri. Afkalkning foretaget m. eddikesyre og skuresvamp.<\/p>\n<\/div><\/div>\n\n\n\n<div class=\"wp-block-media-text alignwide is-stacked-on-mobile\" style=\"grid-template-columns:62% auto\"><figure class=\"wp-block-media-text__media\"><img loading=\"lazy\" decoding=\"async\" width=\"1024\" height=\"715\" src=\"https:\/\/skeevand.dk\/wp-content\/uploads\/2022\/02\/Koekk.bl_.batt3_EFTER-1024x715.jpg\" alt=\"\" class=\"wp-image-3011 size-full\" srcset=\"https:\/\/skeevand.dk\/wp-content\/uploads\/2022\/02\/Koekk.bl_.batt3_EFTER-1024x715.jpg 1024w, https:\/\/skeevand.dk\/wp-content\/uploads\/2022\/02\/Koekk.bl_.batt3_EFTER-300x210.jpg 300w, https:\/\/skeevand.dk\/wp-content\/uploads\/2022\/02\/Koekk.bl_.batt3_EFTER-768x536.jpg 768w, https:\/\/skeevand.dk\/wp-content\/uploads\/2022\/02\/Koekk.bl_.batt3_EFTER.jpg 1280w\" sizes=\"auto, (max-width: 767px) 89vw, (max-width: 1000px) 54vw, (max-width: 1071px) 543px, 580px\" \/><\/figure><div class=\"wp-block-media-text__content\">\n<p class=\"has-medium-font-size\">K\u00f8kkenvask efter 3,5 m\u00e5neds brug. Her ses ogs\u00e5 afs\u00e6tning af kalk ! Stadig som calciumkarbonat,  CaCO<sub>3<\/sub>  &#8211; NU dog prim\u00e6rt p\u00e5 formen <strong><em>aragonit<\/em><\/strong>, som lader sig fjernes relativt nemt, mekanisk.<\/p>\n<\/div><\/div>\n\n\n\n<hr class=\"wp-block-separator has-text-color has-background has-vivid-cyan-blue-background-color has-vivid-cyan-blue-color is-style-wide\"\/>\n\n\n\n<div class=\"wp-block-media-text alignwide is-stacked-on-mobile\" style=\"grid-template-columns:75% auto\"><figure class=\"wp-block-media-text__media\"><video controls src=\"https:\/\/skeevand.dk\/wp-content\/uploads\/2022\/02\/Aftoerr-bla.batt_EFTER.mp4\"><\/video><\/figure><div class=\"wp-block-media-text__content\">\n<p class=\"has-medium-font-size\">Efter 3,5 m\u00e5neders brug, afrenses her med svamp uden syre.  (Video).<\/p>\n<\/div><\/div>\n\n\n\n<hr class=\"wp-block-separator has-text-color has-background has-vivid-cyan-blue-background-color has-vivid-cyan-blue-color is-style-wide\"\/>\n\n\n\n<figure class=\"wp-block-gallery has-nested-images columns-default is-cropped wp-block-gallery-1 is-layout-flex wp-block-gallery-is-layout-flex\">\n<figure class=\"wp-block-image size-large\"><img loading=\"lazy\" decoding=\"async\" width=\"1024\" height=\"676\" data-id=\"3008\" src=\"https:\/\/skeevand.dk\/wp-content\/uploads\/2022\/02\/Koekk.bl_.bat2_foer-1024x676.jpg\" alt=\"\" class=\"wp-image-3008\" srcset=\"https:\/\/skeevand.dk\/wp-content\/uploads\/2022\/02\/Koekk.bl_.bat2_foer-1024x676.jpg 1024w, https:\/\/skeevand.dk\/wp-content\/uploads\/2022\/02\/Koekk.bl_.bat2_foer-300x198.jpg 300w, https:\/\/skeevand.dk\/wp-content\/uploads\/2022\/02\/Koekk.bl_.bat2_foer-768x507.jpg 768w, https:\/\/skeevand.dk\/wp-content\/uploads\/2022\/02\/Koekk.bl_.bat2_foer.jpg 1280w\" sizes=\"auto, (max-width: 767px) 89vw, (max-width: 1000px) 54vw, (max-width: 1071px) 543px, 580px\" \/><figcaption>F\u00d8R &#8211; h\u00e5rd kalkbel\u00e6gning<\/figcaption><\/figure>\n\n\n\n<figure class=\"wp-block-image size-large\"><img loading=\"lazy\" decoding=\"async\" width=\"1024\" height=\"742\" data-id=\"3009\" src=\"https:\/\/skeevand.dk\/wp-content\/uploads\/2022\/02\/Koekk.bl_.bat_afkalket-1024x742.jpg\" alt=\"\" class=\"wp-image-3009\" srcset=\"https:\/\/skeevand.dk\/wp-content\/uploads\/2022\/02\/Koekk.bl_.bat_afkalket-1024x742.jpg 1024w, https:\/\/skeevand.dk\/wp-content\/uploads\/2022\/02\/Koekk.bl_.bat_afkalket-300x217.jpg 300w, https:\/\/skeevand.dk\/wp-content\/uploads\/2022\/02\/Koekk.bl_.bat_afkalket-768x556.jpg 768w, https:\/\/skeevand.dk\/wp-content\/uploads\/2022\/02\/Koekk.bl_.bat_afkalket.jpg 1280w\" sizes=\"auto, (max-width: 767px) 89vw, (max-width: 1000px) 54vw, (max-width: 1071px) 543px, 580px\" \/><figcaption>Afsyret &#8211; eddikesyre &amp; svamp<\/figcaption><\/figure>\n\n\n\n<figure class=\"wp-block-image size-large\"><img loading=\"lazy\" decoding=\"async\" width=\"1024\" height=\"715\" data-id=\"3011\" src=\"https:\/\/skeevand.dk\/wp-content\/uploads\/2022\/02\/Koekk.bl_.batt3_EFTER-1024x715.jpg\" alt=\"\" class=\"wp-image-3011\" srcset=\"https:\/\/skeevand.dk\/wp-content\/uploads\/2022\/02\/Koekk.bl_.batt3_EFTER-1024x715.jpg 1024w, https:\/\/skeevand.dk\/wp-content\/uploads\/2022\/02\/Koekk.bl_.batt3_EFTER-300x210.jpg 300w, https:\/\/skeevand.dk\/wp-content\/uploads\/2022\/02\/Koekk.bl_.batt3_EFTER-768x536.jpg 768w, https:\/\/skeevand.dk\/wp-content\/uploads\/2022\/02\/Koekk.bl_.batt3_EFTER.jpg 1280w\" sizes=\"auto, (max-width: 767px) 89vw, (max-width: 1000px) 54vw, (max-width: 1071px) 543px, 580px\" \/><figcaption>EFTER &#8211; Kalkbel\u00e6gning 3,5 m\u00e5ned<\/figcaption><\/figure>\n<figcaption class=\"blocks-gallery-caption\">Kalkfors\u00f8g p\u00e5 k\u00f8kkenvask &#8211; <strong>F\u00d8R<\/strong> &#8211; <strong>Afkalket<\/strong> &#8211; <strong>EFTER<\/strong> 3,5 m\u00e5ned<\/figcaption><\/figure>\n\n\n\n<p><\/p>\n","protected":false},"excerpt":{"rendered":"<p>Herunder registrering af kalkudf\u00e6ldningen, efter 3,5 m\u00e5neders brug, p\u00e5 og omkring afkalket rustfri k\u00f8kkenvask, omkring blandingsbatteri. (S\u00e5fremt et billede herunder \u00f8nskes set i st\u00f8rre format ; H\u00f8jreklik da p\u00e5 billedet og klik derefter p\u00e5 &#8211;\u00e5bn billede i nyt faneblad-) K\u00f8kkenvask f\u00f8r afkalkning m. syre\/afskuret m. grov svamp. Bel\u00e6gningen er h\u00e5rd, fastsiddende og p\u00e5 formen calcit, &hellip; <\/p>\n<p class=\"link-more\"><a href=\"https:\/\/skeevand.dk\/?page_id=2979\" class=\"more-link\">L\u00e6s videre<span class=\"screen-reader-text\"> &#8220;Kalkfors\u00f8get &#8211; K\u00d8KKENVASK \/ Bla.batt.&#8221;<\/span><\/a><\/p>\n","protected":false},"author":1,"featured_media":0,"parent":2883,"menu_order":0,"comment_status":"closed","ping_status":"closed","template":"","meta":{"footnotes":""},"class_list":["post-2979","page","type-page","status-publish","hentry"],"_links":{"self":[{"href":"https:\/\/skeevand.dk\/index.php?rest_route=\/wp\/v2\/pages\/2979","targetHints":{"allow":["GET"]}}],"collection":[{"href":"https:\/\/skeevand.dk\/index.php?rest_route=\/wp\/v2\/pages"}],"about":[{"href":"https:\/\/skeevand.dk\/index.php?rest_route=\/wp\/v2\/types\/page"}],"author":[{"embeddable":true,"href":"https:\/\/skeevand.dk\/index.php?rest_route=\/wp\/v2\/users\/1"}],"replies":[{"embeddable":true,"href":"https:\/\/skeevand.dk\/index.php?rest_route=%2Fwp%2Fv2%2Fcomments&post=2979"}],"version-history":[{"count":5,"href":"https:\/\/skeevand.dk\/index.php?rest_route=\/wp\/v2\/pages\/2979\/revisions"}],"predecessor-version":[{"id":3020,"href":"https:\/\/skeevand.dk\/index.php?rest_route=\/wp\/v2\/pages\/2979\/revisions\/3020"}],"up":[{"embeddable":true,"href":"https:\/\/skeevand.dk\/index.php?rest_route=\/wp\/v2\/pages\/2883"}],"wp:attachment":[{"href":"https:\/\/skeevand.dk\/index.php?rest_route=%2Fwp%2Fv2%2Fmedia&parent=2979"}],"curies":[{"name":"wp","href":"https:\/\/api.w.org\/{rel}","templated":true}]}}