{"id":2883,"date":"2022-01-29T15:41:53","date_gmt":"2022-01-29T14:41:53","guid":{"rendered":"https:\/\/skeevand.dk\/?page_id=2883"},"modified":"2025-03-13T10:51:56","modified_gmt":"2025-03-13T09:51:56","slug":"kalkforsoeget-hos-skee-vandvaerk","status":"publish","type":"page","link":"https:\/\/skeevand.dk\/?page_id=2883","title":{"rendered":"Kalkfors\u00f8get hos Skee Vandv\u00e6rk"},"content":{"rendered":"\n<p class=\"has-medium-font-size\"><strong><u>Beskrivelse &amp; Konklusion \u2013 Kalkknuserfors\u00f8get hos Skee Vandv\u00e6rk :<\/u><\/strong><\/p>\n\n\n\n<p class=\"has-vivid-cyan-blue-color has-text-color\"><strong>P\u00e5 Skee Vandv\u00e6rk&#8217;s generalforsamling d. 23-2-2022, blev det vedtaget, med markant tilslutning, at vi p\u00e5 v\u00e6rket etablerer central kalkbehandling  jf. fors\u00f8get, som beskrevet herunder.<\/strong><\/p>\n\n\n\n<p>I forl\u00e6ngelse af debatten om central kalkbehandling\/afkalkning p\u00e5 vandv\u00e6rker, og som f\u00f8lge af en beslutning p\u00e5 generalforsamlingen d. 8. juni 2021 i Skee Vandv\u00e6rk, igangsatte vi et \u201d<em>kalkknuserfors\u00f8g<\/em>\u201d hos tre udvalgte forbrugere p\u00e5 vores ledningsnet.  <a href=\"https:\/\/skeevand.dk\/wp-content\/uploads\/2022\/05\/Beskrivelse_Forsoeg_Amtech.mp4\">&#8220;Stemningsvideo&#8221; med beskrivelse og forklaring v. nyvasket, friseret og p\u00e6nt p\u00e5kl\u00e6dt formand her.<\/a><\/p>\n\n\n\n<div class=\"wp-block-media-text alignwide is-stacked-on-mobile\" style=\"grid-template-columns:41% auto\"><figure class=\"wp-block-media-text__media\"><img loading=\"lazy\" decoding=\"async\" width=\"351\" height=\"305\" src=\"https:\/\/skeevand.dk\/wp-content\/uploads\/2022\/01\/Kalkknuser_AMTech100.jpg\" alt=\"\" class=\"wp-image-2915 size-full\" srcset=\"https:\/\/skeevand.dk\/wp-content\/uploads\/2022\/01\/Kalkknuser_AMTech100.jpg 351w, https:\/\/skeevand.dk\/wp-content\/uploads\/2022\/01\/Kalkknuser_AMTech100-300x261.jpg 300w\" sizes=\"auto, (max-width: 351px) 100vw, 351px\" \/><\/figure><div class=\"wp-block-media-text__content\">\n<p style=\"font-size:17px\">Fors\u00f8get er gennemf\u00f8rt i samarbejde med <a href=\"https:\/\/kalkknuser.dk\/\">Amtech AquaMilj\u00f8,<\/a> som er virksomheden bag \u201d<em>Kalkknuseren<\/em>\u201d, og som har stillet kalkknusere til r\u00e5dighed for fors\u00f8get. Teknologien fordrer en fastg\u00f8relse af en ultralydgiver p\u00e5 forsyningsledningsnettet.<\/p>\n<\/div><\/div>\n\n\n\n<p>S\u00e5ledes er der ikke tale om, at foretage en filtreringsm\u00e6ssig eller kemisk reduktion af kalkindholdet i vandet, men alene en kalkmolekylem\u00e6ssig \u00e6ndring s\u00e5ledes, at kalken i vandet opn\u00e5r en mindre tilb\u00f8jelighed til, at aflejres som den h\u00e5rde kalkdannelse, der ogs\u00e5 kendes som calcit \/ calciumkarbonat \/ CaCO<sub>3<\/sub> . S\u00e5ledes er teknologien IKKE i direkte kontakt med drikkevandet, og kr\u00e6ver derfor heller ikke s\u00e6rskilt tilladelse, hos den lokale myndighed. Du kan se mere p\u00e5 <a href=\"https:\/\/kalkknuser.dk\/\">https:\/\/kalkknuser.dk\/<\/a><\/p>\n\n\n\n<p class=\"has-medium-font-size\"><strong><u>S\u00e5dan har vi gjort :<\/u><\/strong><\/p>\n\n\n\n<p><em><strong>VARIGHED :<\/strong><\/em> Fors\u00f8gsstart primo oktober 2021 &#8211;&nbsp; Afsluttet\/status ultimo januar 2022.<\/p>\n\n\n\n<p><em><strong>HOS FORBRUGERE ;<\/strong><\/em><\/p>\n\n\n\n<ul class=\"wp-block-list\">\n<li>Bente &amp; Ole \u2013 omkring k\u00f8kkenvask, kogekedel og &#8220;<em>lidt<\/em>&#8221; kaffekolbe.<\/li>\n\n\n\n<li>Skee IS \u2013 varmeflade \/ gennemstr\u00f8mningsvarmer med el-varmelegeme.<\/li>\n\n\n\n<li>LBH \u2013 Perlatore, kogekedel og \u00e6ggegryde &#8211; (og lidt bonus).<\/li>\n<\/ul>\n\n\n\n<p>Hos de valgte \u201d<em>fors\u00f8gsdeltagere<\/em>\u201d, har vi foretaget en registrering af kalkbel\u00e6gninger\/-aflejringer i en F\u00d8R-situation \u2013 INDEN afkalkning. Derp\u00e5 en registrering af den AFKALKEDE situation, og ved fors\u00f8gets afslutning, 3,5 m\u00e5neder senere, en registrering af EFTER-situationen. Dette har afstedkommet en fotoregistrering med tilh\u00f8rende noter, der p\u00e5 en &#8220;<em>tilstr\u00e6bt bedre formidlingsm\u00e6ssig form<\/em>&#8220;, kan ses p\u00e5 siderne herunder.<\/p>\n\n\n\n<p class=\"has-vivid-cyan-blue-color has-text-color\"><em><strong>SYN FOR SAGEN &#8211; EFTER FORS\u00d8GET ;<\/strong><\/em><\/p>\n\n\n\n<ul class=\"wp-block-list\">\n<li>Kalkfors\u00f8get \u2013 <a href=\"https:\/\/skeevand.dk\/?page_id=2847\">GENNEMSTR\u00d8MNINGSVANDVARMER<\/a><\/li>\n\n\n\n<li>Kalkfors\u00f8get \u2013 <a href=\"https:\/\/skeevand.dk\/?page_id=2718\">GRYDE<\/a><\/li>\n\n\n\n<li>Kalkfors\u00f8get \u2013 <a href=\"https:\/\/skeevand.dk\/?page_id=2792\">PERLATORE<\/a> p\u00e5 vandhaner<\/li>\n\n\n\n<li>Kalkfors\u00f8get \u2013 <a href=\"https:\/\/skeevand.dk\/?page_id=2811\">KOGEKEDEL<\/a><\/li>\n\n\n\n<li>Kalkfors\u00f8get \u2013 <a href=\"https:\/\/skeevand.dk\/?page_id=2979\">K\u00d8KKENVASK<\/a><\/li>\n<\/ul>\n\n\n\n<p>H\u00e5rdheden p\u00e5 vandet fra Skee Vandv\u00e6rk, ligger p\u00e5 ca. 20\u00b0dH, som m\u00e5 betegnes som h\u00e5rdt vand !\u00a0 (\u00b0dH = Deutsche H\u00e4rte)\u00a0<a href=\"https:\/\/skeevand.dk\/wp-content\/uploads\/2022\/01\/Kalkknuser_Ultralydgiver.jpg\">Alle <em>ultralydgivere \/ kalkknusere<\/em> er monteret p\u00e5 jernr\u00f8r\/galv.jernr\u00f8r<\/a> \u2013 EFTER den lokale mekaniske vandm\u00e5ler, hos forbrugeren.<\/p>\n\n\n\n<p>Udover gennemf\u00f8relsen af ovenn\u00e6vnte fors\u00f8g, har vi haft kontakt med et andet vandv\u00e6rk i kommunen &#8211; Gyrstinge Vandv\u00e6rk &#8211; som for f\u00e5 \u00e5r tilbage, har renoveret vandv\u00e6rket \/  bygningen samt etableret helt nyt vandbehandlingsanl\u00e6g. I den forbindelse blev der ogs\u00e5 monteret kalkknuser, centralt p\u00e5 v\u00e6rket. De har s\u00e5ledes delt erfaringer med os, om systemets form\u00e5en, styrker og svagheder. De kan konstatere, nogle af de samme forhold som os, dog understreger de &#8211; ikke overraskende, at jo l\u00e6ngere &#8220;<em>ud i ledningsnettet<\/em>&#8221; man kommer, jo mere aftager effekten, specielt n\u00e5r vandet skal passere forskelligt i ventiler og mekaniske-\/skovlhjulsvandm\u00e5lere. Gyrstinge Vandv\u00e6rk har en afstand, p\u00e5 op til 5km fra v\u00e6rket til &#8220;<em>yderste<\/em>&#8221; forbruger. I Skee har vi ca. 1-1,5km til &#8220;<em>yderste<\/em>&#8221; forbruger. Vi fik her ogs\u00e5 lejlighed til, at se hvordan, de ifm. igangk\u00f8ringen, gennemf\u00f8rte en brugerunders\u00f8gelse, med overvejende positive tilbagemeldinger. Stor tak til Gyrstinge Vandv\u00e6rk for, at dele erfaringer med os.<\/p>\n\n\n\n<p class=\"has-vivid-cyan-blue-color has-text-color has-large-font-size\"><strong><u>Konklusion :<\/u><\/strong><\/p>\n\n\n\n<p>Tydelig effekt ift. calcit vs. aragonit-udf\u00e6ldning.<\/p>\n\n\n\n<p>Stadig udf\u00e6ldning af kalk p\u00e5 varmeflader, men markant nemmere at fjerne mekanisk (syre ikke p\u00e5kr\u00e6vet, men kan selvf\u00f8lgelig benyttes). P\u00e5 stort varmelegeme i gennemstr\u00f8mningsvandvarmer, ses en meget anderledes kalkudf\u00e6ldning.<\/p>\n\n\n\n<p>Perlatore (og brusehoved, der ikke indg\u00e5r i fors\u00f8get) har stort set ingen aflejringer mere.<\/p>\n\n\n\n<p><strong>Smagen<\/strong> p\u00e5 vandet er up\u00e5virket, hvilket har v\u00e6ret forventet, da calciumkoncentrationen med denne behandlingsform, forbliver u\u00e6ndret i vandet.<\/p>\n\n\n\n<p>Der finder STADIG, efter 3,5 m\u00e5neders drift, en lille calcit-\/h\u00e5rd kalkudf\u00e6ldning sted, men umiddelbart i markant mindre omfang, n\u00e5r man l\u00e6gger de tre fors\u00f8gsforl\u00f8b til grund.<\/p>\n\n\n\n<p><strong>Bonus:<\/strong> Kaffemaskine\/-kolbe, (der dog ikke indg\u00e5r med &#8220;<em>fuld fokus<\/em>&#8221; i fors\u00f8get) \u201d<em>brygger<\/em>\u201d efter 3,5 m\u00e5ned stadig, uden st\u00f8rre \u201d<em>snorkelyde<\/em>\u201d \u2026 Flyderventil i toiletcisterne (ej heller med i fors\u00f8get), har med ultralydsp\u00e5virkning, modsat \u201d<em>normalsituationen<\/em>\u201d, ikke udvist tegn p\u00e5 kalkdannelse\/kalkflager i ventils\u00e6det, der f\u00e5r ventilen til <em>ikke<\/em>, at lukke korrekt \u2026 stort fremskridt !<\/p>\n\n\n\n<p class=\"has-vivid-cyan-blue-color has-text-color\"><strong>ANBEFALING:<\/strong> <strong>Set i lyset af udfaldet af det gennemf\u00f8rte fors\u00f8g, tre forskellige steder p\u00e5 vores forsyningsnet, vil vi anbefale den kommende generalforsamling (<\/strong><a href=\"https:\/\/skeevand.dk\/wp-content\/uploads\/2022\/02\/Endelig-dagsorden-paa-generalforsamling-i-Skee-vandvaerk-23-2-2022.pdf\">Onsdag d.23. februar 2022<\/a><strong>), at vedtage et s\u00e5dan system monteret p\u00e5 vandv\u00e6rket, som central vandbehandling p\u00e5 Skee Vandv\u00e6rk.<\/strong><\/p>\n\n\n\n<hr class=\"wp-block-separator has-text-color has-black-color has-css-opacity has-black-background-color has-background is-style-wide\"\/>\n\n\n\n<p style=\"font-size:17px\"><strong><u>OBS-OBS :<\/u><\/strong> Der findes ingen beskrivelser af risiko for f\u00f8lgeskader p\u00e5 installationerne efter idrifts\u00e6tning, som kendes fra afkalkningsl\u00f8sninger (med fx. salt\/osmose som i opvaskemaskinen).<\/p>\n\n\n\n<p>Der er stor risiko\/sandsynlighed for, at den indvendige side af vores ledningsnet, over en periode p\u00e5 et par m\u00e5neder efter igangk\u00f8ringen, vil \u201d<em>slippe<\/em>\u201d nogle af de aflejringer\/bel\u00e6gninger af calcium, jernoxid og mangan, som mange \u00e5rs brug har afstedkommet&nbsp; =&gt; periode med uklarheder on\/off i vandet. (Dog kanske ufarligt \u2013 Langebjergvej har kendt til et s\u00e5dan problem i en \u00e5rr\u00e6kke, specielt ifm. trykst\u00f8d i ledningsnettet).<\/p>\n\n\n\n<p>Der kan v\u00e6re en udfordring for ultralyd med, at \u201d<em>passere<\/em>\u201d mekaniske vandm\u00e5lere =&gt; fors\u00f8get\/registreringen m\u00e5 forts\u00e6tte, n\u00e5r\/hvis centralt system monteres, s\u00e5 det kan verificeres, om passagen af forbrugerens vandm\u00e5ler, har negativ\/begr\u00e6nsende virkning p\u00e5 aragonitdannelsen.<\/p>\n\n\n\n<p>Investering og drift er \u201d<em>ikke omkostningstung<\/em>\u201d ift. \u00f8vrige metoder, og vil ikke umiddelbart p\u00e5virke vores vandpris.<\/p>\n\n\n\n<p>Umiddelbart vil etableringen p\u00e5 v\u00e6rket IKKE, kr\u00e6ve nogen form for \u00e6ndring\/ombygning.<\/p>\n\n\n\n<p>Det vi kender til, ift. sundhed, p\u00e5virkninger p\u00e5 installationer etc. findes p\u00e5 <a href=\"https:\/\/skeevand.dk\/?page_id=1783\">ERFA-siden<\/a>.<\/p>\n\n\n\n<hr class=\"wp-block-separator has-text-color has-black-color has-css-opacity has-black-background-color has-background is-style-wide\"\/>\n\n\n\n<p class=\"has-medium-font-size\"><strong><u>Den \u201d<em>n\u00f8rdede<\/em>\u201dom kalkstrukturer :<\/u><\/strong><\/p>\n\n\n\n<p><em>Den termodynamisk stabile form af CaCO<sub>3<\/sub>&nbsp;under normale forhold er&nbsp;<a href=\"https:\/\/da.hrvwiki.net\/wiki\/Hexagonal_crystal_family\">sekskantet<\/a>&nbsp;\u03b2-CaCO<sub>3<\/sub>&nbsp;(mineralet&nbsp;<a href=\"https:\/\/da.hrvwiki.net\/wiki\/Calcite\">calcit<\/a>).<a href=\"https:\/\/da.hrvwiki.net\/wiki\/Calcium_carbonate#cite_note-Ropp-9\"><sup><strong>[9]<\/strong><\/sup><\/a>&nbsp;Andre former kan fremstilles, de t\u00e6ttere (2,83 g \/ cm3)<sup>3<\/sup>)&nbsp;<a href=\"https:\/\/da.hrvwiki.net\/wiki\/Orthorhombic\">orthorhombisk<\/a>&nbsp;\u03bb-CaCO<sub>3<\/sub>&nbsp; (mineralet&nbsp;<a href=\"https:\/\/da.hrvwiki.net\/wiki\/Aragonite\">aragonit<\/a>) og sekskantet \u03bc-CaCO<sub>3<\/sub> forekommer som mineralet&nbsp;<a href=\"https:\/\/da.hrvwiki.net\/wiki\/Vaterite\">vaterit<\/a>.<a href=\"https:\/\/da.hrvwiki.net\/wiki\/Calcium_carbonate#cite_note-Ropp-9\"><sup><strong>[9]<\/strong><\/sup><\/a>&nbsp;Aragonitformen kan fremstilles ved udf\u00e6ldning ved temperaturer over 85 \u00b0 C, vateritformen kan fremstilles ved udf\u00e6ldning ved 60 \u00b0 C.<a href=\"https:\/\/da.hrvwiki.net\/wiki\/Calcium_carbonate#cite_note-Ropp-9\"><sup><strong>[9]<\/strong><\/sup><\/a>&nbsp;Calcit indeholder calciumatomer koordineret af seks iltatomer, i aragonit koordineres de af ni iltatomer.<a href=\"https:\/\/da.hrvwiki.net\/wiki\/Calcium_carbonate#cite_note-Ropp-9\"><sup>[<strong>9]<\/strong><\/sup><\/a>&nbsp; Vateritstrukturen forst\u00e5s ikke fuldt ud.<a href=\"https:\/\/da.hrvwiki.net\/wiki\/Calcium_carbonate#cite_note-DemichelisRaiteri2013-10\"><sup>[<strong>10]<\/strong><\/sup><\/a><\/em><\/p>\n","protected":false},"excerpt":{"rendered":"<p>Beskrivelse &amp; Konklusion \u2013 Kalkknuserfors\u00f8get hos Skee Vandv\u00e6rk : P\u00e5 Skee Vandv\u00e6rk&#8217;s generalforsamling d. 23-2-2022, blev det vedtaget, med markant tilslutning, at vi p\u00e5 v\u00e6rket etablerer central kalkbehandling jf. fors\u00f8get, som beskrevet herunder. I forl\u00e6ngelse af debatten om central kalkbehandling\/afkalkning p\u00e5 vandv\u00e6rker, og som f\u00f8lge af en beslutning p\u00e5 generalforsamlingen d. 8. juni 2021 i &hellip; <\/p>\n<p class=\"link-more\"><a href=\"https:\/\/skeevand.dk\/?page_id=2883\" class=\"more-link\">L\u00e6s videre<span class=\"screen-reader-text\"> &#8220;Kalkfors\u00f8get hos Skee Vandv\u00e6rk&#8221;<\/span><\/a><\/p>\n","protected":false},"author":1,"featured_media":0,"parent":1783,"menu_order":0,"comment_status":"closed","ping_status":"closed","template":"","meta":{"footnotes":""},"class_list":["post-2883","page","type-page","status-publish","hentry"],"_links":{"self":[{"href":"https:\/\/skeevand.dk\/index.php?rest_route=\/wp\/v2\/pages\/2883","targetHints":{"allow":["GET"]}}],"collection":[{"href":"https:\/\/skeevand.dk\/index.php?rest_route=\/wp\/v2\/pages"}],"about":[{"href":"https:\/\/skeevand.dk\/index.php?rest_route=\/wp\/v2\/types\/page"}],"author":[{"embeddable":true,"href":"https:\/\/skeevand.dk\/index.php?rest_route=\/wp\/v2\/users\/1"}],"replies":[{"embeddable":true,"href":"https:\/\/skeevand.dk\/index.php?rest_route=%2Fwp%2Fv2%2Fcomments&post=2883"}],"version-history":[{"count":58,"href":"https:\/\/skeevand.dk\/index.php?rest_route=\/wp\/v2\/pages\/2883\/revisions"}],"predecessor-version":[{"id":4553,"href":"https:\/\/skeevand.dk\/index.php?rest_route=\/wp\/v2\/pages\/2883\/revisions\/4553"}],"up":[{"embeddable":true,"href":"https:\/\/skeevand.dk\/index.php?rest_route=\/wp\/v2\/pages\/1783"}],"wp:attachment":[{"href":"https:\/\/skeevand.dk\/index.php?rest_route=%2Fwp%2Fv2%2Fmedia&parent=2883"}],"curies":[{"name":"wp","href":"https:\/\/api.w.org\/{rel}","templated":true}]}}