{"id":2847,"date":"2022-01-29T12:12:00","date_gmt":"2022-01-29T11:12:00","guid":{"rendered":"https:\/\/skeevand.dk\/?page_id=2847"},"modified":"2025-03-13T10:53:23","modified_gmt":"2025-03-13T09:53:23","slug":"kalkforsoeget-gennemstroemnings-varmelegme","status":"publish","type":"page","link":"https:\/\/skeevand.dk\/?page_id=2847","title":{"rendered":"Kalkfors\u00f8get &#8211; GENNEM-STR\u00d8MNINGSVANDVARMER"},"content":{"rendered":"\n<p style=\"font-size:24px\">Herunder registrering af kalkudf\u00e6ldningen, efter 3,5 m\u00e5neders brug, p\u00e5 el-varmelegeme i gennemstr\u00f8mningsvandvarmer, hos Skee Is.<\/p>\n\n\n\n<p class=\"has-vivid-cyan-blue-color has-text-color\">(S\u00e5fremt et billede herunder \u00f8nskes set i st\u00f8rre format ; <strong>H\u00f8jreklik da p\u00e5 billedet<\/strong> og klik derefter p\u00e5 &#8211;<em><strong>\u00e5bn billede i nyt faneblad<\/strong>-)<\/em><\/p>\n\n\n\n<hr class=\"wp-block-separator has-text-color has-background has-vivid-cyan-blue-background-color has-vivid-cyan-blue-color is-style-wide\"\/>\n\n\n\n<div class=\"wp-block-media-text alignwide is-stacked-on-mobile\" style=\"grid-template-columns:53% auto\"><figure class=\"wp-block-media-text__media\"><img loading=\"lazy\" decoding=\"async\" width=\"1024\" height=\"726\" src=\"https:\/\/skeevand.dk\/wp-content\/uploads\/2022\/01\/Varmelegeme_bund_foer-1024x726.jpg\" alt=\"\" class=\"wp-image-2853 size-full\" srcset=\"https:\/\/skeevand.dk\/wp-content\/uploads\/2022\/01\/Varmelegeme_bund_foer-1024x726.jpg 1024w, https:\/\/skeevand.dk\/wp-content\/uploads\/2022\/01\/Varmelegeme_bund_foer-300x213.jpg 300w, https:\/\/skeevand.dk\/wp-content\/uploads\/2022\/01\/Varmelegeme_bund_foer-768x545.jpg 768w, https:\/\/skeevand.dk\/wp-content\/uploads\/2022\/01\/Varmelegeme_bund_foer.jpg 1280w\" sizes=\"auto, (max-width: 767px) 89vw, (max-width: 1000px) 54vw, (max-width: 1071px) 543px, 580px\" \/><\/figure><div class=\"wp-block-media-text__content\">\n<p class=\"has-medium-font-size\">Varmelegemebund f\u00f8r afkalkning m. syre. Bel\u00e6gningen er h\u00e5rd og en del l\u00f8srevede calcitskaller er ophobet i bunden. Ophobningen udg\u00f8r en risiko for varmelegemet. <em><strong>Calcit<\/strong><\/em> \/calcium-karbonat &#8211; CaCO<sub>3<\/sub><\/p>\n<\/div><\/div>\n\n\n\n<div class=\"wp-block-media-text alignwide is-stacked-on-mobile\" style=\"grid-template-columns:31% auto\"><figure class=\"wp-block-media-text__media\"><img loading=\"lazy\" decoding=\"async\" width=\"681\" height=\"1024\" src=\"https:\/\/skeevand.dk\/wp-content\/uploads\/2022\/01\/Varmelegeme_bund_afsyret.jpg\" alt=\"\" class=\"wp-image-2855 size-full\" srcset=\"https:\/\/skeevand.dk\/wp-content\/uploads\/2022\/01\/Varmelegeme_bund_afsyret.jpg 681w, https:\/\/skeevand.dk\/wp-content\/uploads\/2022\/01\/Varmelegeme_bund_afsyret-200x300.jpg 200w\" sizes=\"auto, (max-width: 681px) 100vw, 681px\" \/><\/figure><div class=\"wp-block-media-text__content\">\n<p class=\"has-medium-font-size\">Afsyret varmelegeme, her bunden af elementet. I toppen sidder stadig lidt calcit-rester fra f\u00f8r afsyringen.<\/p>\n<\/div><\/div>\n\n\n\n<div class=\"wp-block-media-text alignwide is-stacked-on-mobile\" style=\"grid-template-columns:53% auto\"><figure class=\"wp-block-media-text__media\"><img loading=\"lazy\" decoding=\"async\" width=\"1024\" height=\"768\" src=\"https:\/\/skeevand.dk\/wp-content\/uploads\/2022\/01\/Varmelegeme_bund_efter-1024x768.jpg\" alt=\"\" class=\"wp-image-2858 size-full\" srcset=\"https:\/\/skeevand.dk\/wp-content\/uploads\/2022\/01\/Varmelegeme_bund_efter-1024x768.jpg 1024w, https:\/\/skeevand.dk\/wp-content\/uploads\/2022\/01\/Varmelegeme_bund_efter-300x225.jpg 300w, https:\/\/skeevand.dk\/wp-content\/uploads\/2022\/01\/Varmelegeme_bund_efter-768x576.jpg 768w, https:\/\/skeevand.dk\/wp-content\/uploads\/2022\/01\/Varmelegeme_bund_efter.jpg 1280w\" sizes=\"auto, (max-width: 767px) 89vw, (max-width: 1000px) 54vw, (max-width: 1071px) 543px, 580px\" \/><\/figure><div class=\"wp-block-media-text__content\">\n<p class=\"has-medium-font-size\">Bund af varmelegeme efter 3,5 m\u00e5neds brug. Den afsatte aragonit skylder ud ifm. demonteringen. Se video herunder.<\/p>\n<\/div><\/div>\n\n\n\n<hr class=\"wp-block-separator has-text-color has-background has-vivid-cyan-blue-background-color has-vivid-cyan-blue-color is-style-wide\"\/>\n\n\n\n<div class=\"wp-block-media-text alignwide is-stacked-on-mobile\" style=\"grid-template-columns:66% auto\"><figure class=\"wp-block-media-text__media\"><video controls src=\"https:\/\/skeevand.dk\/wp-content\/uploads\/2022\/01\/Varmeflade_SkeeIS_efter.mp4\"><\/video><\/figure><div class=\"wp-block-media-text__content\">\n<p class=\"has-medium-font-size\">Efter 3,5 m\u00e5neds brug. Den afsatte aragonit skyller v\u00e6k ifm. adskillelsen af vandvarmeren.  (Video).<\/p>\n<\/div><\/div>\n\n\n\n<hr class=\"wp-block-separator has-text-color has-background has-vivid-cyan-blue-background-color has-vivid-cyan-blue-color is-style-wide\"\/>\n\n\n\n<figure class=\"wp-block-gallery has-nested-images columns-default is-cropped wp-block-gallery-1 is-layout-flex wp-block-gallery-is-layout-flex\">\n<figure class=\"wp-block-image size-large\"><img loading=\"lazy\" decoding=\"async\" width=\"1024\" height=\"726\" data-id=\"2853\" src=\"https:\/\/skeevand.dk\/wp-content\/uploads\/2022\/01\/Varmelegeme_bund_foer-1024x726.jpg\" alt=\"\" class=\"wp-image-2853\" srcset=\"https:\/\/skeevand.dk\/wp-content\/uploads\/2022\/01\/Varmelegeme_bund_foer-1024x726.jpg 1024w, https:\/\/skeevand.dk\/wp-content\/uploads\/2022\/01\/Varmelegeme_bund_foer-300x213.jpg 300w, https:\/\/skeevand.dk\/wp-content\/uploads\/2022\/01\/Varmelegeme_bund_foer-768x545.jpg 768w, https:\/\/skeevand.dk\/wp-content\/uploads\/2022\/01\/Varmelegeme_bund_foer.jpg 1280w\" sizes=\"auto, (max-width: 767px) 89vw, (max-width: 1000px) 54vw, (max-width: 1071px) 543px, 580px\" \/><figcaption>F\u00d8R &#8211; h\u00e5rde kalkskaller<\/figcaption><\/figure>\n\n\n\n<figure class=\"wp-block-image size-full\"><img loading=\"lazy\" decoding=\"async\" width=\"681\" height=\"1024\" data-id=\"2855\" src=\"https:\/\/skeevand.dk\/wp-content\/uploads\/2022\/01\/Varmelegeme_bund_afsyret.jpg\" alt=\"\" class=\"wp-image-2855\" srcset=\"https:\/\/skeevand.dk\/wp-content\/uploads\/2022\/01\/Varmelegeme_bund_afsyret.jpg 681w, https:\/\/skeevand.dk\/wp-content\/uploads\/2022\/01\/Varmelegeme_bund_afsyret-200x300.jpg 200w\" sizes=\"auto, (max-width: 681px) 100vw, 681px\" \/><figcaption>Afsyret<\/figcaption><\/figure>\n\n\n\n<figure class=\"wp-block-image size-large\"><img loading=\"lazy\" decoding=\"async\" width=\"1024\" height=\"768\" data-id=\"2858\" src=\"https:\/\/skeevand.dk\/wp-content\/uploads\/2022\/01\/Varmelegeme_bund_efter-1024x768.jpg\" alt=\"\" class=\"wp-image-2858\" srcset=\"https:\/\/skeevand.dk\/wp-content\/uploads\/2022\/01\/Varmelegeme_bund_efter-1024x768.jpg 1024w, https:\/\/skeevand.dk\/wp-content\/uploads\/2022\/01\/Varmelegeme_bund_efter-300x225.jpg 300w, https:\/\/skeevand.dk\/wp-content\/uploads\/2022\/01\/Varmelegeme_bund_efter-768x576.jpg 768w, https:\/\/skeevand.dk\/wp-content\/uploads\/2022\/01\/Varmelegeme_bund_efter.jpg 1280w\" sizes=\"auto, (max-width: 767px) 89vw, (max-width: 1000px) 54vw, (max-width: 1071px) 543px, 580px\" \/><figcaption>EFTER &#8211; 3,5 m\u00e5ned<\/figcaption><\/figure>\n<figcaption class=\"blocks-gallery-caption\">Kalkfors\u00f8g Bund af EL-varmelegeme &#8211; <strong>F\u00d8R<\/strong> &#8211; <strong>Afsyret<\/strong> &#8211; <strong>EFTER<\/strong> 3,5 m\u00e5ned<\/figcaption><\/figure>\n\n\n\n<p class=\"has-medium-font-size\">F\u00f8r-situationen viser ophobningen, af en del h\u00e5rde kalkfragmenter, der samler sig i bunden af gennemstr\u00f8mningsvandvarmeren. Som f\u00f8lge heraf, kan der opst\u00e5 den situation, at varmelegemet ikke kan &#8220;<em>komme af med<\/em>&#8221; den afsatte effekt, hvorfor varme-legemet risikerer at br\u00e6nde sammen\/kortslutte.<\/p>\n\n\n\n<hr class=\"wp-block-separator has-text-color has-background has-vivid-cyan-blue-background-color has-vivid-cyan-blue-color is-style-wide\"\/>\n\n\n\n<figure class=\"wp-block-gallery has-nested-images columns-default is-cropped wp-block-gallery-2 is-layout-flex wp-block-gallery-is-layout-flex\">\n<figure class=\"wp-block-image size-full\"><img loading=\"lazy\" decoding=\"async\" width=\"684\" height=\"1024\" data-id=\"2851\" src=\"https:\/\/skeevand.dk\/wp-content\/uploads\/2022\/01\/Varmelegeme_foer.jpg\" alt=\"\" class=\"wp-image-2851\" srcset=\"https:\/\/skeevand.dk\/wp-content\/uploads\/2022\/01\/Varmelegeme_foer.jpg 684w, https:\/\/skeevand.dk\/wp-content\/uploads\/2022\/01\/Varmelegeme_foer-200x300.jpg 200w\" sizes=\"auto, (max-width: 684px) 100vw, 684px\" \/><figcaption>F\u00d8R &#8211; h\u00e5rde kalkskaller<\/figcaption><\/figure>\n\n\n\n<figure class=\"wp-block-image size-full\"><img loading=\"lazy\" decoding=\"async\" width=\"681\" height=\"1024\" data-id=\"2854\" src=\"https:\/\/skeevand.dk\/wp-content\/uploads\/2022\/01\/Varmelegeme_afsyret.jpg\" alt=\"\" class=\"wp-image-2854\" srcset=\"https:\/\/skeevand.dk\/wp-content\/uploads\/2022\/01\/Varmelegeme_afsyret.jpg 681w, https:\/\/skeevand.dk\/wp-content\/uploads\/2022\/01\/Varmelegeme_afsyret-200x300.jpg 200w\" sizes=\"auto, (max-width: 681px) 100vw, 681px\" \/><figcaption>Afsyret<\/figcaption><\/figure>\n\n\n\n<figure class=\"wp-block-image size-full\"><img loading=\"lazy\" decoding=\"async\" width=\"601\" height=\"1024\" data-id=\"2859\" src=\"https:\/\/skeevand.dk\/wp-content\/uploads\/2022\/01\/Varmelegeme_efter.jpg\" alt=\"\" class=\"wp-image-2859\" srcset=\"https:\/\/skeevand.dk\/wp-content\/uploads\/2022\/01\/Varmelegeme_efter.jpg 601w, https:\/\/skeevand.dk\/wp-content\/uploads\/2022\/01\/Varmelegeme_efter-176x300.jpg 176w\" sizes=\"auto, (max-width: 601px) 100vw, 601px\" \/><figcaption>EFTER &#8211; 3,5 m\u00e5ned<\/figcaption><\/figure>\n<figcaption class=\"blocks-gallery-caption\">Kalkfors\u00f8g hele EL-varmelegemet &#8211; <strong>F\u00d8R<\/strong> &#8211; <strong>Afsyret<\/strong> &#8211; <strong>EFTER<\/strong> 3,5 m\u00e5ned<\/figcaption><\/figure>\n\n\n\n<hr class=\"wp-block-separator has-text-color has-background has-vivid-cyan-blue-background-color has-vivid-cyan-blue-color is-style-wide\"\/>\n\n\n\n<figure class=\"wp-block-gallery has-nested-images columns-default is-cropped wp-block-gallery-3 is-layout-flex wp-block-gallery-is-layout-flex\">\n<figure class=\"wp-block-image size-large\"><img loading=\"lazy\" decoding=\"async\" width=\"595\" height=\"1024\" data-id=\"2871\" src=\"https:\/\/skeevand.dk\/wp-content\/uploads\/2022\/01\/Varmelegeme_m_calcitrest_foer-595x1024.jpg\" alt=\"\" class=\"wp-image-2871\" srcset=\"https:\/\/skeevand.dk\/wp-content\/uploads\/2022\/01\/Varmelegeme_m_calcitrest_foer-595x1024.jpg 595w, https:\/\/skeevand.dk\/wp-content\/uploads\/2022\/01\/Varmelegeme_m_calcitrest_foer-174x300.jpg 174w, https:\/\/skeevand.dk\/wp-content\/uploads\/2022\/01\/Varmelegeme_m_calcitrest_foer-rotated.jpg 744w\" sizes=\"auto, (max-width: 595px) 100vw, 595px\" \/><figcaption>F\u00d8R &#8211; calcitaflejring \u00f8verst<\/figcaption><\/figure>\n\n\n\n<figure class=\"wp-block-image size-full\"><img loading=\"lazy\" decoding=\"async\" width=\"681\" height=\"1024\" data-id=\"2856\" src=\"https:\/\/skeevand.dk\/wp-content\/uploads\/2022\/01\/Varmelegeme_m_calcitrest_afsyret.jpg\" alt=\"\" class=\"wp-image-2856\" srcset=\"https:\/\/skeevand.dk\/wp-content\/uploads\/2022\/01\/Varmelegeme_m_calcitrest_afsyret.jpg 681w, https:\/\/skeevand.dk\/wp-content\/uploads\/2022\/01\/Varmelegeme_m_calcitrest_afsyret-200x300.jpg 200w\" sizes=\"auto, (max-width: 681px) 100vw, 681px\" \/><figcaption>Afsyret &#8211; calcit forbliver \u00f8verst<\/figcaption><\/figure>\n\n\n\n<figure class=\"wp-block-image size-large\"><img loading=\"lazy\" decoding=\"async\" width=\"768\" height=\"1024\" data-id=\"2872\" src=\"https:\/\/skeevand.dk\/wp-content\/uploads\/2022\/01\/Varmelegeme_m_calcitrest_efter-768x1024.jpg\" alt=\"\" class=\"wp-image-2872\" srcset=\"https:\/\/skeevand.dk\/wp-content\/uploads\/2022\/01\/Varmelegeme_m_calcitrest_efter-768x1024.jpg 768w, https:\/\/skeevand.dk\/wp-content\/uploads\/2022\/01\/Varmelegeme_m_calcitrest_efter-225x300.jpg 225w, https:\/\/skeevand.dk\/wp-content\/uploads\/2022\/01\/Varmelegeme_m_calcitrest_efter-rotated.jpg 960w\" sizes=\"auto, (max-width: 767px) 89vw, (max-width: 1000px) 54vw, (max-width: 1071px) 543px, 580px\" \/><figcaption>EFTER &#8211; 3,5 m\u00e5ned, calcit \u00f8verst<\/figcaption><\/figure>\n<figcaption class=\"blocks-gallery-caption\">Kalkfors\u00f8g EL-varmelegeme, calcit-aflejring \u00f8verst &#8211; <strong>F\u00d8R<\/strong> &#8211; <strong>Afsyret<\/strong> &#8211; <strong>EFTER<\/strong> 3,5 m\u00e5ned<\/figcaption><\/figure>\n","protected":false},"excerpt":{"rendered":"<p>Herunder registrering af kalkudf\u00e6ldningen, efter 3,5 m\u00e5neders brug, p\u00e5 el-varmelegeme i gennemstr\u00f8mningsvandvarmer, hos Skee Is. (S\u00e5fremt et billede herunder \u00f8nskes set i st\u00f8rre format ; H\u00f8jreklik da p\u00e5 billedet og klik derefter p\u00e5 &#8211;\u00e5bn billede i nyt faneblad-) Varmelegemebund f\u00f8r afkalkning m. syre. Bel\u00e6gningen er h\u00e5rd og en del l\u00f8srevede calcitskaller er ophobet i bunden. &hellip; <\/p>\n<p class=\"link-more\"><a href=\"https:\/\/skeevand.dk\/?page_id=2847\" class=\"more-link\">L\u00e6s videre<span class=\"screen-reader-text\"> &#8220;Kalkfors\u00f8get &#8211; GENNEM-STR\u00d8MNINGSVANDVARMER&#8221;<\/span><\/a><\/p>\n","protected":false},"author":1,"featured_media":0,"parent":2883,"menu_order":0,"comment_status":"closed","ping_status":"closed","template":"","meta":{"footnotes":""},"class_list":["post-2847","page","type-page","status-publish","hentry"],"_links":{"self":[{"href":"https:\/\/skeevand.dk\/index.php?rest_route=\/wp\/v2\/pages\/2847","targetHints":{"allow":["GET"]}}],"collection":[{"href":"https:\/\/skeevand.dk\/index.php?rest_route=\/wp\/v2\/pages"}],"about":[{"href":"https:\/\/skeevand.dk\/index.php?rest_route=\/wp\/v2\/types\/page"}],"author":[{"embeddable":true,"href":"https:\/\/skeevand.dk\/index.php?rest_route=\/wp\/v2\/users\/1"}],"replies":[{"embeddable":true,"href":"https:\/\/skeevand.dk\/index.php?rest_route=%2Fwp%2Fv2%2Fcomments&post=2847"}],"version-history":[{"count":20,"href":"https:\/\/skeevand.dk\/index.php?rest_route=\/wp\/v2\/pages\/2847\/revisions"}],"predecessor-version":[{"id":2885,"href":"https:\/\/skeevand.dk\/index.php?rest_route=\/wp\/v2\/pages\/2847\/revisions\/2885"}],"up":[{"embeddable":true,"href":"https:\/\/skeevand.dk\/index.php?rest_route=\/wp\/v2\/pages\/2883"}],"wp:attachment":[{"href":"https:\/\/skeevand.dk\/index.php?rest_route=%2Fwp%2Fv2%2Fmedia&parent=2847"}],"curies":[{"name":"wp","href":"https:\/\/api.w.org\/{rel}","templated":true}]}}