{"id":2792,"date":"2022-01-28T18:05:23","date_gmt":"2022-01-28T17:05:23","guid":{"rendered":"https:\/\/skeevand.dk\/?page_id=2792"},"modified":"2025-03-13T10:54:26","modified_gmt":"2025-03-13T09:54:26","slug":"kalkforsoeget-perlatorer","status":"publish","type":"page","link":"https:\/\/skeevand.dk\/?page_id=2792","title":{"rendered":"Kalkfors\u00f8get &#8211; PERLATORE p\u00e5 vandhaner"},"content":{"rendered":"\n<p style=\"font-size:24px\">Herunder registrering af kalkudf\u00e6ldningen efter 3,5 m\u00e5neders brug, i vandhaneperla-torene p\u00e5 badev\u00e6relse hhv. k\u00f8kken &#8211; &#8220;<em>Nu med bruserhoved-bonus<\/em>&#8220;&#8230;<\/p>\n\n\n\n<p class=\"has-vivid-cyan-blue-color has-text-color\">(S\u00e5fremt et billede herunder \u00f8nskes set i st\u00f8rre format ; <strong>H\u00f8jreklik da p\u00e5 billedet<\/strong> og klik derefter p\u00e5 &#8211;<em><strong>\u00e5bn billede i nyt faneblad<\/strong>-)<\/em><\/p>\n\n\n\n<hr class=\"wp-block-separator has-text-color has-vivid-cyan-blue-color has-css-opacity has-vivid-cyan-blue-background-color has-background is-style-wide\"\/>\n\n\n\n<div class=\"wp-block-media-text alignwide is-stacked-on-mobile\" style=\"grid-template-columns:55% auto\"><figure class=\"wp-block-media-text__media\"><img loading=\"lazy\" decoding=\"async\" width=\"1024\" height=\"560\" src=\"https:\/\/skeevand.dk\/wp-content\/uploads\/2022\/01\/Perlator-foer-1024x560.jpg\" alt=\"\" class=\"wp-image-2802 size-full\" srcset=\"https:\/\/skeevand.dk\/wp-content\/uploads\/2022\/01\/Perlator-foer-1024x560.jpg 1024w, https:\/\/skeevand.dk\/wp-content\/uploads\/2022\/01\/Perlator-foer-300x164.jpg 300w, https:\/\/skeevand.dk\/wp-content\/uploads\/2022\/01\/Perlator-foer-768x420.jpg 768w, https:\/\/skeevand.dk\/wp-content\/uploads\/2022\/01\/Perlator-foer.jpg 1280w\" sizes=\"auto, (max-width: 767px) 89vw, (max-width: 1000px) 54vw, (max-width: 1071px) 543px, 580px\" \/><\/figure><div class=\"wp-block-media-text__content\">\n<p class=\"has-medium-font-size\">Perlatore f\u00f8r afkalkning m. syre. Bel\u00e6gningen er h\u00e5rd, fastsiddende og p\u00e5 formen <em><strong>calcit<\/strong><\/em> \/ calcium-karbonat &#8211; CaCO<sub>3<\/sub><\/p>\n<\/div><\/div>\n\n\n\n<div class=\"wp-block-media-text alignwide is-stacked-on-mobile\" style=\"grid-template-columns:56% auto\"><figure class=\"wp-block-media-text__media\"><img loading=\"lazy\" decoding=\"async\" width=\"1024\" height=\"569\" src=\"https:\/\/skeevand.dk\/wp-content\/uploads\/2022\/01\/Afkalket-Perlator-1024x569.jpg\" alt=\"\" class=\"wp-image-2798 size-full\" srcset=\"https:\/\/skeevand.dk\/wp-content\/uploads\/2022\/01\/Afkalket-Perlator-1024x569.jpg 1024w, https:\/\/skeevand.dk\/wp-content\/uploads\/2022\/01\/Afkalket-Perlator-300x167.jpg 300w, https:\/\/skeevand.dk\/wp-content\/uploads\/2022\/01\/Afkalket-Perlator-768x427.jpg 768w, https:\/\/skeevand.dk\/wp-content\/uploads\/2022\/01\/Afkalket-Perlator.jpg 1280w\" sizes=\"auto, (max-width: 767px) 89vw, (max-width: 1000px) 54vw, (max-width: 1071px) 543px, 580px\" \/><\/figure><div class=\"wp-block-media-text__content\">\n<p class=\"has-medium-font-size\">Afkalkede perlatore. Afkalket m. eddikesyre.<\/p>\n<\/div><\/div>\n\n\n\n<div class=\"wp-block-media-text alignwide is-stacked-on-mobile\" style=\"grid-template-columns:56% auto\"><figure class=\"wp-block-media-text__media\"><img loading=\"lazy\" decoding=\"async\" width=\"1024\" height=\"538\" src=\"https:\/\/skeevand.dk\/wp-content\/uploads\/2022\/01\/Perlator_-efter-1024x538.jpg\" alt=\"\" class=\"wp-image-2800 size-full\" srcset=\"https:\/\/skeevand.dk\/wp-content\/uploads\/2022\/01\/Perlator_-efter-1024x538.jpg 1024w, https:\/\/skeevand.dk\/wp-content\/uploads\/2022\/01\/Perlator_-efter-300x158.jpg 300w, https:\/\/skeevand.dk\/wp-content\/uploads\/2022\/01\/Perlator_-efter-768x404.jpg 768w, https:\/\/skeevand.dk\/wp-content\/uploads\/2022\/01\/Perlator_-efter.jpg 1280w\" sizes=\"auto, (max-width: 767px) 89vw, (max-width: 1000px) 54vw, (max-width: 1071px) 543px, 580px\" \/><\/figure><div class=\"wp-block-media-text__content\">\n<p class=\"has-medium-font-size\">Perlatore (ikke udtaget af holder) efter 3,5 m\u00e5neds brug. Her ses n\u00e6rmest ingen kalkaflejringer. H\u00f8jre perlator sidder efter gl. jernr\u00f8r &#8211; det ses i den lidt r\u00f8dlige jernoxidfarve.<\/p>\n<\/div><\/div>\n\n\n\n<div class=\"wp-block-media-text alignwide is-stacked-on-mobile\" style=\"grid-template-columns:56% auto\"><figure class=\"wp-block-media-text__media\"><img loading=\"lazy\" decoding=\"async\" width=\"1024\" height=\"553\" src=\"https:\/\/skeevand.dk\/wp-content\/uploads\/2022\/01\/Smaafragmenter_i_filter_efter-1024x553.jpg\" alt=\"\" class=\"wp-image-2803 size-full\" srcset=\"https:\/\/skeevand.dk\/wp-content\/uploads\/2022\/01\/Smaafragmenter_i_filter_efter-1024x553.jpg 1024w, https:\/\/skeevand.dk\/wp-content\/uploads\/2022\/01\/Smaafragmenter_i_filter_efter-300x162.jpg 300w, https:\/\/skeevand.dk\/wp-content\/uploads\/2022\/01\/Smaafragmenter_i_filter_efter-768x415.jpg 768w, https:\/\/skeevand.dk\/wp-content\/uploads\/2022\/01\/Smaafragmenter_i_filter_efter.jpg 1280w\" sizes=\"auto, (max-width: 767px) 89vw, (max-width: 1000px) 54vw, (max-width: 1071px) 543px, 580px\" \/><\/figure><div class=\"wp-block-media-text__content\">\n<p class=\"has-medium-font-size\">Perlatore efter 3,5 m\u00e5neds brug. Her ses filtersien p\u00e5 r\u00f8rsiden, hvor sm\u00e5fragmenter fra r\u00f8rene har samlet sig \/ fanges &#8211; ikke mere end normalt ! <\/p>\n<\/div><\/div>\n\n\n\n<hr class=\"wp-block-separator has-text-color has-vivid-cyan-blue-color has-css-opacity has-vivid-cyan-blue-background-color has-background is-style-wide\"\/>\n\n\n\n<div class=\"wp-block-media-text alignwide is-stacked-on-mobile\" style=\"grid-template-columns:62% auto\"><figure class=\"wp-block-media-text__media\"><video controls src=\"https:\/\/skeevand.dk\/wp-content\/uploads\/2022\/01\/Perlator_vandhane_efter.mp4\"><\/video><\/figure><div class=\"wp-block-media-text__content\">\n<p class=\"has-medium-font-size\">Efter 3,5 m\u00e5neds brug, hvor vandstr\u00e5lens beluftning stadig er intakt. (Video).<\/p>\n<\/div><\/div>\n\n\n\n<hr class=\"wp-block-separator has-text-color has-vivid-cyan-blue-color has-css-opacity has-vivid-cyan-blue-background-color has-background is-style-wide\"\/>\n\n\n\n<figure class=\"wp-block-gallery has-nested-images columns-5 is-cropped wp-block-gallery-1 is-layout-flex wp-block-gallery-is-layout-flex\">\n<figure class=\"wp-block-image size-large\"><img loading=\"lazy\" decoding=\"async\" width=\"1024\" height=\"560\" data-id=\"2802\" src=\"https:\/\/skeevand.dk\/wp-content\/uploads\/2022\/01\/Perlator-foer-1024x560.jpg\" alt=\"\" class=\"wp-image-2802\" srcset=\"https:\/\/skeevand.dk\/wp-content\/uploads\/2022\/01\/Perlator-foer-1024x560.jpg 1024w, https:\/\/skeevand.dk\/wp-content\/uploads\/2022\/01\/Perlator-foer-300x164.jpg 300w, https:\/\/skeevand.dk\/wp-content\/uploads\/2022\/01\/Perlator-foer-768x420.jpg 768w, https:\/\/skeevand.dk\/wp-content\/uploads\/2022\/01\/Perlator-foer.jpg 1280w\" sizes=\"auto, (max-width: 767px) 89vw, (max-width: 1000px) 54vw, (max-width: 1071px) 543px, 580px\" \/><figcaption class=\"wp-element-caption\">F\u00d8R &#8211; kalkbel\u00e6gning<\/figcaption><\/figure>\n\n\n\n<figure class=\"wp-block-image size-large\"><img loading=\"lazy\" decoding=\"async\" width=\"1024\" height=\"569\" data-id=\"2798\" src=\"https:\/\/skeevand.dk\/wp-content\/uploads\/2022\/01\/Afkalket-Perlator-1024x569.jpg\" alt=\"\" class=\"wp-image-2798\" srcset=\"https:\/\/skeevand.dk\/wp-content\/uploads\/2022\/01\/Afkalket-Perlator-1024x569.jpg 1024w, https:\/\/skeevand.dk\/wp-content\/uploads\/2022\/01\/Afkalket-Perlator-300x167.jpg 300w, https:\/\/skeevand.dk\/wp-content\/uploads\/2022\/01\/Afkalket-Perlator-768x427.jpg 768w, https:\/\/skeevand.dk\/wp-content\/uploads\/2022\/01\/Afkalket-Perlator.jpg 1280w\" sizes=\"auto, (max-width: 767px) 89vw, (max-width: 1000px) 54vw, (max-width: 1071px) 543px, 580px\" \/><figcaption class=\"wp-element-caption\">Afsyret &#8211; eddikesyre<\/figcaption><\/figure>\n\n\n\n<figure class=\"wp-block-image size-large\"><img loading=\"lazy\" decoding=\"async\" width=\"1024\" height=\"569\" data-id=\"2798\" src=\"https:\/\/skeevand.dk\/wp-content\/uploads\/2022\/01\/Afkalket-Perlator-1024x569.jpg\" alt=\"\" class=\"wp-image-2798\" srcset=\"https:\/\/skeevand.dk\/wp-content\/uploads\/2022\/01\/Afkalket-Perlator-1024x569.jpg 1024w, https:\/\/skeevand.dk\/wp-content\/uploads\/2022\/01\/Afkalket-Perlator-300x167.jpg 300w, https:\/\/skeevand.dk\/wp-content\/uploads\/2022\/01\/Afkalket-Perlator-768x427.jpg 768w, https:\/\/skeevand.dk\/wp-content\/uploads\/2022\/01\/Afkalket-Perlator.jpg 1280w\" sizes=\"auto, (max-width: 767px) 89vw, (max-width: 1000px) 54vw, (max-width: 1071px) 543px, 580px\" \/><figcaption class=\"wp-element-caption\">EFTER &#8211; N\u00e6rmest ingen kalk efter 3,5 m\u00e5ned<\/figcaption><\/figure>\n\n\n\n<figure class=\"wp-block-image size-large\"><img loading=\"lazy\" decoding=\"async\" width=\"1280\" height=\"691\" data-id=\"2803\" src=\"https:\/\/skeevand.dk\/wp-content\/uploads\/2022\/01\/Smaafragmenter_i_filter_efter.jpg\" alt=\"\" class=\"wp-image-2803\" srcset=\"https:\/\/skeevand.dk\/wp-content\/uploads\/2022\/01\/Smaafragmenter_i_filter_efter.jpg 1280w, https:\/\/skeevand.dk\/wp-content\/uploads\/2022\/01\/Smaafragmenter_i_filter_efter-300x162.jpg 300w, https:\/\/skeevand.dk\/wp-content\/uploads\/2022\/01\/Smaafragmenter_i_filter_efter-1024x553.jpg 1024w, https:\/\/skeevand.dk\/wp-content\/uploads\/2022\/01\/Smaafragmenter_i_filter_efter-768x415.jpg 768w\" sizes=\"auto, (max-width: 767px) 89vw, (max-width: 1000px) 54vw, (max-width: 1071px) 543px, 580px\" \/><figcaption class=\"wp-element-caption\">Filtersi p\u00e5 perlatore efter 3,5 m\u00e5ned = normalt<\/figcaption><\/figure>\n\n\n\n<figure class=\"wp-block-image size-large\"><img loading=\"lazy\" decoding=\"async\" width=\"1280\" height=\"960\" data-id=\"2799\" src=\"https:\/\/skeevand.dk\/wp-content\/uploads\/2022\/01\/Brusehoved_efter.jpg\" alt=\"\" class=\"wp-image-2799\" srcset=\"https:\/\/skeevand.dk\/wp-content\/uploads\/2022\/01\/Brusehoved_efter.jpg 1280w, https:\/\/skeevand.dk\/wp-content\/uploads\/2022\/01\/Brusehoved_efter-300x225.jpg 300w, https:\/\/skeevand.dk\/wp-content\/uploads\/2022\/01\/Brusehoved_efter-1024x768.jpg 1024w, https:\/\/skeevand.dk\/wp-content\/uploads\/2022\/01\/Brusehoved_efter-768x576.jpg 768w\" sizes=\"auto, (max-width: 767px) 89vw, (max-width: 1000px) 54vw, (max-width: 1071px) 543px, 580px\" \/><figcaption class=\"wp-element-caption\">Bruserhoved efter 3,5 m\u00e5ned = ingen kalktilstopning (ikke del af &#8220;fors\u00f8get&#8221;)<\/figcaption><\/figure>\n<figcaption class=\"blocks-gallery-caption wp-element-caption\">Kalkfors\u00f8g med perlatore &#8211; <strong>F\u00d8R<\/strong> &#8211; <strong>Afkalket<\/strong> &#8211; <strong>EFTER<\/strong> 3,5 m\u00e5ned &#8211; nu med bruser !<\/figcaption><\/figure>\n\n\n\n<p><\/p>\n","protected":false},"excerpt":{"rendered":"<p>Herunder registrering af kalkudf\u00e6ldningen efter 3,5 m\u00e5neders brug, i vandhaneperla-torene p\u00e5 badev\u00e6relse hhv. k\u00f8kken &#8211; &#8220;Nu med bruserhoved-bonus&#8220;&#8230; (S\u00e5fremt et billede herunder \u00f8nskes set i st\u00f8rre format ; H\u00f8jreklik da p\u00e5 billedet og klik derefter p\u00e5 &#8211;\u00e5bn billede i nyt faneblad-) Perlatore f\u00f8r afkalkning m. syre. Bel\u00e6gningen er h\u00e5rd, fastsiddende og p\u00e5 formen calcit \/ &hellip; <\/p>\n<p class=\"link-more\"><a href=\"https:\/\/skeevand.dk\/?page_id=2792\" class=\"more-link\">L\u00e6s videre<span class=\"screen-reader-text\"> &#8220;Kalkfors\u00f8get &#8211; PERLATORE p\u00e5 vandhaner&#8221;<\/span><\/a><\/p>\n","protected":false},"author":1,"featured_media":0,"parent":2883,"menu_order":0,"comment_status":"closed","ping_status":"closed","template":"","meta":{"footnotes":""},"class_list":["post-2792","page","type-page","status-publish","hentry"],"_links":{"self":[{"href":"https:\/\/skeevand.dk\/index.php?rest_route=\/wp\/v2\/pages\/2792","targetHints":{"allow":["GET"]}}],"collection":[{"href":"https:\/\/skeevand.dk\/index.php?rest_route=\/wp\/v2\/pages"}],"about":[{"href":"https:\/\/skeevand.dk\/index.php?rest_route=\/wp\/v2\/types\/page"}],"author":[{"embeddable":true,"href":"https:\/\/skeevand.dk\/index.php?rest_route=\/wp\/v2\/users\/1"}],"replies":[{"embeddable":true,"href":"https:\/\/skeevand.dk\/index.php?rest_route=%2Fwp%2Fv2%2Fcomments&post=2792"}],"version-history":[{"count":18,"href":"https:\/\/skeevand.dk\/index.php?rest_route=\/wp\/v2\/pages\/2792\/revisions"}],"predecessor-version":[{"id":4679,"href":"https:\/\/skeevand.dk\/index.php?rest_route=\/wp\/v2\/pages\/2792\/revisions\/4679"}],"up":[{"embeddable":true,"href":"https:\/\/skeevand.dk\/index.php?rest_route=\/wp\/v2\/pages\/2883"}],"wp:attachment":[{"href":"https:\/\/skeevand.dk\/index.php?rest_route=%2Fwp%2Fv2%2Fmedia&parent=2792"}],"curies":[{"name":"wp","href":"https:\/\/api.w.org\/{rel}","templated":true}]}}