{"id":2718,"date":"2022-01-25T18:59:00","date_gmt":"2022-01-25T17:59:00","guid":{"rendered":"https:\/\/skeevand.dk\/?page_id=2718"},"modified":"2025-03-13T10:53:39","modified_gmt":"2025-03-13T09:53:39","slug":"kalkforsoeget","status":"publish","type":"page","link":"https:\/\/skeevand.dk\/?page_id=2718","title":{"rendered":"Kalkfors\u00f8get &#8211; GRYDE"},"content":{"rendered":"\n<p style=\"font-size:24px\">Herunder registrering af kalkudf\u00e6ldningen, efter 3,5 m\u00e5neders brug, i afkalket rustfri gryde. ( Gryden har i gns, v\u00e6ret i brug hver anden dag i forl\u00f8bet ). <\/p>\n\n\n\n<p class=\"has-vivid-cyan-blue-color has-text-color\">(S\u00e5fremt et billede herunder \u00f8nskes set i st\u00f8rre format ; <strong>H\u00f8jreklik da p\u00e5 billedet<\/strong> og klik derefter p\u00e5 &#8211;<em><strong>\u00e5bn billede i nyt faneblad<\/strong>-)<\/em><\/p>\n\n\n\n<hr class=\"wp-block-separator has-text-color has-background has-vivid-cyan-blue-background-color has-vivid-cyan-blue-color is-style-wide\"\/>\n\n\n\n<div class=\"wp-block-media-text alignwide is-stacked-on-mobile\" style=\"grid-template-columns:54% auto\"><figure class=\"wp-block-media-text__media\"><img loading=\"lazy\" decoding=\"async\" width=\"1024\" height=\"734\" src=\"https:\/\/skeevand.dk\/wp-content\/uploads\/2022\/01\/Gryde_med_kalkbelaegning_k-1024x734.jpg\" alt=\"\" class=\"wp-image-2778 size-full\" srcset=\"https:\/\/skeevand.dk\/wp-content\/uploads\/2022\/01\/Gryde_med_kalkbelaegning_k-1024x734.jpg 1024w, https:\/\/skeevand.dk\/wp-content\/uploads\/2022\/01\/Gryde_med_kalkbelaegning_k-300x215.jpg 300w, https:\/\/skeevand.dk\/wp-content\/uploads\/2022\/01\/Gryde_med_kalkbelaegning_k-768x551.jpg 768w, https:\/\/skeevand.dk\/wp-content\/uploads\/2022\/01\/Gryde_med_kalkbelaegning_k.jpg 1095w\" sizes=\"auto, (max-width: 767px) 89vw, (max-width: 1000px) 54vw, (max-width: 1071px) 543px, 580px\" \/><\/figure><div class=\"wp-block-media-text__content\">\n<p class=\"has-medium-font-size\">\u00c6gge-kogegryde f\u00f8r afkalkning m. syre. Bel\u00e6gningen er h\u00e5rd, fastsiddende og p\u00e5 formen <em><strong>calcit<\/strong><\/em>, som ogs\u00e5 er calcium-karbonat &#8211; CaCO<sub>3<\/sub><\/p>\n<\/div><\/div>\n\n\n\n<div class=\"wp-block-media-text alignwide is-stacked-on-mobile\" style=\"grid-template-columns:59% auto\"><figure class=\"wp-block-media-text__media\"><img loading=\"lazy\" decoding=\"async\" width=\"1024\" height=\"810\" src=\"https:\/\/skeevand.dk\/wp-content\/uploads\/2022\/01\/Gryde_afkalket_k-1024x810.jpg\" alt=\"\" class=\"wp-image-2776 size-full\" srcset=\"https:\/\/skeevand.dk\/wp-content\/uploads\/2022\/01\/Gryde_afkalket_k-1024x810.jpg 1024w, https:\/\/skeevand.dk\/wp-content\/uploads\/2022\/01\/Gryde_afkalket_k-300x237.jpg 300w, https:\/\/skeevand.dk\/wp-content\/uploads\/2022\/01\/Gryde_afkalket_k-768x607.jpg 768w, https:\/\/skeevand.dk\/wp-content\/uploads\/2022\/01\/Gryde_afkalket_k.jpg 1070w\" sizes=\"auto, (max-width: 767px) 89vw, (max-width: 1000px) 54vw, (max-width: 1071px) 543px, 580px\" \/><\/figure><div class=\"wp-block-media-text__content\">\n<p class=\"has-medium-font-size\">Afkalket \u00e6gge-kogegryde. Afkalkning m. eddikesyre.<\/p>\n<\/div><\/div>\n\n\n\n<div class=\"wp-block-media-text alignwide is-stacked-on-mobile\" style=\"grid-template-columns:62% auto\"><figure class=\"wp-block-media-text__media\"><img loading=\"lazy\" decoding=\"async\" width=\"736\" height=\"629\" src=\"https:\/\/skeevand.dk\/wp-content\/uploads\/2022\/01\/Gryde_efter_35_maaned_k.jpg\" alt=\"\" class=\"wp-image-2777 size-full\" srcset=\"https:\/\/skeevand.dk\/wp-content\/uploads\/2022\/01\/Gryde_efter_35_maaned_k.jpg 736w, https:\/\/skeevand.dk\/wp-content\/uploads\/2022\/01\/Gryde_efter_35_maaned_k-300x256.jpg 300w\" sizes=\"auto, (max-width: 736px) 100vw, 736px\" \/><\/figure><div class=\"wp-block-media-text__content\">\n<p class=\"has-medium-font-size\">Gryde efter 3,5 m\u00e5neds brug. Her ses ogs\u00e5 kalkudf\u00e6ldning ! Stadig som calciumkarbonat CaCO<sub>3<\/sub>  &#8211; NU dog p\u00e5 formen <strong><em>aragonit<\/em><\/strong>.<\/p>\n<\/div><\/div>\n\n\n\n<p class=\"has-medium-font-size\">Bel\u00e6gningen er ikke h\u00e5rd som <em><strong>calcit<\/strong><\/em>-formen<strong>. <\/strong>Aragonit er relativt nemt, at fjerne med fingrene, eller med en fugtig klud. Ved &#8220;<em>mekanisk<\/em>&#8221; p\u00e5virkning med fingrene, antager bel\u00e6gningen n\u00e6rmest en &#8220;<em>pulverform<\/em>&#8221; (se video herunder).<\/p>\n\n\n\n<hr class=\"wp-block-separator has-text-color has-background has-vivid-cyan-blue-background-color has-vivid-cyan-blue-color is-style-wide\"\/>\n\n\n\n<div class=\"wp-block-media-text alignwide is-stacked-on-mobile\" style=\"grid-template-columns:75% auto\"><figure class=\"wp-block-media-text__media\"><video controls src=\"https:\/\/skeevand.dk\/wp-content\/uploads\/2022\/01\/Gryde_efte_35_maaned.mp4\"><\/video><\/figure><div class=\"wp-block-media-text__content\">\n<p class=\"has-medium-font-size\">Efter 3,5 m\u00e5neds brug.  (Video).<\/p>\n<\/div><\/div>\n\n\n\n<div class=\"wp-block-media-text alignwide is-stacked-on-mobile\" style=\"grid-template-columns:75% auto\"><figure class=\"wp-block-media-text__media\"><video controls src=\"https:\/\/skeevand.dk\/wp-content\/uploads\/2022\/01\/Gryde_efte_35_maaned_pulverklud.mp4\"><\/video><\/figure><div class=\"wp-block-media-text__content\">\n<p class=\"has-medium-font-size\">Efter 3,5 m\u00e5neds brug. Aft\u00f8rring med klud. (Video).<\/p>\n<\/div><\/div>\n\n\n\n<hr class=\"wp-block-separator has-text-color has-background has-vivid-cyan-blue-background-color has-vivid-cyan-blue-color is-style-wide\"\/>\n\n\n\n<figure class=\"wp-block-gallery has-nested-images columns-default is-cropped wp-block-gallery-1 is-layout-flex wp-block-gallery-is-layout-flex\">\n<figure class=\"wp-block-image size-large\"><img loading=\"lazy\" decoding=\"async\" width=\"1095\" height=\"785\" data-id=\"2778\" src=\"https:\/\/skeevand.dk\/wp-content\/uploads\/2022\/01\/Gryde_med_kalkbelaegning_k.jpg\" alt=\"\" class=\"wp-image-2778\" srcset=\"https:\/\/skeevand.dk\/wp-content\/uploads\/2022\/01\/Gryde_med_kalkbelaegning_k.jpg 1095w, https:\/\/skeevand.dk\/wp-content\/uploads\/2022\/01\/Gryde_med_kalkbelaegning_k-300x215.jpg 300w, https:\/\/skeevand.dk\/wp-content\/uploads\/2022\/01\/Gryde_med_kalkbelaegning_k-1024x734.jpg 1024w, https:\/\/skeevand.dk\/wp-content\/uploads\/2022\/01\/Gryde_med_kalkbelaegning_k-768x551.jpg 768w\" sizes=\"auto, (max-width: 767px) 89vw, (max-width: 1000px) 54vw, (max-width: 1071px) 543px, 580px\" \/><figcaption>F\u00d8R &#8211; h\u00e5rd kalkbel\u00e6gning<\/figcaption><\/figure>\n\n\n\n<figure class=\"wp-block-image size-large\"><img loading=\"lazy\" decoding=\"async\" width=\"1070\" height=\"846\" data-id=\"2776\" src=\"https:\/\/skeevand.dk\/wp-content\/uploads\/2022\/01\/Gryde_afkalket_k.jpg\" alt=\"\" class=\"wp-image-2776\" srcset=\"https:\/\/skeevand.dk\/wp-content\/uploads\/2022\/01\/Gryde_afkalket_k.jpg 1070w, https:\/\/skeevand.dk\/wp-content\/uploads\/2022\/01\/Gryde_afkalket_k-300x237.jpg 300w, https:\/\/skeevand.dk\/wp-content\/uploads\/2022\/01\/Gryde_afkalket_k-1024x810.jpg 1024w, https:\/\/skeevand.dk\/wp-content\/uploads\/2022\/01\/Gryde_afkalket_k-768x607.jpg 768w\" sizes=\"auto, (max-width: 767px) 89vw, (max-width: 1000px) 54vw, (max-width: 1071px) 543px, 580px\" \/><figcaption>Afsyret &#8211; eddikesyre<\/figcaption><\/figure>\n\n\n\n<figure class=\"wp-block-image size-large\"><img loading=\"lazy\" decoding=\"async\" width=\"736\" height=\"629\" data-id=\"2777\" src=\"https:\/\/skeevand.dk\/wp-content\/uploads\/2022\/01\/Gryde_efter_35_maaned_k.jpg\" alt=\"\" class=\"wp-image-2777\" srcset=\"https:\/\/skeevand.dk\/wp-content\/uploads\/2022\/01\/Gryde_efter_35_maaned_k.jpg 736w, https:\/\/skeevand.dk\/wp-content\/uploads\/2022\/01\/Gryde_efter_35_maaned_k-300x256.jpg 300w\" sizes=\"auto, (max-width: 736px) 100vw, 736px\" \/><figcaption>EFTER &#8211; Kalkbel\u00e6gning 3,5 m\u00e5ned<\/figcaption><\/figure>\n<figcaption class=\"blocks-gallery-caption\">Kalkfors\u00f8g i gryde &#8211; <strong>F\u00d8R<\/strong> &#8211; <strong>Afkalket<\/strong> &#8211; <strong>EFTER<\/strong> 3,5 m\u00e5ned<\/figcaption><\/figure>\n\n\n\n<p><\/p>\n","protected":false},"excerpt":{"rendered":"<p>Herunder registrering af kalkudf\u00e6ldningen, efter 3,5 m\u00e5neders brug, i afkalket rustfri gryde. ( Gryden har i gns, v\u00e6ret i brug hver anden dag i forl\u00f8bet ). (S\u00e5fremt et billede herunder \u00f8nskes set i st\u00f8rre format ; H\u00f8jreklik da p\u00e5 billedet og klik derefter p\u00e5 &#8211;\u00e5bn billede i nyt faneblad-) \u00c6gge-kogegryde f\u00f8r afkalkning m. syre. Bel\u00e6gningen &hellip; <\/p>\n<p class=\"link-more\"><a href=\"https:\/\/skeevand.dk\/?page_id=2718\" class=\"more-link\">L\u00e6s videre<span class=\"screen-reader-text\"> &#8220;Kalkfors\u00f8get &#8211; GRYDE&#8221;<\/span><\/a><\/p>\n","protected":false},"author":1,"featured_media":0,"parent":2883,"menu_order":0,"comment_status":"closed","ping_status":"closed","template":"","meta":{"footnotes":""},"class_list":["post-2718","page","type-page","status-publish","hentry"],"_links":{"self":[{"href":"https:\/\/skeevand.dk\/index.php?rest_route=\/wp\/v2\/pages\/2718","targetHints":{"allow":["GET"]}}],"collection":[{"href":"https:\/\/skeevand.dk\/index.php?rest_route=\/wp\/v2\/pages"}],"about":[{"href":"https:\/\/skeevand.dk\/index.php?rest_route=\/wp\/v2\/types\/page"}],"author":[{"embeddable":true,"href":"https:\/\/skeevand.dk\/index.php?rest_route=\/wp\/v2\/users\/1"}],"replies":[{"embeddable":true,"href":"https:\/\/skeevand.dk\/index.php?rest_route=%2Fwp%2Fv2%2Fcomments&post=2718"}],"version-history":[{"count":34,"href":"https:\/\/skeevand.dk\/index.php?rest_route=\/wp\/v2\/pages\/2718\/revisions"}],"predecessor-version":[{"id":2948,"href":"https:\/\/skeevand.dk\/index.php?rest_route=\/wp\/v2\/pages\/2718\/revisions\/2948"}],"up":[{"embeddable":true,"href":"https:\/\/skeevand.dk\/index.php?rest_route=\/wp\/v2\/pages\/2883"}],"wp:attachment":[{"href":"https:\/\/skeevand.dk\/index.php?rest_route=%2Fwp%2Fv2%2Fmedia&parent=2718"}],"curies":[{"name":"wp","href":"https:\/\/api.w.org\/{rel}","templated":true}]}}