{"id":268,"date":"2019-01-20T10:17:13","date_gmt":"2019-01-20T09:17:13","guid":{"rendered":"https:\/\/www.skeevand.dk\/?page_id=268"},"modified":"2026-02-26T09:43:16","modified_gmt":"2026-02-26T08:43:16","slug":"vandmaalere","status":"publish","type":"page","link":"https:\/\/skeevand.dk\/?page_id=268","title":{"rendered":"Teknik &#8211; Vandm\u00e5lere &#8211; Forsyning"},"content":{"rendered":"\n<p>Dit vandv\u00e6rk er ikke kun en bygning &amp; en vandboring, men ogs\u00e5 en tilh\u00f8rende teknisk installation til <a href=\"https:\/\/skeevand.dk\/wp-content\/uploads\/2020\/05\/Vandvaerksdiagram_rev2020.pdf\">behandling af r\u00e5vandet<\/a>, inden en udpumpning af frisk rent drikkevand kan finde sted, til de enkelte forbrugere. Vores r\u00e5vand hentes ca. 15m-25m under terr\u00e6n. Vores boring er ca. 32m dyb.  Pumpen befinder sig i 25m&#8217;s dybde. Et godt sted, at se mere om et vandv\u00e6rks funktion, er <a href=\"https:\/\/vandetsvej.dk\/vandvaerk\">her<\/a>.<\/p>\n\n\n\n<p>Hele den tekniske enhed, vi kalder vandv\u00e6rket, er placeret p\u00e5 et grundstykke p\u00e5 Stestrupvej 241. Det grundstykke er omfattet af en lovgivning,  der blandt andet omfatter definitionen af en beskyttelseszone omkring vandboringen.  I Milj\u00f8styrelsens termer er det et <a href=\"https:\/\/mst.dk\/natur-vand\/vand-i-hverdagen\/grundvand\/boringsnaere-beskyttelsesomraader\/\"><strong>B<\/strong>orings-<strong>N<\/strong>\u00e6rt-<strong>B<\/strong>eskyttelse-<strong>O<\/strong>mr\u00e5de (<strong>BNBO<\/strong>)<\/a>, som der skal &#8220;<em>k\u00e6les<\/em>&#8221; ekstra for, til gl\u00e6de og gavn for sikkerheden &amp; kvaliteten p\u00e5 vores drikkevand.  Af den \u00e5rsag er vandv\u00e6rksgrunden IKKE et sted man henkaster affald eller parkerer motork\u00f8ret\u00f8jer, der frembyder risiko for spild af kemikalier, der kan skade vandforsyningen. Omfanget og st\u00f8rrelsen, af det beskyttede omr\u00e5de omkring vandv\u00e6rket \u00e6ndrer sig dog juridisk, n\u00e5r udstykningen omkring v\u00e6rket er tilendebragt.<\/p>\n\n\n\n<p>Vi er, ud over vandkvaliteten (se Vandanalyser) ogs\u00e5 jf. lovgivningen bl.a. forpligtet til, at holde \u00f8je med den oppumpede vandm\u00e6ngde (ift. <a href=\"https:\/\/skeevand.dk\/wp-content\/uploads\/2019\/02\/Indvindingstillladelse_skee_vandvaerk_21-2-2017.pdf\">indvindingstilladelsen<\/a>), ligesom den udpumpede m\u00e6ngde og de enkelte forbrugeres individuelle forbrug. S\u00e5ledes holder den ansvarlige for driften af vandv\u00e6rket, et v\u00e5gent \u00f8je med m\u00e5lerne p\u00e5 selve vandv\u00e6rket, og de enkelte forbrugere med egen m\u00e5lerstand, i m\u00e5lerbr\u00f8nden p\u00e5 egen matrikel. (Den \u00e5rlige m\u00e5lerstand\/afl\u00e6sning til fakturering &amp; opg\u00f8relse finder sted automatisk, ved fjernafl\u00e6sning af m\u00e5lerstanden d. 31. december hvert \u00e5r. <a href=\"https:\/\/skeevand.dk\/wp-content\/uploads\/2025\/10\/Nymaaler_aflaes.png\"><strong>S\u00e5dan afl\u00e6ser du din vandm\u00e5ler<\/strong> <strong>manuelt i br\u00f8nden<\/strong><\/a><strong>.<\/strong> HVIS du har valgt, at takke ja til oprettelsesinvitationen til vandm\u00e5lerplatformen, kan du f\u00f8lge dit vandforbrug time for time ved, at <strong><a href=\"https:\/\/online.brunata.com\/\">logge ind p\u00e5 platformen.<\/a><\/strong><\/p>\n\n\n\n<p>Hold \u00f8je med din vandm\u00e5ler i l\u00f8bet af \u00e5ret &amp; undg\u00e5 dyrt vandspild. N\u00e5r alle tappesteder, efter m\u00e5lerbr\u00f8nden er lukket, SKAL m\u00e5leren &#8220;<em>st\u00e5 stille<\/em>&#8221; ! V\u00e6r opm\u00e6rksom p\u00e5, at der kan st\u00e5 vand i bunden af din m\u00e5lerbr\u00f8nd, p\u00e5 den tid af \u00e5ret, hvor det er mest v\u00e5dt i vejret.<\/p>\n\n\n\n<p>M\u00e5lerbr\u00f8nd og vandm\u00e5ler er vandv\u00e6rkets ejendom. De to kuglehaner \/ stop-haner i m\u00e5lerbr\u00f8nden er interessentens ejendom. Vandm\u00e5lere skal skiftes med intervaller p\u00e5 10 \u00e5r, jf. den g\u00e6ldende lovgivning. Alle vandm\u00e5lere hos interessenterne i Skee Vandv\u00e6rk I\/S, blev skiftet i 2017. S\u00e5ledes skal n\u00e6ste udskiftning finde sted senest i 2026\/27.<\/p>\n\n\n\n<p><a href=\"https:\/\/skeevand.dk\/wp-content\/uploads\/2019\/01\/maalerbrond.jpg\">M\u00e5lerbr\u00f8nd<\/a> &amp; <a href=\"https:\/\/skeevand.dk\/wp-content\/uploads\/2025\/10\/Nymaaler.png\">vandm\u00e5ler<\/a> &amp; <a href=\"https:\/\/skeevand.dk\/wp-content\/uploads\/2019\/01\/ansvar_ved_vandmaaler.jpg\">Ansvarsfordeling<\/a> .<\/p>\n\n\n\n<p>Skee Vandv\u00e6rk&#8217;s <a href=\"https:\/\/skeevand.dk\/wp-content\/uploads\/2020\/05\/Vandvaerksdiagram_rev2020.pdf\">vandbehandlingsdiagram, kan ses her<\/a>.<\/p>\n\n\n\n<p>Skee Vandv\u00e6rk&#8217;s <a href=\"https:\/\/ledningsportal.dk\/spatialmap?profile=skeevand\">forsyningsnet \/ -omr\u00e5de kan ses her<\/a>.<\/p>\n\n\n\n<p>Skee Vandv\u00e6rk&#8217;s <a href=\"https:\/\/skeevand.dk\/wp-content\/uploads\/2019\/02\/Indvindingsomraade_SkeeVandvaerk.pdf\">indvindingsomr\u00e5de &amp; opland \/ pdf<\/a>.<\/p>\n\n\n\n<p>Skee Vandv\u00e6rk&#8217;s <a href=\"https:\/\/arealinformation.miljoeportal.dk\/html5\/index.html?viewer=distribution&amp;load=f2afd710-30f1-4117-8617-f71a0900a03a\">indvindingsomr\u00e5de \/ Milj\u00f8portalen.<\/a><\/p>\n\n\n\n<p><a href=\"https:\/\/skeevand.dk\/?page_id=1783\">En masse om CENTRAL BL\u00d8DG\u00d8RING af drikkevand.<\/a><br><\/p>\n\n\n\n<p>En teknisk beskrivelse af kildeplads, indvinding, m\u00e6ngder &amp; dybder <a href=\"https:\/\/ringsted.dk\/sites\/default\/files\/kommunen_-_dialog_indflydelse\/kildepladsbeskrivelse_skee_vandvaerk.pdf\">kan ses her<\/a>, ligesom de specifikke <a href=\"https:\/\/data.geus.dk\/JupiterWWW\/borerapport.jsp?dgunr=211.%20%20471\">oplysninger om vores boring\/boringsrapporten<\/a>.<\/p>\n\n\n\n<p>Ringsted Kommune fik i April 2019 foretaget en &#8220;<em><a href=\"https:\/\/skeevand.dk\/wp-content\/uploads\/2020\/02\/Behovsanalyse_indsatser_grundvandet_Ringsted_april2019.pdf\">Behovsanalyse for indsatsomr\u00e5der overfor grundvand<\/a><\/em>&#8221; i kommunen.  Analysen blev udf\u00f8rt af Ramb\u00f8ll for Ringsted Kommune.<\/p>\n\n\n\n<p>I Ringsted ligger der en kommuneplan, der ogs\u00e5 omfatter vores grundvand\/drikkevand. <a href=\"https:\/\/ringsted.cowiplan.dk\/kommuneplan\/kommuneplan-2021-2033\/hovedstruktur-retningslinjer-og-redegoerelser\/6-klimatilpasning-miljoe-og-tekniske-anlaeg\/67-grundvand-og-drikkevand\/\">Den del af kommuneplan 2021-2033, der omhandler grundvand og drikkevand, kan ses her.<\/a><\/p>\n\n\n\n<p>Hvad er grundvand :  <a href=\"https:\/\/mst.dk\/natur-vand\/vand-i-hverdagen\/grundvand\/grundvandskortlaegning\/hvad-er-grundvandskortlaegning\/\">Beskrivelse p\u00e5 Milj\u00f8styrelsens hjemmeside.<\/a><\/p>\n\n\n\n<p>Ringsted Kommune har ogs\u00e5 en rigtig god side, der omhandler vores grundvand &amp; drikkevand. <a href=\"https:\/\/ringsted.dk\/borger\/natur-miljoe-trafik\/grundvand-og-drikkevand\">Den kan du se her.<\/a><\/p>\n\n\n\n<p class=\"has-normal-font-size\"><strong>Pejling af grundvandsstanden i vores boring : <\/strong> <a href=\"https:\/\/skeevand.dk\/wp-content\/uploads\/2026\/02\/Pejleskema-SkeeVandvaerk-pr.-februar-2026.pdf\">Pr. februar 2026<\/a><\/p>\n\n\n\n<p><strong>OBS-OBS :<\/strong>  V\u00e6r opm\u00e6rksom p\u00e5, at der p\u00e5 Ringsted Kommunes hjemmeside, hvor de enkelte lokale vandv\u00e6rker er beskrevet, ogs\u00e5 er en beskrivelse af Skee Vandv\u00e6rk.  Denne registrering og beskrivelse er ikke korrekt opdateret, og er ikke i overensstemmelse med virkeligheden.  Kommunen er gjort opm\u00e6rksom p\u00e5 dette, og har beklaget den fejlagtige information.  Dette vil blive rettet hurtigst muligt, har forvaltningen oplyst.<\/p>\n\n\n\n<p><\/p>\n","protected":false},"excerpt":{"rendered":"<p>Dit vandv\u00e6rk er ikke kun en bygning &amp; en vandboring, men ogs\u00e5 en tilh\u00f8rende teknisk installation til behandling af r\u00e5vandet, inden en udpumpning af frisk rent drikkevand kan finde sted, til de enkelte forbrugere. Vores r\u00e5vand hentes ca. 15m-25m under terr\u00e6n. Vores boring er ca. 32m dyb. Pumpen befinder sig i 25m&#8217;s dybde. Et godt &hellip; <\/p>\n<p class=\"link-more\"><a href=\"https:\/\/skeevand.dk\/?page_id=268\" class=\"more-link\">L\u00e6s videre<span class=\"screen-reader-text\"> &#8220;Teknik &#8211; Vandm\u00e5lere &#8211; Forsyning&#8221;<\/span><\/a><\/p>\n","protected":false},"author":1,"featured_media":0,"parent":0,"menu_order":0,"comment_status":"closed","ping_status":"closed","template":"","meta":{"footnotes":""},"class_list":["post-268","page","type-page","status-publish","hentry"],"_links":{"self":[{"href":"https:\/\/skeevand.dk\/index.php?rest_route=\/wp\/v2\/pages\/268","targetHints":{"allow":["GET"]}}],"collection":[{"href":"https:\/\/skeevand.dk\/index.php?rest_route=\/wp\/v2\/pages"}],"about":[{"href":"https:\/\/skeevand.dk\/index.php?rest_route=\/wp\/v2\/types\/page"}],"author":[{"embeddable":true,"href":"https:\/\/skeevand.dk\/index.php?rest_route=\/wp\/v2\/users\/1"}],"replies":[{"embeddable":true,"href":"https:\/\/skeevand.dk\/index.php?rest_route=%2Fwp%2Fv2%2Fcomments&post=268"}],"version-history":[{"count":49,"href":"https:\/\/skeevand.dk\/index.php?rest_route=\/wp\/v2\/pages\/268\/revisions"}],"predecessor-version":[{"id":5022,"href":"https:\/\/skeevand.dk\/index.php?rest_route=\/wp\/v2\/pages\/268\/revisions\/5022"}],"wp:attachment":[{"href":"https:\/\/skeevand.dk\/index.php?rest_route=%2Fwp%2Fv2%2Fmedia&parent=268"}],"curies":[{"name":"wp","href":"https:\/\/api.w.org\/{rel}","templated":true}]}}