{"id":243,"date":"2019-01-19T15:26:57","date_gmt":"2019-01-19T14:26:57","guid":{"rendered":"https:\/\/www.skeevand.dk\/?page_id=243"},"modified":"2026-03-01T17:22:16","modified_gmt":"2026-03-01T16:22:16","slug":"vigtige-datoer","status":"publish","type":"page","link":"https:\/\/skeevand.dk\/?page_id=243","title":{"rendered":"Vigtige datoer"},"content":{"rendered":"\n<p><strong>Konstituerende bestyrelsesm\u00f8de<\/strong> d. 3. marts 2026 kl. 18:00.<\/p>\n\n\n\n<p>Bestyrelsen holder &#8220;<em><strong>arbejdsdag<\/strong><\/em>&#8221; p\u00e5 vandv\u00e6rket <strong>d. 9. maj 2026<\/strong> &#8211; ALLE ANDRE er OGS\u00c5 velkommen &#8211; s\u00e5 du kan bidrage til dit eget vandv\u00e6rk.<\/p>\n\n\n\n<p>Afl\u00e6sning af vandm\u00e5lere d. 31. december 2026, FORETAGES AUTOMATISK &#8211; s\u00e5 du skal ikke selv g\u00f8re andet end, at holde \u00f8je med din vandm\u00e5ler, i l\u00f8bet af \u00e5ret&#8230;<\/p>\n\n\n\n<p><strong>Dato for generalforsamling &#8217;27<\/strong> <strong>er torsdag d. 25-2-2027<\/strong>, m\u00f8destedet er ikke fastlagt. <a href=\"https:\/\/skeevand.dk\/wp-content\/uploads\/2026\/03\/FORELOeBIG-dagsorden-paa-generalforsamling-i-Skee-vandvaerk-25-2-2027.pdf\">Forel\u00f8big dagsorden<\/a>.<\/p>\n\n\n\n<p><\/p>\n","protected":false},"excerpt":{"rendered":"<p>Konstituerende bestyrelsesm\u00f8de d. 3. marts 2026 kl. 18:00. Bestyrelsen holder &#8220;arbejdsdag&#8221; p\u00e5 vandv\u00e6rket d. 9. maj 2026 &#8211; ALLE ANDRE er OGS\u00c5 velkommen &#8211; s\u00e5 du kan bidrage til dit eget vandv\u00e6rk. Afl\u00e6sning af vandm\u00e5lere d. 31. december 2026, FORETAGES AUTOMATISK &#8211; s\u00e5 du skal ikke selv g\u00f8re andet end, at holde \u00f8je med din &hellip; <\/p>\n<p class=\"link-more\"><a href=\"https:\/\/skeevand.dk\/?page_id=243\" class=\"more-link\">L\u00e6s videre<span class=\"screen-reader-text\"> &#8220;Vigtige datoer&#8221;<\/span><\/a><\/p>\n","protected":false},"author":1,"featured_media":0,"parent":0,"menu_order":0,"comment_status":"closed","ping_status":"closed","template":"","meta":{"footnotes":""},"class_list":["post-243","page","type-page","status-publish","hentry"],"_links":{"self":[{"href":"https:\/\/skeevand.dk\/index.php?rest_route=\/wp\/v2\/pages\/243","targetHints":{"allow":["GET"]}}],"collection":[{"href":"https:\/\/skeevand.dk\/index.php?rest_route=\/wp\/v2\/pages"}],"about":[{"href":"https:\/\/skeevand.dk\/index.php?rest_route=\/wp\/v2\/types\/page"}],"author":[{"embeddable":true,"href":"https:\/\/skeevand.dk\/index.php?rest_route=\/wp\/v2\/users\/1"}],"replies":[{"embeddable":true,"href":"https:\/\/skeevand.dk\/index.php?rest_route=%2Fwp%2Fv2%2Fcomments&post=243"}],"version-history":[{"count":62,"href":"https:\/\/skeevand.dk\/index.php?rest_route=\/wp\/v2\/pages\/243\/revisions"}],"predecessor-version":[{"id":5058,"href":"https:\/\/skeevand.dk\/index.php?rest_route=\/wp\/v2\/pages\/243\/revisions\/5058"}],"wp:attachment":[{"href":"https:\/\/skeevand.dk\/index.php?rest_route=%2Fwp%2Fv2%2Fmedia&parent=243"}],"curies":[{"name":"wp","href":"https:\/\/api.w.org\/{rel}","templated":true}]}}