{"id":2424,"date":"2022-01-16T14:51:05","date_gmt":"2022-01-16T13:51:05","guid":{"rendered":"https:\/\/skeevand.dk\/?page_id=2424"},"modified":"2026-02-18T18:07:48","modified_gmt":"2026-02-18T17:07:48","slug":"forsyningsudfald","status":"publish","type":"page","link":"https:\/\/skeevand.dk\/?page_id=2424","title":{"rendered":"Forsyningsudfald"},"content":{"rendered":"\n<p class=\"has-vivid-cyan-blue-color has-text-color has-link-color has-medium-font-size wp-elements-4f427ef18f9f98d55014e8b64f5242d4\"><strong>\u00c5rshistorik &#8211; 2026 &#8211; udfald i vandforsyningen ;<\/strong><\/p>\n\n\n\n<p class=\"has-vivid-cyan-blue-color has-text-color has-link-color wp-elements-85bdc8a55f70577ed772d931f43d21f1\">D. 8. februar 2026 , Ca. 1 times udfald. R\u00f8rbrud p\u00e5 gl. jernledning ved Stestrupvej 240, 15-16m3 forsvinder pr. d\u00f8gn. Formodet s\u00e6tning i jordlaget er \u00e5rsagen til bruddet.<\/p>\n\n\n\n<p class=\"has-vivid-cyan-blue-color has-text-color has-link-color wp-elements-debac24335d2834846428f3da582ff92\">D. 11-12. januar 2026 , R\u00f8rbrud hos forbruger 23:00 &#8211; 00:30 +\/-  Vandtryk mistet, ca. 12,5-13m3 forsvinder i bruddet.<\/p>\n\n\n\n<p class=\"has-medium-font-size\"><strong>Statistik for 2025 ; <\/strong> <strong>0,021% Nedetid<\/strong><\/p>\n\n\n\n<p class=\"has-black-color has-text-color has-link-color wp-elements-994534b5e87ec42f5e13264b60734008\"><strong>Dato 21. november , kl. 12:20 &#8211; 14:10. R\u00f8rbrud i Skee, p\u00e5 gl. jernr\u00f8rsledning, som f\u00f8lge af en s\u00e6tning i jordlaget, hvor ledningen ligger.<\/strong><\/p>\n\n\n\n<p class=\"has-medium-font-size\"><strong>Statistik for 2024 ; <\/strong> <strong>0,030% Nedetid<\/strong><\/p>\n\n\n\n<p><strong>Dato 29. juli , kl. 06:00 &#8211; 06:15 delvis. <\/strong>\u00c5rsag : Sprunget &#8220;<em>bypass<\/em>&#8221; mellem pumper.<\/p>\n\n\n\n<p class=\"has-medium-font-size\"><strong>Statistik for 2023 ;  <\/strong> <strong>0,00% Nedetid<\/strong> , <strong>Ingen udfald konstateret.<\/strong> <\/p>\n\n\n\n<p class=\"has-medium-font-size\"><strong>Statistik for 2022 ;  <\/strong> <strong>0,03% Nedetid<\/strong><\/p>\n\n\n\n<p><strong>Dato 11. maj  , kl. 10:00 til 11:20. Planlagt afbrydelse.<\/strong> \u00c5rsag &#8211; <a href=\"https:\/\/skeevand.dk\/wp-content\/uploads\/2022\/05\/Udskiftning-af-afgangsroer-fra-vaerket-11-5-2022.pdf\">udskiftning af 2&#8243;-afgangsr\u00f8r<\/a> p\u00e5 v\u00e6rket, s\u00e5 der er klar til Kalkknusermontage.<\/p>\n\n\n\n<p><strong>Dato 27. februar , kl. 23:25 , Varighed ca. 60 min.<\/strong> , \u00c5rsag &#8211; tom vandtank\/skylleventil &#8211; h\u00e6ngende lukkeventil. Gentagelse af situationen fra d. 26-2-2022. Skyllerel\u00e6 aktiveret nogle gange &#8211; ventil har &#8220;<em>slupp<\/em>et&#8221; igen. Pga. gentagelse, er service nu tilkaldt !<\/p>\n\n\n\n<p><strong>Dato 26. februar , kl. 8:00 , Varighed ca. 10 min.<\/strong> , \u00c5rsag &#8211; tom vandtank\/skylleventil &#8211; h\u00e6ngende lukkeventil. N\u00e5r skylleventilen er aktiveret, kan der ikke produceres vand til tanken. N\u00e5r skylleventilen &#8220;<em>h\u00e6nger<\/em>&#8221; t\u00f8mmes rentvandstanken, uden frisk behandlet vand kommer til. Skyllerel\u00e6 aktiveret nogle gange &#8211; ventil har &#8220;<em>slupp<\/em>et&#8221; igen.<\/p>\n\n\n\n<p><strong>Dato 15. januar , kl. 16:50 , Varighed ca. 15 min.<\/strong> , \u00c5rsag &#8211; tom vandtank\/tr\u00e6gt forfilter. Filtermateriale er blevet skiftet i forfiltret d. 19. januar 2022.<\/p>\n","protected":false},"excerpt":{"rendered":"<p>\u00c5rshistorik &#8211; 2026 &#8211; udfald i vandforsyningen ; D. 8. februar 2026 , Ca. 1 times udfald. R\u00f8rbrud p\u00e5 gl. jernledning ved Stestrupvej 240, 15-16m3 forsvinder pr. d\u00f8gn. Formodet s\u00e6tning i jordlaget er \u00e5rsagen til bruddet. D. 11-12. januar 2026 , R\u00f8rbrud hos forbruger 23:00 &#8211; 00:30 +\/- Vandtryk mistet, ca. 12,5-13m3 forsvinder i bruddet. &hellip; <\/p>\n<p class=\"link-more\"><a href=\"https:\/\/skeevand.dk\/?page_id=2424\" class=\"more-link\">L\u00e6s videre<span class=\"screen-reader-text\"> &#8220;Forsyningsudfald&#8221;<\/span><\/a><\/p>\n","protected":false},"author":1,"featured_media":0,"parent":268,"menu_order":0,"comment_status":"closed","ping_status":"closed","template":"","meta":{"footnotes":""},"class_list":["post-2424","page","type-page","status-publish","hentry"],"_links":{"self":[{"href":"https:\/\/skeevand.dk\/index.php?rest_route=\/wp\/v2\/pages\/2424","targetHints":{"allow":["GET"]}}],"collection":[{"href":"https:\/\/skeevand.dk\/index.php?rest_route=\/wp\/v2\/pages"}],"about":[{"href":"https:\/\/skeevand.dk\/index.php?rest_route=\/wp\/v2\/types\/page"}],"author":[{"embeddable":true,"href":"https:\/\/skeevand.dk\/index.php?rest_route=\/wp\/v2\/users\/1"}],"replies":[{"embeddable":true,"href":"https:\/\/skeevand.dk\/index.php?rest_route=%2Fwp%2Fv2%2Fcomments&post=2424"}],"version-history":[{"count":20,"href":"https:\/\/skeevand.dk\/index.php?rest_route=\/wp\/v2\/pages\/2424\/revisions"}],"predecessor-version":[{"id":4937,"href":"https:\/\/skeevand.dk\/index.php?rest_route=\/wp\/v2\/pages\/2424\/revisions\/4937"}],"up":[{"embeddable":true,"href":"https:\/\/skeevand.dk\/index.php?rest_route=\/wp\/v2\/pages\/268"}],"wp:attachment":[{"href":"https:\/\/skeevand.dk\/index.php?rest_route=%2Fwp%2Fv2%2Fmedia&parent=2424"}],"curies":[{"name":"wp","href":"https:\/\/api.w.org\/{rel}","templated":true}]}}