{"id":1965,"date":"2021-10-06T13:36:33","date_gmt":"2021-10-06T13:36:33","guid":{"rendered":"https:\/\/skeevand.dk\/?page_id=1965"},"modified":"2025-02-01T11:07:26","modified_gmt":"2025-02-01T10:07:26","slug":"bnbo","status":"publish","type":"page","link":"https:\/\/skeevand.dk\/?page_id=1965","title":{"rendered":"BNBO"},"content":{"rendered":"\n<p>BNBO omfatter definitionen af en beskyttelseszone omkring vandboringen. I Milj\u00f8styrelsens termer er det et&nbsp;<a href=\"https:\/\/mst.dk\/natur-vand\/vand-i-hverdagen\/grundvand\/boringsnaere-beskyttelsesomraader\/\"><strong>B<\/strong>orings-<strong>N<\/strong>\u00e6rt-<strong>B<\/strong>eskyttelse-<strong>O<\/strong>mr\u00e5de (<strong>BNBO<\/strong>)<\/a>, som der skal \u201c<em>k\u00e6les<\/em>\u201d ekstra for, til gl\u00e6de og gavn for sikkerheden &amp; kvaliteten p\u00e5 vores drikkevand. Af den \u00e5rsag er vandv\u00e6rksgrunden IKKE et sted man henkaster affald eller parkerer motork\u00f8ret\u00f8jer, der frembyder risiko for spild af kemikalier, der kan skade vandforsyningen. Omfanget og st\u00f8rrelsen, af det beskyttede omr\u00e5de omkring vandv\u00e6rket \u00e6ndrer sig dog juridisk, n\u00e5r udstykningen omkring v\u00e6rket er tilendebragt.<\/p>\n\n\n\n<p>Definitionen af BNBO&#8217;er for de enkelte vandv\u00e6rker er, et arbejde der stadig p\u00e5g\u00e5r, over hele landet. Den erhvervsm\u00e6ssige anvendelse af kemikalier\/<a href=\"https:\/\/www.skeevand.dk\/wp-content\/uploads\/2019\/05\/Hvad-er-pesticider.pdf\">pesticider<\/a> i BNBO&#8217;en er &#8220;igen&#8221; flyttet frem, denne gang til endelig fastl\u00e6ggelse og aftale pr. 1. januar 2025 (Se i denne forbindelse <a href=\"https:\/\/mst.dk\/natur-vand\/vand-i-hverdagen\/grundvand\/boringsnaere-beskyttelsesomraader\/\">Milj\u00f8styrelsens BNBO-side<\/a>). De forskellige forvaltninger i hele landet er derfor nu i gang med, at &#8220;omdele&#8221; p\u00e5bud vedr. BNBO&#8217;erne de steder, hvor frivillige aftaler ikke er indg\u00e5et.<\/p>\n\n\n\n<p><strong>Dette arbejde er ogs\u00e5 i gang i Ringsted Kommune.<\/strong> For Skee Vandv\u00e6rk&#8217;s vedkommende, er dette arbejde dog ikke s\u00e5 interessant l\u00e6ngere, da vores frivillige BNBO-aftale, for l\u00e6ngst er afsluttet og tinglyst. Herunder ligger nogle af de dokumenter der l\u00e5 til grund, for Skee Vandv\u00e6rk&#8217;s BNBO. Milj\u00f8styrelsen har, sidst p\u00e5 \u00e5ret 2024, genberegnet BNBO&#8217;erne for Ringsted. Dette har ikke \u00e6ndret p\u00e5 vores tinglyste BNBO.<\/p>\n\n\n\n<p><a href=\"https:\/\/mim.dk\/miljoe\/drikkevand-og-kemi\/drikkevand\">Milj\u00f8styrelsens beskrivelse af beskyttelse af drikkevandet<\/a><\/p>\n\n\n\n<p><a href=\"https:\/\/skeevand.dk\/wp-content\/uploads\/2023\/01\/BNBO-SkeeVandvaerk_Dec.2022.pdf\">SKEE VANDV\u00c6RK&#8217;s BNBO. Frivillig aftale med forbrugerne omkring vandv\u00e6rket<\/a><\/p>\n\n\n\n<p><a href=\"https:\/\/skeevand.dk\/wp-content\/uploads\/2021\/10\/BNBO-vudering_SkeeVandvaerk-Ringsted-Kommune-UDKAST-16-2-2021.pdf\">Udkastet til definition\/vurdering af BNBO&#8217;en for Skee Vandv\u00e6rk<\/a>.<\/p>\n\n\n\n<p><a href=\"https:\/\/skeevand.dk\/wp-content\/uploads\/2021\/10\/BNBO-vudering_resultater.pdf\">BNBO-risici-\/vurderingskriterier i Ringsted<\/a>.<\/p>\n\n\n\n<p><a href=\"https:\/\/skeevand.dk\/wp-content\/uploads\/2021\/10\/Bilag_natur_miljoe_og_Klimahandleplan_2021-Ringsted.pdf\">Klimahandleplanen for Ringsted  &#8211; herunder BNBO-arbejdet (Bl\u00e5 farve<\/a>).<\/p>\n\n\n\n<p><a href=\"https:\/\/skeevand.dk\/wp-content\/uploads\/2021\/10\/BNBO_STATUS_praesentation_for_groent_raad_1-Ringsted.pdf\">Status-oversigt for BNBO-arbejdet i Ringsted<\/a>.<\/p>\n\n\n\n<p><a href=\"https:\/\/vkst.dk\/bnbo-aftale-er-taet-paa-at-spille-fallit\/\">Det mener Landbruget\/VKST\/Gefion om BNBO-situationen.<\/a><\/p>\n","protected":false},"excerpt":{"rendered":"<p>BNBO omfatter definitionen af en beskyttelseszone omkring vandboringen. I Milj\u00f8styrelsens termer er det et&nbsp;Borings-N\u00e6rt-Beskyttelse-Omr\u00e5de (BNBO), som der skal \u201ck\u00e6les\u201d ekstra for, til gl\u00e6de og gavn for sikkerheden &amp; kvaliteten p\u00e5 vores drikkevand. Af den \u00e5rsag er vandv\u00e6rksgrunden IKKE et sted man henkaster affald eller parkerer motork\u00f8ret\u00f8jer, der frembyder risiko for spild af kemikalier, der kan &hellip; <\/p>\n<p class=\"link-more\"><a href=\"https:\/\/skeevand.dk\/?page_id=1965\" class=\"more-link\">L\u00e6s videre<span class=\"screen-reader-text\"> &#8220;BNBO&#8221;<\/span><\/a><\/p>\n","protected":false},"author":1,"featured_media":0,"parent":268,"menu_order":1,"comment_status":"closed","ping_status":"closed","template":"","meta":{"footnotes":""},"class_list":["post-1965","page","type-page","status-publish","hentry"],"_links":{"self":[{"href":"https:\/\/skeevand.dk\/index.php?rest_route=\/wp\/v2\/pages\/1965","targetHints":{"allow":["GET"]}}],"collection":[{"href":"https:\/\/skeevand.dk\/index.php?rest_route=\/wp\/v2\/pages"}],"about":[{"href":"https:\/\/skeevand.dk\/index.php?rest_route=\/wp\/v2\/types\/page"}],"author":[{"embeddable":true,"href":"https:\/\/skeevand.dk\/index.php?rest_route=\/wp\/v2\/users\/1"}],"replies":[{"embeddable":true,"href":"https:\/\/skeevand.dk\/index.php?rest_route=%2Fwp%2Fv2%2Fcomments&post=1965"}],"version-history":[{"count":31,"href":"https:\/\/skeevand.dk\/index.php?rest_route=\/wp\/v2\/pages\/1965\/revisions"}],"predecessor-version":[{"id":4481,"href":"https:\/\/skeevand.dk\/index.php?rest_route=\/wp\/v2\/pages\/1965\/revisions\/4481"}],"up":[{"embeddable":true,"href":"https:\/\/skeevand.dk\/index.php?rest_route=\/wp\/v2\/pages\/268"}],"wp:attachment":[{"href":"https:\/\/skeevand.dk\/index.php?rest_route=%2Fwp%2Fv2%2Fmedia&parent=1965"}],"curies":[{"name":"wp","href":"https:\/\/api.w.org\/{rel}","templated":true}]}}