{"id":1511,"date":"2021-02-09T19:50:08","date_gmt":"2021-02-09T18:50:08","guid":{"rendered":"https:\/\/www.skeevand.dk\/?page_id=1511"},"modified":"2023-02-06T15:43:07","modified_gmt":"2023-02-06T14:43:07","slug":"indvindingsomraade","status":"publish","type":"page","link":"https:\/\/skeevand.dk\/?page_id=1511","title":{"rendered":"Indvindingsomr\u00e5de"},"content":{"rendered":"\n<p>Vandv\u00e6rket er naturligvis dybt afh\u00e6ngig af, at der findes et tilg\u00e6ngeligt, rent og tilstr\u00e6kkeligt grundvandsreservoir i n\u00e6rheden af v\u00e6rket. Omr\u00e5det vi henter vores vand i, er beskrevet i nedenst\u00e5ende links ;<\/p>\n\n\n\n<p>Skee Vandv\u00e6rk&#8217;s <a href=\"https:\/\/skeevand.dk\/wp-content\/uploads\/2019\/02\/Indvindingsomraade_SkeeVandvaerk.pdf\">indvindingsomr\u00e5de &amp; opland \/ pdf<\/a>.<\/p>\n\n\n\n<p>Skee Vandv\u00e6rk&#8217;s <a href=\"https:\/\/arealinformation.miljoeportal.dk\/html5\/index.html?viewer=distribution&amp;load=6b869165-fc71-4d31-8db5-fb41c8fa71d0\">indvindingsomr\u00e5de \/ Milj\u00f8portalen.<\/a> (Du skal have lidt t\u00e5lmodighed mens vores lag indl\u00e6ses p\u00e5 kortet. De orange felter nitratf\u00f8lsomme omr\u00e5der, og de bl\u00e5 omr\u00e5der er vandindvindingsomr\u00e5der\/-oplande). Skee Vandv\u00e6rk&#8217;s indvindingsopland ligger ikke i et nitratf\u00f8lsomt omr\u00e5de.<\/p>\n\n\n\n<p> En teknisk beskrivelse af kildeplads, indvinding, m\u00e6ngder &amp; dybder <a href=\"https:\/\/ringsted.dk\/sites\/default\/files\/kommunen_-_dialog_indflydelse\/kildepladsbeskrivelse_skee_vandvaerk.pdf\">kan ses her<\/a>, ligesom de specifikke <a href=\"https:\/\/data.geus.dk\/JupiterWWW\/borerapport.jsp?dgunr=211.%20%20471\">oplysninger om vores boring\/boringsrapporten<\/a>.  Vandet fra Skee Vandv\u00e6rk hentes ca. 15m under terr\u00e6n. Vores boring er ca. 32m dyb. <\/p>\n","protected":false},"excerpt":{"rendered":"<p>Vandv\u00e6rket er naturligvis dybt afh\u00e6ngig af, at der findes et tilg\u00e6ngeligt, rent og tilstr\u00e6kkeligt grundvandsreservoir i n\u00e6rheden af v\u00e6rket. Omr\u00e5det vi henter vores vand i, er beskrevet i nedenst\u00e5ende links ; Skee Vandv\u00e6rk&#8217;s indvindingsomr\u00e5de &amp; opland \/ pdf. Skee Vandv\u00e6rk&#8217;s indvindingsomr\u00e5de \/ Milj\u00f8portalen. (Du skal have lidt t\u00e5lmodighed mens vores lag indl\u00e6ses p\u00e5 kortet. De &hellip; <\/p>\n<p class=\"link-more\"><a href=\"https:\/\/skeevand.dk\/?page_id=1511\" class=\"more-link\">L\u00e6s videre<span class=\"screen-reader-text\"> &#8220;Indvindingsomr\u00e5de&#8221;<\/span><\/a><\/p>\n","protected":false},"author":1,"featured_media":0,"parent":268,"menu_order":0,"comment_status":"closed","ping_status":"closed","template":"","meta":{"footnotes":""},"class_list":["post-1511","page","type-page","status-publish","hentry"],"_links":{"self":[{"href":"https:\/\/skeevand.dk\/index.php?rest_route=\/wp\/v2\/pages\/1511","targetHints":{"allow":["GET"]}}],"collection":[{"href":"https:\/\/skeevand.dk\/index.php?rest_route=\/wp\/v2\/pages"}],"about":[{"href":"https:\/\/skeevand.dk\/index.php?rest_route=\/wp\/v2\/types\/page"}],"author":[{"embeddable":true,"href":"https:\/\/skeevand.dk\/index.php?rest_route=\/wp\/v2\/users\/1"}],"replies":[{"embeddable":true,"href":"https:\/\/skeevand.dk\/index.php?rest_route=%2Fwp%2Fv2%2Fcomments&post=1511"}],"version-history":[{"count":3,"href":"https:\/\/skeevand.dk\/index.php?rest_route=\/wp\/v2\/pages\/1511\/revisions"}],"predecessor-version":[{"id":2106,"href":"https:\/\/skeevand.dk\/index.php?rest_route=\/wp\/v2\/pages\/1511\/revisions\/2106"}],"up":[{"embeddable":true,"href":"https:\/\/skeevand.dk\/index.php?rest_route=\/wp\/v2\/pages\/268"}],"wp:attachment":[{"href":"https:\/\/skeevand.dk\/index.php?rest_route=%2Fwp%2Fv2%2Fmedia&parent=1511"}],"curies":[{"name":"wp","href":"https:\/\/api.w.org\/{rel}","templated":true}]}}