{"id":1509,"date":"2021-02-09T19:49:11","date_gmt":"2021-02-09T18:49:11","guid":{"rendered":"https:\/\/www.skeevand.dk\/?page_id=1509"},"modified":"2025-02-01T10:40:01","modified_gmt":"2025-02-01T09:40:01","slug":"vandvaerk-forsyningsnet","status":"publish","type":"page","link":"https:\/\/skeevand.dk\/?page_id=1509","title":{"rendered":"Vandv\u00e6rk &#038; Forsyningsnet"},"content":{"rendered":"\n<p>Den principielle opbygning af dit vandv\u00e6rk, samt forsyningsnettet fremg\u00e5r af nedenst\u00e5ende link :<\/p>\n\n\n\n<p class=\"has-vivid-cyan-blue-color has-text-color has-link-color has-medium-font-size wp-elements-b3cd8a94e2df50119fcdae3e706842b9\">Skee Vandv\u00e6rk&#8217;s <a href=\"https:\/\/ledningsportal.dk\/spatialmap?profile=skeevand\">forsyningsnet \/ -omr\u00e5de<\/a>.<\/p>\n\n\n\n<p class=\"has-medium-font-size\">Skee Vandv\u00e6rk&#8217;s <a href=\"https:\/\/skeevand.dk\/wp-content\/uploads\/2020\/05\/Vandvaerksdiagram_rev2020.pdf\">vandbehandlingsdiagram<\/a>.<\/p>\n\n\n\n<p><\/p>\n","protected":false},"excerpt":{"rendered":"<p>Den principielle opbygning af dit vandv\u00e6rk, samt forsyningsnettet fremg\u00e5r af nedenst\u00e5ende link : Skee Vandv\u00e6rk&#8217;s forsyningsnet \/ -omr\u00e5de. Skee Vandv\u00e6rk&#8217;s vandbehandlingsdiagram.<\/p>\n","protected":false},"author":1,"featured_media":0,"parent":268,"menu_order":0,"comment_status":"closed","ping_status":"closed","template":"","meta":{"footnotes":""},"class_list":["post-1509","page","type-page","status-publish","hentry"],"_links":{"self":[{"href":"https:\/\/skeevand.dk\/index.php?rest_route=\/wp\/v2\/pages\/1509","targetHints":{"allow":["GET"]}}],"collection":[{"href":"https:\/\/skeevand.dk\/index.php?rest_route=\/wp\/v2\/pages"}],"about":[{"href":"https:\/\/skeevand.dk\/index.php?rest_route=\/wp\/v2\/types\/page"}],"author":[{"embeddable":true,"href":"https:\/\/skeevand.dk\/index.php?rest_route=\/wp\/v2\/users\/1"}],"replies":[{"embeddable":true,"href":"https:\/\/skeevand.dk\/index.php?rest_route=%2Fwp%2Fv2%2Fcomments&post=1509"}],"version-history":[{"count":3,"href":"https:\/\/skeevand.dk\/index.php?rest_route=\/wp\/v2\/pages\/1509\/revisions"}],"predecessor-version":[{"id":4473,"href":"https:\/\/skeevand.dk\/index.php?rest_route=\/wp\/v2\/pages\/1509\/revisions\/4473"}],"up":[{"embeddable":true,"href":"https:\/\/skeevand.dk\/index.php?rest_route=\/wp\/v2\/pages\/268"}],"wp:attachment":[{"href":"https:\/\/skeevand.dk\/index.php?rest_route=%2Fwp%2Fv2%2Fmedia&parent=1509"}],"curies":[{"name":"wp","href":"https:\/\/api.w.org\/{rel}","templated":true}]}}