{"id":1507,"date":"2021-02-09T19:47:40","date_gmt":"2021-02-09T18:47:40","guid":{"rendered":"https:\/\/www.skeevand.dk\/?page_id=1507"},"modified":"2025-10-27T11:06:27","modified_gmt":"2025-10-27T10:06:27","slug":"din-maalerbroend","status":"publish","type":"page","link":"https:\/\/skeevand.dk\/?page_id=1507","title":{"rendered":"Din M\u00e5lerbr\u00f8nd &#038; Afl\u00e6sning"},"content":{"rendered":"\n<p>Herunder findes beskrivelse af din m\u00e5lerbr\u00f8nd, ansvarsfordelingen mellem forbruger og vandv\u00e6rk samt hvordan korrekt m\u00e5lerafl\u00e6sning foretages. Det er IKKE L\u00c6NGERE n\u00f8dvendigt, at afl\u00e6se og indsende m\u00e5lerstanden selv. Afl\u00e6sningen finder sted automatisk\/fjernafl\u00e6st d. 31. december, hvert \u00e5r.<\/p>\n\n\n\n<p><a href=\"https:\/\/skeevand.dk\/wp-content\/uploads\/2019\/01\/maalerbrond.jpg\">M\u00e5lerbr\u00f8nden<\/a> &#8211; <a href=\"https:\/\/skeevand.dk\/wp-content\/uploads\/2025\/10\/Nymaaler.png\">Vandm\u00e5leren<\/a> &#8211; <a href=\"https:\/\/skeevand.dk\/wp-content\/uploads\/2023\/12\/Saadan-aflaeser-indberetter-du-vandmaalerstanden-31.dec-v.6.0.pdf\">Afl\u00e6sning af vandm\u00e5ler<\/a><\/p>\n\n\n\n<p>Hold \u00f8je med din vandm\u00e5ler i l\u00f8bet af \u00e5ret &amp; undg\u00e5 dyrt vandspild.  N\u00e5r alle tappesteder, efter m\u00e5lerbr\u00f8nden er lukket, SKAL m\u00e5leren &#8220;st\u00e5 stille&#8221; !    V\u00e6r opm\u00e6rksom p\u00e5, at der kan st\u00e5 vand i bunden af din m\u00e5lerbr\u00f8nd, p\u00e5 den tid af \u00e5ret, hvor det er mest v\u00e5dt i vejret.<\/p>\n\n\n\n<p><a href=\"https:\/\/skeevand.dk\/wp-content\/uploads\/2019\/01\/ansvar_ved_vandmaaler.jpg\">Ansvarsfordelingen<\/a> <\/p>\n\n\n\n<p>M\u00e5lerbr\u00f8nd og vandm\u00e5ler er vandv\u00e6rkets ejendom. De to kuglehaner \/ stop-haner i m\u00e5lerbr\u00f8nden er interessentens ejendom. Vandm\u00e5lere skal skiftes med intervaller p\u00e5 10 \u00e5r, jf. den g\u00e6ldende lovgivning. Alle vandm\u00e5lere hos interessenterne i Skee Vandv\u00e6rk I\/S, blev skiftet i 2017. S\u00e5ledes skal n\u00e6ste udskiftning finde sted senest i 2026\/27.<\/p>\n\n\n\n<p class=\"has-white-color has-text-color has-link-color wp-elements-8e9797cc6fde3a80c99d6ce530fb4e01\">ned<\/p>\n\n\n\n<p class=\"has-white-color has-text-color has-link-color wp-elements-8e9797cc6fde3a80c99d6ce530fb4e01\">ned<\/p>\n\n\n\n<p class=\"has-white-color has-text-color has-link-color has-small-font-size wp-elements-a0d22bd3af0b3262dd3444e53e412f50\"><a href=\"https:\/\/skeevand.dk\/?page_id=4499\">M\u00e5lerskift<\/a><\/p>\n\n\n\n<p><\/p>\n","protected":false},"excerpt":{"rendered":"<p>Herunder findes beskrivelse af din m\u00e5lerbr\u00f8nd, ansvarsfordelingen mellem forbruger og vandv\u00e6rk samt hvordan korrekt m\u00e5lerafl\u00e6sning foretages. Det er IKKE L\u00c6NGERE n\u00f8dvendigt, at afl\u00e6se og indsende m\u00e5lerstanden selv. Afl\u00e6sningen finder sted automatisk\/fjernafl\u00e6st d. 31. december, hvert \u00e5r. M\u00e5lerbr\u00f8nden &#8211; Vandm\u00e5leren &#8211; Afl\u00e6sning af vandm\u00e5ler Hold \u00f8je med din vandm\u00e5ler i l\u00f8bet af \u00e5ret &amp; undg\u00e5 dyrt &hellip; <\/p>\n<p class=\"link-more\"><a href=\"https:\/\/skeevand.dk\/?page_id=1507\" class=\"more-link\">L\u00e6s videre<span class=\"screen-reader-text\"> &#8220;Din M\u00e5lerbr\u00f8nd &#038; Afl\u00e6sning&#8221;<\/span><\/a><\/p>\n","protected":false},"author":1,"featured_media":0,"parent":268,"menu_order":0,"comment_status":"closed","ping_status":"closed","template":"","meta":{"footnotes":""},"class_list":["post-1507","page","type-page","status-publish","hentry"],"_links":{"self":[{"href":"https:\/\/skeevand.dk\/index.php?rest_route=\/wp\/v2\/pages\/1507","targetHints":{"allow":["GET"]}}],"collection":[{"href":"https:\/\/skeevand.dk\/index.php?rest_route=\/wp\/v2\/pages"}],"about":[{"href":"https:\/\/skeevand.dk\/index.php?rest_route=\/wp\/v2\/types\/page"}],"author":[{"embeddable":true,"href":"https:\/\/skeevand.dk\/index.php?rest_route=\/wp\/v2\/users\/1"}],"replies":[{"embeddable":true,"href":"https:\/\/skeevand.dk\/index.php?rest_route=%2Fwp%2Fv2%2Fcomments&post=1507"}],"version-history":[{"count":11,"href":"https:\/\/skeevand.dk\/index.php?rest_route=\/wp\/v2\/pages\/1507\/revisions"}],"predecessor-version":[{"id":4826,"href":"https:\/\/skeevand.dk\/index.php?rest_route=\/wp\/v2\/pages\/1507\/revisions\/4826"}],"up":[{"embeddable":true,"href":"https:\/\/skeevand.dk\/index.php?rest_route=\/wp\/v2\/pages\/268"}],"wp:attachment":[{"href":"https:\/\/skeevand.dk\/index.php?rest_route=%2Fwp%2Fv2%2Fmedia&parent=1507"}],"curies":[{"name":"wp","href":"https:\/\/api.w.org\/{rel}","templated":true}]}}