{"id":1505,"date":"2021-02-09T19:44:15","date_gmt":"2021-02-09T18:44:15","guid":{"rendered":"https:\/\/www.skeevand.dk\/?page_id=1505"},"modified":"2026-02-26T09:41:30","modified_gmt":"2026-02-26T08:41:30","slug":"grundvandsstanden","status":"publish","type":"page","link":"https:\/\/skeevand.dk\/?page_id=1505","title":{"rendered":"Grundvandsstanden"},"content":{"rendered":"\n<p><strong><a href=\"https:\/\/skeevand.dk\/wp-content\/uploads\/2026\/02\/Pejleskema-SkeeVandvaerk-pr.-februar-2026.pdf\">Pejleskema pr. februar 2026<\/a><\/strong><\/p>\n\n\n\n<p>Vandet fra Skee Vandv\u00e6rk hentes fra ca. 14-15m under terr\u00e6n, til ca. 25m under terr\u00e6n, hvor pumpen sidder. Vores boring er ca. 32m dyb.<\/p>\n\n\n\n<p>P\u00e5 Skee Vandv\u00e6rk har vi \u201c<em>historisk<\/em>\u201c, ved pejling, kunne konstatere f\u00f8lgende koter p\u00e5 grundvandsspejlet ift. terr\u00e6n ; <\/p>\n\n\n\n<p><strong>2026<\/strong> : Februar -14,62 , juni -xx,xx , august -xx,xx , november -xx,xx<\/p>\n\n\n\n<p><strong>2025<\/strong> : Februar -14,38 , juni -14,54 , august -14,70 , november -14,63<\/p>\n\n\n\n<p><strong>2024<\/strong> : Februar -14,10 , maj -14,25 , september -14,70 , november &#8211; 14,60<\/p>\n\n\n\n<p><strong>2023<\/strong> : Februar -14,90 , maj &#8211; 14,90 , august &#8211; 15,10 , november &#8211; 16,05<\/p>\n\n\n\n<p><strong>2022 <\/strong>: Februar &#8211; 14,70 , maj &#8211; 14,56 , august &#8211; 15,05 , november &#8211; 15,34<\/p>\n\n\n\n<p><strong>2021<\/strong> : Februar \u2013 14,89 , maj &#8211; 14,74 , august &#8211; 15,03 , november &#8211; <em>15,23<\/em><\/p>\n\n\n\n<p><strong>2020<\/strong> : Maj -14,55 &amp; november &#8211; 15,12<\/p>\n\n\n\n<p><strong>1969<\/strong> : -14,1m , <strong>1975<\/strong> : -14,7m , <strong>2008<\/strong> : -14,05m<\/p>\n\n\n\n<p><\/p>\n","protected":false},"excerpt":{"rendered":"<p>Pejleskema pr. februar 2026 Vandet fra Skee Vandv\u00e6rk hentes fra ca. 14-15m under terr\u00e6n, til ca. 25m under terr\u00e6n, hvor pumpen sidder. Vores boring er ca. 32m dyb. P\u00e5 Skee Vandv\u00e6rk har vi \u201chistorisk\u201c, ved pejling, kunne konstatere f\u00f8lgende koter p\u00e5 grundvandsspejlet ift. terr\u00e6n ; 2026 : Februar -14,62 , juni -xx,xx , august -xx,xx &hellip; <\/p>\n<p class=\"link-more\"><a href=\"https:\/\/skeevand.dk\/?page_id=1505\" class=\"more-link\">L\u00e6s videre<span class=\"screen-reader-text\"> &#8220;Grundvandsstanden&#8221;<\/span><\/a><\/p>\n","protected":false},"author":1,"featured_media":0,"parent":268,"menu_order":0,"comment_status":"closed","ping_status":"closed","template":"","meta":{"footnotes":""},"class_list":["post-1505","page","type-page","status-publish","hentry"],"_links":{"self":[{"href":"https:\/\/skeevand.dk\/index.php?rest_route=\/wp\/v2\/pages\/1505","targetHints":{"allow":["GET"]}}],"collection":[{"href":"https:\/\/skeevand.dk\/index.php?rest_route=\/wp\/v2\/pages"}],"about":[{"href":"https:\/\/skeevand.dk\/index.php?rest_route=\/wp\/v2\/types\/page"}],"author":[{"embeddable":true,"href":"https:\/\/skeevand.dk\/index.php?rest_route=\/wp\/v2\/users\/1"}],"replies":[{"embeddable":true,"href":"https:\/\/skeevand.dk\/index.php?rest_route=%2Fwp%2Fv2%2Fcomments&post=1505"}],"version-history":[{"count":41,"href":"https:\/\/skeevand.dk\/index.php?rest_route=\/wp\/v2\/pages\/1505\/revisions"}],"predecessor-version":[{"id":5021,"href":"https:\/\/skeevand.dk\/index.php?rest_route=\/wp\/v2\/pages\/1505\/revisions\/5021"}],"up":[{"embeddable":true,"href":"https:\/\/skeevand.dk\/index.php?rest_route=\/wp\/v2\/pages\/268"}],"wp:attachment":[{"href":"https:\/\/skeevand.dk\/index.php?rest_route=%2Fwp%2Fv2%2Fmedia&parent=1505"}],"curies":[{"name":"wp","href":"https:\/\/api.w.org\/{rel}","templated":true}]}}