{"id":1464,"date":"2021-02-09T18:11:00","date_gmt":"2021-02-09T17:11:00","guid":{"rendered":"https:\/\/www.skeevand.dk\/?page_id=1464"},"modified":"2025-06-20T10:17:45","modified_gmt":"2025-06-20T08:17:45","slug":"tidligere-blogindlaeg","status":"publish","type":"page","link":"https:\/\/skeevand.dk\/?page_id=1464","title":{"rendered":"Tidligere Blogindl\u00e6g"},"content":{"rendered":"\n<h2 class=\"wp-block-heading\" id=\"tidligere-indlaeg-opslag-pa-hjemmesiden\">Tidligere indl\u00e6g &amp; opslag p\u00e5 hjemmesiden :<\/h2>\n\n\n\n<p><strong>Seneste Blogindl\u00e6g<\/strong> &#8211; <a href=\"https:\/\/skeevand.dk\/wp-content\/uploads\/2025\/06\/Risiko-ift-det-rene-drikkevand-DANVA-11-6-2025.pdf\">Vi risikerer af miste vores rene drikkevand &#8211; DANVA  d. 12-6-2025<\/a><\/p>\n\n\n\n<p><a href=\"https:\/\/skeevand.dk\/wp-content\/uploads\/2025\/06\/Arbejdsdag-Boringsvideo-10-5-2025.pdf\">12-5-2025- Arbejdsdag &amp; Boringsvideo d. 9. &amp; 10. maj 2025<\/a><\/p>\n\n\n\n<p><a href=\"https:\/\/skeevand.dk\/wp-content\/uploads\/2025\/03\/Maaler-udskiftning-gennemfoert-25-3-2025.pdf\">25-3-2025 &#8211; Nye vandm\u00e5lere monteret<\/a><\/p>\n\n\n\n<p><a href=\"https:\/\/skeevand.dk\/wp-content\/uploads\/2025\/03\/Beskyttelse-af-drikkevandet-og-groenne-loesninger-\u2013-to-sider-af-samme-sag-21-3-2025.pdf\">21-3-2025 &#8211; Konference p\u00e5 Christiansborg 21-3-2025<\/a><\/p>\n\n\n\n<p><a href=\"https:\/\/skeevand.dk\/wp-content\/uploads\/2025\/03\/Konstituering-paa-bestyrelsesmoedet-d.11-3-2025.pdf\">11-3-2025 &#8211; Konstituering i bestyrelsen<\/a><\/p>\n\n\n\n<p><a href=\"https:\/\/skeevand.dk\/wp-content\/uploads\/2025\/03\/Nye-vandmaalere-d.-25-3-2025.pdf\">D. 6-3-2025 &#8211; Nye vandm\u00e5lere 25-3-2025<\/a><\/p>\n\n\n\n<p><a href=\"https:\/\/skeevand.dk\/wp-content\/uploads\/2025\/02\/Generalforsamlingen-d.-25-2-2025.pdf\">D. 25-2-2025 &#8211; Generalforsamlingen 25-2-2025<\/a><\/p>\n\n\n\n<p><a href=\"https:\/\/skeevand.dk\/wp-content\/uploads\/2025\/02\/Generalforsamling-d.-25.-februar-2025-kl.1900.pdf\">D. 2-2-2025 &#8211; Indkaldelse til Generalforsamling &#8211; d. 25-2-2025<\/a><\/p>\n\n\n\n<p><a href=\"https:\/\/skeevand.dk\/wp-content\/uploads\/2025\/02\/Indlaeg-paa-skolen-18-2-2025.pdf\">D. 18-2-2025 &#8211; Indl\u00e6g p\u00e5 Skolen for My &amp; Omega<\/a><\/p>\n\n\n\n<p><a href=\"https:\/\/skeevand.dk\/wp-content\/uploads\/2025\/01\/Takstblad-2025-Godkendt-30-1-2025.pdf\">D. 30-1-2025 &#8211; Takstblad for 2025 Godkendt &#8211; D. 30. 1. 2025<\/a><\/p>\n\n\n\n<p><a href=\"https:\/\/skeevand.dk\/wp-content\/uploads\/2025\/01\/Takstblad-2025-3-1-2025.pdf\">D. 3-1-2025 &#8211; Takstblad for 2025 &#8211; sendt til godkendelse<\/a><\/p>\n\n\n\n<p><a href=\"https:\/\/skeevand.dk\/wp-content\/uploads\/2024\/12\/Maaleraflaesningstid-28-12-2024.pdf\">D. 28-12-2024 &#8211; S\u00e5 er det m\u00e5lerafl\u00e6sningstid<\/a><\/p>\n\n\n\n<p><a href=\"https:\/\/skeevand.dk\/wp-content\/uploads\/2025\/01\/DR-P1-\u2013-Ubegribeligt-m.-Huxi-Bach-3-11-2024.pdf\">D. 3-11-204 &#8211; Ubegribeligt med Huxi Bach<\/a><\/p>\n\n\n\n<p>D. 14-9-2024 &#8211; <a href=\"https:\/\/skeevand.dk\/wp-content\/uploads\/2024\/09\/Aaben-hus-HBN_7.0-14-9-2024.pdf\">HBN 7.0<\/a> &amp; <a href=\"https:\/\/skeevand.dk\/wp-content\/uploads\/2024\/09\/Dette-er-skraemmende-laesning-13-9-2024.pdf\">Skr\u00e6mmende l\u00e6sning \/ pesticider<\/a><\/p>\n\n\n\n<p>D. 5-9-2024 &#8211; <a href=\"https:\/\/skeevand.dk\/wp-content\/uploads\/2024\/09\/Seneste-analysetal-d.5-9-2024.pdf\">Seneste vandanalyser<\/a> &amp; <a href=\"https:\/\/skeevand.dk\/wp-content\/uploads\/2024\/09\/HBN_7.0-vandvaerket-14-9-2024.pdf\">HBN7.0<\/a><\/p>\n\n\n\n<p><a href=\"https:\/\/skeevand.dk\/wp-content\/uploads\/2024\/05\/Forbud-mod-sproejtning-indenfor-BNBO-Maj-2024.pdf\">D. 22-5-2024 &#8211; BNBO spr\u00f8jteforbud vedtaget 21.5.2024<\/a><\/p>\n\n\n\n<p><a href=\"https:\/\/skeevand.dk\/wp-content\/uploads\/2024\/01\/Generalforsamling-d.-27.-februar-2024-kl.1930.pdf\">D. 27-2-2024 &#8211; Indkaldelse til generalforsamling 2024<\/a><\/p>\n\n\n\n<p><a href=\"http:\/\/skeevand.dk\/wp-content\/uploads\/2023\/12\/Maaleraflaesningstid-27-12-2023.pdf\">D. 27-12-2023 &#8211; S\u00e5 er det m\u00e5lerafl\u00e6sningstid pr. 31. december<\/a><\/p>\n\n\n\n<p><a href=\"https:\/\/skeevand.dk\/wp-content\/uploads\/2023\/12\/Seneste-analysetal-d.4-10-2023.pdf\">D. 3-10-2023 &#8211; Seneste vandanalyser pr. 3-10-2023<\/a><\/p>\n\n\n\n<p><a href=\"http:\/\/skeevand.dk\/wp-content\/uploads\/2023\/05\/LER2.0-er-i-drift-d.8-5-2023.pdf\">D. 8-5-2023 &#8211; LER 2.0 er i drift d. 8-5-2023<\/a><\/p>\n\n\n\n<p><a href=\"https:\/\/skeevand.dk\/wp-content\/uploads\/2023\/03\/Konstituering-paa-bestyrelsesmoedet-d.7-3-2023.pdf\">D. 8-3-2023 &#8211; Konstituering p\u00e5 bestyrelsesm\u00f8det d. 7-3-2023<\/a>.<\/p>\n\n\n\n<p><a href=\"https:\/\/skeevand.dk\/wp-content\/uploads\/2023\/03\/Forhoejelse-af-det-faste-bidrag-1.Marts-2023.pdf\">D. 1-3-2023 &#8211; Forh\u00f8jelse af det faste bidrag<\/a><\/p>\n\n\n\n<p><a href=\"https:\/\/skeevand.dk\/wp-content\/uploads\/2023\/01\/Generalforsamling-d.-22.-februar-2023-kl.1930.pdf\">D. 31-1-2023 &#8211; Indkaldelse til generalforsamling 2023<\/a><\/p>\n\n\n\n<p><a href=\"https:\/\/skeevand.dk\/wp-content\/uploads\/2023\/01\/Seneste-fund-af-nedbrygningsstoffer-fra-sproejtemiddel-Januar-2023.pdf\">D. 17-1-2023 &#8211; Fund af nye spr\u00f8jtemiddelrester<\/a><\/p>\n\n\n\n<p><a href=\"https:\/\/skeevand.dk\/wp-content\/uploads\/2023\/01\/Maaleraflaesningstid-28-12-2022.pdf\">D. 28-12-2022 &#8211; S\u00e5 er det m\u00e5lerafl\u00e6sningstid<\/a><\/p>\n\n\n\n<p><a href=\"https:\/\/skeevand.dk\/wp-content\/uploads\/2022\/11\/Virker-Kalkknuseren-paa-vandvaerket-21-11-2022.pdf\">D. 21-11-2022 &#8211; Virker Kalkknuseren p\u00e5 Vandv\u00e6rket<\/a><\/p>\n\n\n\n<p><a href=\"https:\/\/skeevand.dk\/wp-content\/uploads\/2022\/09\/Udskiftning-af-vejunderfoering-ved-vandvaerket-27-9-2022.pdf\">D. 27-9-2022 &#8211; Udskiftning af vejunderf\u00f8ring ved v\u00e6rket<\/a><\/p>\n\n\n\n<p><a href=\"https:\/\/skeevand.dk\/wp-content\/uploads\/2022\/09\/HBN_6.0-vandvaerket-10-9-2022.pdf\">D. 10-9-2022 &#8211; Haraldsted By Night 6.0<\/a><\/p>\n\n\n\n<p><a href=\"https:\/\/skeevand.dk\/wp-content\/uploads\/2022\/08\/Styring-af-vandvaerket-og-HBN_6.0-d.-15-8-2022.pdf\">D. 15-8-2022 SRO &#8211; Luft i pumper &#8211; HBN_6.0<\/a><\/p>\n\n\n\n<p><a href=\"https:\/\/skeevand.dk\/wp-content\/uploads\/2022\/06\/Vandafbrydelse-tirsdag-d.-14.-juni-2022-d.-14-6-2022.pdf\">Vandafbrydelse d. 14-6-2022 &#8211; udskiftning af ventil<\/a><\/p>\n\n\n\n<p><a href=\"https:\/\/skeevand.dk\/wp-content\/uploads\/2022\/05\/BIODIVERSITET.jpg\">Danske Vandv\u00e6rkers indl\u00e6g om vores blomstereng 20-5-2022<\/a><\/p>\n\n\n\n<p><a href=\"https:\/\/skeevand.dk\/wp-content\/uploads\/2022\/05\/Vandafbrydelse-onsdag-d.-11.-maj-2022-d.-7-5-2022.pdf\">Vandafbrydelse onsdag d. 11-5-2022<\/a><\/p>\n\n\n\n<p><a href=\"https:\/\/skeevand.dk\/wp-content\/uploads\/2022\/04\/Tilladelse-til-vores-kalkbehandling-d.-7-4-2022.pdf\">Tilladelse til etablering af kalkknuser d. 7-4-2022<\/a><\/p>\n\n\n\n<p><a href=\"https:\/\/skeevand.dk\/wp-content\/uploads\/2022\/03\/Konstituering-paa-bestyrelsesmoedet-d.8-3-2022.pdf\">Konstituering p\u00e5 bestyrelsesm\u00f8de d. 8-3-2022<\/a><\/p>\n\n\n\n<p><a href=\"https:\/\/skeevand.dk\/wp-content\/uploads\/2022\/02\/Generalforsamling-d.-23.-februar-2022-kl.1930-kalkforsoeget.pdf\">Generalforsamling d. 23-2-2022 &amp; kalkfors\u00f8get<\/a><\/p>\n\n\n\n<p><a href=\"https:\/\/skeevand.dk\/wp-content\/uploads\/2022\/01\/Dokumentar-om-grundvandsforurening-paa-DR.dk-3-1-2022.pdf\">Mini-dokumentar om forurening af grundvand p\u00e5 DR.dk<\/a><\/p>\n\n\n\n<p><a href=\"https:\/\/skeevand.dk\/wp-content\/uploads\/2021\/11\/Drikkevandskonferrance-18-11-2021.pdf\">Drikkevandskonference p\u00e5 Christiansborg d. 18-11-2021<\/a><\/p>\n\n\n\n<p><a href=\"https:\/\/skeevand.dk\/wp-content\/uploads\/2021\/11\/Utaethed-repareret-16-11-2021.pdf\">Ut\u00e6thed udbedret 16-11-2021<\/a><\/p>\n\n\n\n<p><a href=\"https:\/\/skeevand.dk\/wp-content\/uploads\/2021\/11\/Ny-grundvandspumpe-vandmiljoe-m.m.-16-11-2021.pdf\">Ny grundvandspumpe, vandmilj\u00f8 m.m. 16-11-2021<\/a><\/p>\n\n\n\n<p><a href=\"https:\/\/skeevand.dk\/wp-content\/uploads\/2021\/10\/Miljoestyrelsen-igangsaetter-ny-pesticidscreening-af-drikkevandet-4-10-2021.pdf\">Milj\u00f8styrelsen igangs\u00e6tter ny massescreening af drikkevandet<\/a><\/p>\n\n\n\n<p><a href=\"https:\/\/skeevand.dk\/wp-content\/uploads\/2021\/10\/Seneste-vandanalyse-Sept.2021-1-10-2021.pdf\">Seneste vandanalyse &#8211; Sept.2021  1-10-2021<\/a><\/p>\n\n\n\n<p><a href=\"https:\/\/skeevand.dk\/wp-content\/uploads\/2021\/10\/Opfoelgning-vedr.-PFAS-kommende-sproejteforbud-21-9-2021.pdf\">Opf\u00f8lgning vedr. PFAS &amp; kommende spr\u00f8jteforbud 21-9-2021<\/a><\/p>\n\n\n\n<p><a href=\"https:\/\/skeevand.dk\/wp-content\/uploads\/2021\/09\/Legionella-vand-Det-skriver-vores-forening-d.17-9-2021.pdf\">Legionella &amp; vand&nbsp; &#8211;&nbsp; Det skriver vores forening d.17-9-2021<\/a><\/p>\n\n\n\n<p><a href=\"https:\/\/skeevand.dk\/wp-content\/uploads\/2021\/06\/Miljoestyrelsen-skaerper-8-6-2021-PFAS-graensevaerdierne.pdf\">Milj\u00f8styrelsen sk\u00e6rper PFAS-gr\u00e6nsev\u00e6rdierne 8. juni 2021<\/a><\/p>\n\n\n\n<p><a href=\"https:\/\/skeevand.dk\/wp-content\/uploads\/2021\/05\/Generalforsamling-d.-8.-juni-2021-kl.-1930.pdf\">Generalforsamling i dit vandv\u00e6rk 8. juni 2021<\/a><\/p>\n\n\n\n<p><a href=\"https:\/\/skeevand.dk\/wp-content\/uploads\/2021\/04\/Nye-doere-og-vinduer-11-4-2021.pdf\">Nye d\u00f8re &amp; vinduer i dit vandv\u00e6rk 11-4-2021<\/a><\/p>\n\n\n\n<p><a href=\"https:\/\/skeevand.dk\/wp-content\/uploads\/2021\/03\/Anden-massescreening-af-grundvandet-er-gennemfoert-27-3-2021.pdf\">Anden massescreening af grundvandet er gennemf\u00f8rt 27-3-2021<\/a><\/p>\n\n\n\n<p><a href=\"https:\/\/skeevand.dk\/wp-content\/uploads\/2021\/02\/Generalforsamlingen-der-blev-aflyst-24-2-2021.pdf\">Generalforsamlingen der blev aflyst 24-2-2021<\/a><\/p>\n\n\n\n<p><a href=\"https:\/\/skeevand.dk\/wp-content\/uploads\/2021\/02\/Slap-straale-Frostskade-17-2-2021.pdf\">&#8220;Slap Str\u00e5le&#8221; &amp; Frostskade 17-2-2021<\/a><\/p>\n\n\n\n<p><a href=\"https:\/\/skeevand.dk\/wp-content\/uploads\/2021\/01\/GF-2021-Nyt-kemikaliefund-i-drikkevand-.pdf\">Aflyst generalforsamling &amp; Nyt stof fundet , 28-1-2021  <\/a><\/p>\n\n\n\n<p><a href=\"https:\/\/skeevand.dk\/wp-content\/uploads\/2021\/01\/GF-2021-VAP-rapporten-2020.pdf\">GF-2021 &amp; VAP-rapporten 2020 ,  d. 19-1-2021<\/a><\/p>\n\n\n\n<p><a href=\"https:\/\/skeevand.dk\/wp-content\/uploads\/2021\/05\/Flotte-analysetal-igen-ultimo-september-2020.pdf\">Flotte analysetal igen ultimo september 2020.<\/a><\/p>\n\n\n\n<p><a href=\"https:\/\/skeevand.dk\/wp-content\/uploads\/2020\/08\/FVD-VANDMANGEL-14-8-2020.pdf\">Det skrev vores forening omkring &#8220;<em>vandmangel<\/em>&#8221; d. 14. august 2020, i den ugentlige nyhedsmail. <\/a><\/p>\n\n\n\n<p><a href=\"https:\/\/skeevand.dk\/wp-content\/uploads\/2020\/07\/Vandafbrydelse-3-7-2020-Ledningsarbejdet-ved-vandvaerket-afsluttet.pdf\">Vandafbrydelse d. 3. juli 2020  &#8211;  Ledningsarbejdet omkring vandv\u00e6rket er nu afsluttet.<\/a><\/p>\n\n\n\n<p><a href=\"https:\/\/skeevand.dk\/wp-content\/uploads\/2020\/07\/Vandafbrydelse-fredag-d.-3-7-2020-Ledningsarbejdet-paa-Skeevej-Stestrupvej.pdf\">Vandafbrydelse fredag d. 3. juli 2020 ifm. ledningsarbejdet ved vandv\u00e6rket<\/a><\/p>\n\n\n\n<p><a href=\"https:\/\/skeevand.dk\/wp-content\/uploads\/2020\/06\/Ledningsarbejde-paa-Skeevej-Stestrupvej-22.-24.6.2020.pdf\">Vandafbrydelse ifm. ledningsarbejde 23.-24. juni 2020<\/a><\/p>\n\n\n\n<p><a href=\"https:\/\/skeevand.dk\/wp-content\/uploads\/2020\/04\/Service-paa-vandvaerket-21-4-2020.pdf\">Service p\u00e5 vandv\u00e6rket 21-4-2020<\/a><\/p>\n\n\n\n<p><a href=\"https:\/\/skeevand.dk\/wp-content\/uploads\/2020\/03\/Omtanke-omkring-vores-grundvand-23-3-2020.pdf\">Vandsamarbejde &amp; Omtanke ift. vores grundvand<\/a><\/p>\n\n\n\n<p><a href=\"https:\/\/skeevand.dk\/wp-content\/uploads\/2020\/03\/Vandforsyning-og-COVID19-17-3-2020.pdf\">Du kan trygt &#8220;<em>g\u00e5 ombord<\/em>&#8221; i det gode vand fra Skee Vandv\u00e6rk<\/a><\/p>\n\n\n\n<p><a href=\"https:\/\/skeevand.dk\/wp-content\/uploads\/2020\/03\/Fejl-i-analyse-af-det-hormonforstyrrende-Amitrol-d.-12.-marts-2020.pdf\">Fejl i analyse af det hormonforstyrrende stof Amitrol<\/a><\/p>\n\n\n\n<p><a href=\"https:\/\/skeevand.dk\/wp-content\/uploads\/2020\/03\/Konstituering-paa-bestyrelsesmoedet-d.-11.-marts-2020.pdf\">Konstituering efter bestyrelsesm\u00f8de 11. marts 2020 <\/a><\/p>\n\n\n\n<p><a href=\"https:\/\/skeevand.dk\/wp-content\/uploads\/2020\/02\/Seneste-fund-af-pesticider-i-drikkevandet-Februar-2020.pdf\">Seneste fund af pesticider i drikkevandet &#8211; Februar 2020<\/a><\/p>\n\n\n\n<p><a href=\"https:\/\/skeevand.dk\/wp-content\/uploads\/2019\/12\/Maaleraflaesning-GF-2020-og-Hjemmeside-flytning-d.16.-december-2019.pdf\">M\u00e5lerafl\u00e6sning, GF-2020 og Hjemmeside-flytning  16. december 2019<\/a><\/p>\n\n\n\n<p><a href=\"https:\/\/skeevand.dk\/wp-content\/uploads\/2019\/11\/Ledningssporing-ved-vandvaerket-uge-47-2019.pdf\">Ledningssporing ved vandv\u00e6rket uge 47-2019<\/a><\/p>\n\n\n\n<p><a href=\"https:\/\/skeevand.dk\/wp-content\/uploads\/2021\/02\/Miljoestyrelsen-aendrer-graensevaerdien-for-CTA.pdf\">Milj\u00f8styrelsen \u00e6ndrer gr\u00e6nsev\u00e6rdien for CTA<\/a><\/p>\n\n\n\n<p><a href=\"https:\/\/skeevand.dk\/wp-content\/uploads\/2019\/05\/Saa-kan-vi-udpumpe-vand-igen-2.-maj-2019.pdf\">S\u00e5 er vi i drift igen 2.maj 2019<\/a><\/p>\n\n\n\n<p><a href=\"https:\/\/skeevand.dk\/wp-content\/uploads\/2019\/05\/Driftsproblem-Ledningsbrud-i-gl.-ledning-2.-maj-2019.pdf\">Driftsproblem 2.maj 2019<\/a><\/p>\n\n\n\n<p><a href=\"https:\/\/skeevand.dk\/wp-content\/uploads\/2021\/02\/Seneste-fund-af-pesticidrester-i-drikkevand-April-2019.pdf\">Seneste fund af pesticider i drikkevand i Danmark 1.maj 2019<\/a><\/p>\n\n\n\n<p><a href=\"https:\/\/skeevand.dk\/wp-content\/uploads\/2021\/02\/Vedtaegtsaendring-vedtaget-27.-marts-2019.pdf\">Vedtagelsen af vedt\u00e6gts\u00e6ndring d. 27. marts 2019<\/a><\/p>\n","protected":false},"excerpt":{"rendered":"<p>Tidligere indl\u00e6g &amp; opslag p\u00e5 hjemmesiden : Seneste Blogindl\u00e6g &#8211; Vi risikerer af miste vores rene drikkevand &#8211; DANVA d. 12-6-2025 12-5-2025- Arbejdsdag &amp; Boringsvideo d. 9. &amp; 10. maj 2025 25-3-2025 &#8211; Nye vandm\u00e5lere monteret 21-3-2025 &#8211; Konference p\u00e5 Christiansborg 21-3-2025 11-3-2025 &#8211; Konstituering i bestyrelsen D. 6-3-2025 &#8211; Nye vandm\u00e5lere 25-3-2025 D. 25-2-2025 &hellip; <\/p>\n<p class=\"link-more\"><a href=\"https:\/\/skeevand.dk\/?page_id=1464\" class=\"more-link\">L\u00e6s videre<span class=\"screen-reader-text\"> &#8220;Tidligere Blogindl\u00e6g&#8221;<\/span><\/a><\/p>\n","protected":false},"author":1,"featured_media":0,"parent":543,"menu_order":0,"comment_status":"closed","ping_status":"closed","template":"","meta":{"footnotes":""},"class_list":["post-1464","page","type-page","status-publish","hentry"],"_links":{"self":[{"href":"https:\/\/skeevand.dk\/index.php?rest_route=\/wp\/v2\/pages\/1464","targetHints":{"allow":["GET"]}}],"collection":[{"href":"https:\/\/skeevand.dk\/index.php?rest_route=\/wp\/v2\/pages"}],"about":[{"href":"https:\/\/skeevand.dk\/index.php?rest_route=\/wp\/v2\/types\/page"}],"author":[{"embeddable":true,"href":"https:\/\/skeevand.dk\/index.php?rest_route=\/wp\/v2\/users\/1"}],"replies":[{"embeddable":true,"href":"https:\/\/skeevand.dk\/index.php?rest_route=%2Fwp%2Fv2%2Fcomments&post=1464"}],"version-history":[{"count":76,"href":"https:\/\/skeevand.dk\/index.php?rest_route=\/wp\/v2\/pages\/1464\/revisions"}],"predecessor-version":[{"id":4787,"href":"https:\/\/skeevand.dk\/index.php?rest_route=\/wp\/v2\/pages\/1464\/revisions\/4787"}],"up":[{"embeddable":true,"href":"https:\/\/skeevand.dk\/index.php?rest_route=\/wp\/v2\/pages\/543"}],"wp:attachment":[{"href":"https:\/\/skeevand.dk\/index.php?rest_route=%2Fwp%2Fv2%2Fmedia&parent=1464"}],"curies":[{"name":"wp","href":"https:\/\/api.w.org\/{rel}","templated":true}]}}