{"id":118,"date":"2018-12-04T09:14:49","date_gmt":"2018-12-04T08:14:49","guid":{"rendered":"http:\/\/localhost\/wordpress\/?page_id=118"},"modified":"2026-02-26T09:10:01","modified_gmt":"2026-02-26T08:10:01","slug":"priser","status":"publish","type":"page","link":"https:\/\/skeevand.dk\/?page_id=118","title":{"rendered":"Priser &#038; Regnskab"},"content":{"rendered":"\n<p class=\"has-vivid-cyan-blue-color has-text-color has-normal-font-size\">Lidt om <strong><a href=\"https:\/\/skeevand.dk\/wp-content\/uploads\/2026\/01\/Prisudvikling_2013_2026.pdf\">prisudviklingen<\/a><\/strong> (excl.moms) p\u00e5 vand &amp; spildevand<\/p>\n\n\n\n<p class=\"has-vivid-cyan-blue-color has-text-color has-normal-font-size\">Lidt om <strong><a href=\"https:\/\/skeevand.dk\/wp-content\/uploads\/2026\/01\/Det_koster_1m3_vand_2026.pdf\">omkostningsfordelingen<\/a><\/strong> (excl.moms) p\u00e5 1 m3 vand<\/p>\n\n\n\n<p class=\"has-vivid-cyan-blue-color has-text-color has-link-color wp-elements-e454d48dc630c053fed3a4ac07137509\"><strong>Skee Vandv\u00e6rk&#8217;s kontonummer hos Nykredit ;  8117 \u2013 1671957<\/strong>&nbsp;<\/p>\n\n\n\n<p class=\"has-vivid-cyan-blue-color has-text-color\" style=\"font-size:26px\"><strong>Takster Skee Vandv\u00e6rk 2026 :<\/strong><\/p>\n\n\n\n<p><strong>Takster pr. 1. januar 2026<\/strong>&#8230;&#8230;&#8230;&#8230;&#8230;&#8230;&#8230;&#8230;&#8230;&#8230;&#8230;&#8230;&#8230;&#8230;&#8230;&#8230;&#8230;..<strong>Inkl. moms&nbsp; <\/strong><\/p>\n\n\n\n<p><strong>Fast \u00e5rligt bidrag pr. boligenhed\/interessent&nbsp;&nbsp;&nbsp;&nbsp;&nbsp;&nbsp;&nbsp;&nbsp;&nbsp;&nbsp;&nbsp;&nbsp;&nbsp; kr&nbsp;&nbsp; &nbsp;&nbsp;&nbsp;&nbsp;&nbsp;1.231,24 <\/strong><\/p>\n\n\n\n<p><strong><strong>Fast \u00e5rligt bidrag pr. m\u00e5ler&nbsp;&nbsp;&nbsp;&nbsp;&nbsp;&nbsp; &nbsp;&nbsp;&nbsp;&nbsp;&nbsp;&nbsp;&nbsp;&nbsp;&nbsp;&nbsp;&nbsp;&nbsp;&nbsp;&nbsp;&nbsp;&nbsp;&nbsp;&nbsp;&nbsp;&nbsp;&nbsp;&nbsp;&nbsp;&nbsp;&nbsp;&nbsp;&nbsp;&nbsp;&nbsp;&nbsp;&nbsp;&nbsp;&nbsp;&nbsp;&nbsp;&nbsp;&nbsp;&nbsp;&nbsp;&nbsp; &nbsp;&nbsp;&nbsp;&nbsp;&nbsp;&nbsp;<\/strong><\/strong> <strong><strong>kr.&nbsp;&nbsp;&nbsp; &nbsp; &nbsp;&nbsp;&nbsp;&nbsp; 240,00 <\/strong><\/strong><\/p>\n\n\n\n<p><strong>Pris pr. m3&nbsp;&nbsp;&nbsp;&nbsp;&nbsp;&nbsp; &nbsp;&nbsp;&nbsp;&nbsp;&nbsp;&nbsp;&nbsp;&nbsp;&nbsp;&nbsp;&nbsp;&nbsp;&nbsp;&nbsp;&nbsp;&nbsp;&nbsp;&nbsp;&nbsp;&nbsp;&nbsp;&nbsp;&nbsp;&nbsp;&nbsp;&nbsp;&nbsp;&nbsp;&nbsp;&nbsp;&nbsp;&nbsp;&nbsp;&nbsp;&nbsp;&nbsp;&nbsp;&nbsp;&nbsp;&nbsp;&nbsp;&nbsp;&nbsp;&nbsp;&nbsp;&nbsp;&nbsp;&nbsp;&nbsp;&nbsp;&nbsp;&nbsp;&nbsp;&nbsp;&nbsp;&nbsp;&nbsp;&nbsp;&nbsp;&nbsp;&nbsp;&nbsp;&nbsp;&nbsp;&nbsp;&nbsp;&nbsp;&nbsp;&nbsp;&nbsp;&nbsp;&nbsp;&nbsp;&nbsp;&nbsp;&nbsp;&nbsp;&nbsp;&nbsp;&nbsp;&nbsp; &nbsp;&nbsp;&nbsp;&nbsp; kr.&nbsp;&nbsp;&nbsp; &nbsp; &nbsp;&nbsp;&nbsp;&nbsp; 12,82 <\/strong><\/p>\n\n\n\n<p><strong>Statsafgift af ledningsf\u00f8rt vand pr. m3<\/strong><\/p>\n\n\n\n<p>( Vandskat, der er h\u00e6vet til 6,37 + moms pr. 1.2.2021 ) &nbsp;&nbsp;<strong>kr.&nbsp;&nbsp;&nbsp;&nbsp; &nbsp;&nbsp;&nbsp;&nbsp;&nbsp;7,96 <\/strong><\/p>\n\n\n\n<p><strong>Anl\u00e6gsbidrag (tilslutningsafgift for ny forbruger) <\/strong><\/p>\n\n\n\n<p>Pr. boligenhed, forretning, landbrug. 32-40mm PEL-stik&nbsp;<strong>kr. 42.500,00<\/strong> I tilf\u00e6lde af, at der p\u00e5 ejendommen, der \u00f8nskes tilsluttet, allerede er etableret en godkendt m\u00e5lerbr\u00f8nd, stophaner, PEL-stik etc., kan tilslutningsafgiften reduceres med markedsprisen p\u00e5 de eksisterende materialer. V\u00e6rdien af det udf\u00f8rte arbejde, gravearbejde, vejunderf\u00f8ringer etc, i denne forbindelse, giver ikke anledning til fradrag.<\/p>\n\n\n\n<p>Pr. landbrug, industri mv. m. stik st\u00f8rre end 40mm PEL&nbsp; <strong>kr.<\/strong>&nbsp;&nbsp; &nbsp;&nbsp;&nbsp; <strong>tilbud<\/strong>*) <\/p>\n\n\n\n<p><strong>*)  Tilbud<\/strong> der skal godkendes i Ringsted Kommune.<\/p>\n\n\n\n<p><strong>Tilslutningsafgiften skal v\u00e6re betalt f\u00f8r tilslutningen foretages, og\nomfatter stikledning frem til \u00e9n meter inde p\u00e5 grund, incl. evt. vejunderf\u00f8ring\no.lign.<\/strong><\/p>\n\n\n\n<p><strong>Gebyrer<\/strong>&nbsp;&nbsp;&nbsp;&nbsp;&nbsp;&nbsp;&nbsp;&nbsp;&nbsp;&nbsp;&nbsp;  &nbsp;&nbsp;&nbsp;&nbsp;&nbsp;&nbsp;&nbsp;&nbsp;&nbsp;&nbsp;&nbsp;&nbsp;&nbsp;&nbsp;&nbsp;&nbsp;&nbsp;&nbsp;&nbsp;&nbsp;&nbsp;&nbsp;&nbsp;&nbsp;&nbsp;&nbsp;&nbsp;&nbsp;&nbsp;&nbsp;&nbsp;&nbsp;&nbsp;&nbsp;&nbsp;&nbsp;&nbsp;&nbsp;&nbsp;&nbsp;&nbsp;&nbsp;&nbsp;&nbsp;&nbsp;&nbsp;&nbsp;&nbsp;&nbsp;&nbsp;&nbsp;&nbsp;&nbsp;&nbsp;&nbsp;&nbsp;&nbsp;&nbsp;&nbsp;&nbsp;&nbsp;&nbsp;&nbsp;&nbsp;&nbsp;&nbsp;&nbsp;&nbsp;&nbsp;&nbsp;&nbsp;&nbsp;&nbsp;&nbsp;&nbsp;&nbsp;&nbsp;&nbsp;&nbsp;&nbsp;&nbsp;&nbsp;&nbsp;&nbsp;&nbsp; <strong>&nbsp;&nbsp;&nbsp;&nbsp;    &nbsp;Inkl. moms <\/strong><\/p>\n\n\n\n<p>Rykkergebyr manglende betaling&nbsp; (momsfrit)&nbsp;&nbsp;&nbsp;&nbsp;&nbsp;&nbsp;&nbsp;&nbsp;&nbsp;&nbsp;&nbsp;&nbsp;&nbsp;&nbsp;&nbsp;&nbsp;&nbsp;&nbsp;&nbsp;&nbsp; kr.&nbsp;&nbsp;&nbsp;&nbsp;&nbsp;&nbsp;&nbsp; 106,50 &nbsp;<\/p>\n\n\n\n<p>Gebyr for, for sen selvafl\u00e6sning af m\u00e5ler&nbsp;&nbsp; (udg\u00e5et) &nbsp;        &nbsp;&nbsp;&nbsp;&nbsp;                                                                &nbsp;        kr.&nbsp;&nbsp;&nbsp;&nbsp;&nbsp;&nbsp;&nbsp;      0,00 &nbsp;<\/p>\n\n\n\n<p>Gebyr for afl\u00e6sning af vandm\u00e5ler  (udg\u00e5et)&nbsp;&nbsp;&nbsp;&nbsp;&nbsp;&nbsp;&nbsp;&nbsp;&nbsp;&nbsp;&nbsp;&nbsp;&nbsp;&nbsp;&nbsp;&nbsp;&nbsp;&nbsp;&nbsp;&nbsp;&nbsp;&nbsp;   &nbsp;&nbsp;&nbsp; kr.&nbsp;&nbsp;&nbsp;&nbsp;&nbsp; &nbsp;&nbsp;     0,00<\/p>\n\n\n\n<p>Gebyr for oplysninger til adv.\/ejd.m\u00e6gler v\/hushandel&nbsp;&nbsp; kr.&nbsp;&nbsp;&nbsp; &nbsp;&nbsp;&nbsp;333,75<\/p>\n\n\n\n<p>Lukke gebyr <strong>1)<\/strong>&nbsp;&nbsp;&nbsp;&nbsp;&nbsp; (momsfrit)&nbsp;&nbsp;&nbsp;&nbsp;&nbsp;&nbsp;&nbsp;&nbsp;&nbsp;&nbsp;&nbsp;&nbsp;&nbsp;&nbsp;&nbsp;&nbsp;&nbsp;&nbsp;&nbsp;&nbsp;&nbsp;&nbsp;&nbsp;&nbsp;&nbsp;&nbsp;&nbsp; &nbsp;&nbsp;&nbsp;&nbsp;&nbsp;&nbsp;&nbsp;&nbsp;&nbsp;&nbsp;&nbsp;&nbsp;&nbsp;&nbsp;&nbsp;&nbsp;&nbsp;&nbsp;&nbsp;&nbsp;&nbsp;&nbsp;&nbsp;&nbsp;&nbsp;&nbsp; &nbsp;&nbsp; kr.&nbsp;&nbsp;&nbsp;&nbsp;&nbsp;&nbsp; 532,50 &nbsp;<\/p>\n\n\n\n<p>Gen\u00e5bningsgebyr <strong>1)<\/strong>&nbsp;&nbsp;&nbsp;&nbsp;&nbsp;&nbsp;&nbsp;&nbsp;&nbsp;&nbsp;&nbsp;&nbsp;&nbsp;&nbsp;&nbsp;&nbsp;&nbsp; &nbsp;&nbsp;&nbsp;&nbsp;&nbsp;&nbsp;&nbsp;&nbsp;&nbsp;&nbsp;&nbsp;&nbsp;&nbsp;&nbsp;&nbsp;&nbsp;&nbsp;&nbsp;&nbsp;&nbsp;&nbsp;&nbsp;&nbsp;&nbsp;&nbsp;&nbsp;&nbsp;&nbsp;&nbsp;&nbsp;&nbsp;&nbsp;&nbsp;&nbsp;&nbsp;&nbsp;&nbsp;&nbsp;&nbsp;&nbsp;&nbsp;&nbsp;&nbsp;&nbsp;&nbsp;&nbsp;&nbsp;&nbsp;&nbsp;&nbsp;&nbsp;&nbsp;&nbsp;&nbsp;&nbsp;&nbsp;&nbsp; kr.&nbsp;&nbsp;&nbsp;&nbsp;1.993,75<\/p>\n\n\n\n<p class=\"has-small-font-size\"><strong>1)<\/strong>&nbsp; Hertil kommer de faktiske\nudgifter.<\/p>\n\n\n\n<p><strong>Takstbladet er godkendt af forvaltningen i Ringsted Kommune , d. 12. december 2025<\/strong>.<\/p>\n\n\n\n<p class=\"has-vivid-cyan-blue-color has-text-color has-medium-font-size\"><strong><a href=\"https:\/\/skeevand.dk\/wp-content\/uploads\/2026\/01\/SkeeVandvaerk-takstblad-2026-ANMELDT.pdf\">Pdf af Takstblad for Skee Vandv\u00e6rk I\/S pr. 1. jan. 2026<\/a><\/strong><\/p>\n\n\n\n<p class=\"has-medium-font-size\"><strong>Forvaltningen har godkendt anmeldelsen af takstblad-2026<\/strong><\/p>\n\n\n\n<p class=\"has-vivid-cyan-blue-color has-text-color has-medium-font-size\"><strong><a href=\"https:\/\/skeevand.dk\/wp-content\/uploads\/2026\/02\/SkeeVand_aarsregnskab_2025.pdf\">Seneste regnskab for Skee Vandv\u00e6rk I\/S &#8211; 2025<\/a><\/strong><\/p>\n\n\n\n<p><a href=\"https:\/\/skeevand.dk\/wp-content\/uploads\/2026\/02\/Aarsregnskab-udvidet-2025-SkeeVandvaerk.pdf\"><strong>Den &#8220;<em>udvidede model<\/em>&#8221; jf. de nye regnskabskrav &#8211; 2025<\/strong><\/a><\/p>\n\n\n\n<p><\/p>\n","protected":false},"excerpt":{"rendered":"<p>Lidt om prisudviklingen (excl.moms) p\u00e5 vand &amp; spildevand Lidt om omkostningsfordelingen (excl.moms) p\u00e5 1 m3 vand Skee Vandv\u00e6rk&#8217;s kontonummer hos Nykredit ; 8117 \u2013 1671957&nbsp; Takster Skee Vandv\u00e6rk 2026 : Takster pr. 1. januar 2026&#8230;&#8230;&#8230;&#8230;&#8230;&#8230;&#8230;&#8230;&#8230;&#8230;&#8230;&#8230;&#8230;&#8230;&#8230;&#8230;&#8230;..Inkl. moms&nbsp; Fast \u00e5rligt bidrag pr. boligenhed\/interessent&nbsp;&nbsp;&nbsp;&nbsp;&nbsp;&nbsp;&nbsp;&nbsp;&nbsp;&nbsp;&nbsp;&nbsp;&nbsp; kr&nbsp;&nbsp; &nbsp;&nbsp;&nbsp;&nbsp;&nbsp;1.231,24 Fast \u00e5rligt bidrag pr. m\u00e5ler&nbsp;&nbsp;&nbsp;&nbsp;&nbsp;&nbsp; &nbsp;&nbsp;&nbsp;&nbsp;&nbsp;&nbsp;&nbsp;&nbsp;&nbsp;&nbsp;&nbsp;&nbsp;&nbsp;&nbsp;&nbsp;&nbsp;&nbsp;&nbsp;&nbsp;&nbsp;&nbsp;&nbsp;&nbsp;&nbsp;&nbsp;&nbsp;&nbsp;&nbsp;&nbsp;&nbsp;&nbsp;&nbsp;&nbsp;&nbsp;&nbsp;&nbsp;&nbsp;&nbsp;&nbsp;&nbsp; &nbsp;&nbsp;&nbsp;&nbsp;&nbsp;&nbsp; kr.&nbsp;&nbsp;&nbsp; &nbsp; &nbsp;&nbsp;&nbsp;&nbsp; 240,00 Pris &hellip; <\/p>\n<p class=\"link-more\"><a href=\"https:\/\/skeevand.dk\/?page_id=118\" class=\"more-link\">L\u00e6s videre<span class=\"screen-reader-text\"> &#8220;Priser &#038; Regnskab&#8221;<\/span><\/a><\/p>\n","protected":false},"author":1,"featured_media":0,"parent":0,"menu_order":0,"comment_status":"closed","ping_status":"closed","template":"","meta":{"footnotes":""},"class_list":["post-118","page","type-page","status-publish","hentry"],"_links":{"self":[{"href":"https:\/\/skeevand.dk\/index.php?rest_route=\/wp\/v2\/pages\/118","targetHints":{"allow":["GET"]}}],"collection":[{"href":"https:\/\/skeevand.dk\/index.php?rest_route=\/wp\/v2\/pages"}],"about":[{"href":"https:\/\/skeevand.dk\/index.php?rest_route=\/wp\/v2\/types\/page"}],"author":[{"embeddable":true,"href":"https:\/\/skeevand.dk\/index.php?rest_route=\/wp\/v2\/users\/1"}],"replies":[{"embeddable":true,"href":"https:\/\/skeevand.dk\/index.php?rest_route=%2Fwp%2Fv2%2Fcomments&post=118"}],"version-history":[{"count":65,"href":"https:\/\/skeevand.dk\/index.php?rest_route=\/wp\/v2\/pages\/118\/revisions"}],"predecessor-version":[{"id":5010,"href":"https:\/\/skeevand.dk\/index.php?rest_route=\/wp\/v2\/pages\/118\/revisions\/5010"}],"wp:attachment":[{"href":"https:\/\/skeevand.dk\/index.php?rest_route=%2Fwp%2Fv2%2Fmedia&parent=118"}],"curies":[{"name":"wp","href":"https:\/\/api.w.org\/{rel}","templated":true}]}}