{"id":117,"date":"2018-12-04T09:14:49","date_gmt":"2018-12-04T08:14:49","guid":{"rendered":"http:\/\/localhost\/wordpress\/?page_id=117"},"modified":"2018-12-04T09:14:49","modified_gmt":"2018-12-04T08:14:49","slug":"vedtaegter","status":"publish","type":"page","link":"https:\/\/skeevand.dk\/?page_id=117","title":{"rendered":"Vedt\u00e6gter"},"content":{"rendered":"\n<p class=\"has-text-color has-medium-font-size has-vivid-cyan-blue-color\"><strong>Vedt\u00e6gter for Skee Vandv\u00e6rk I\/S :<\/strong><\/p>\n\n\n\n<p class=\"has-text-color has-vivid-cyan-blue-color\"><em><strong><a href=\"https:\/\/skeevand.dk\/wp-content\/uploads\/2019\/03\/VEDTAeGTER-Skee-Vandvaerk-af-d.-27.-marts-2019.pdf\">G\u00e6ldende vedt\u00e6gter<\/a> af 27. marts 2019, for I\/S Skee Vandv\u00e6rk.<\/strong><\/em><\/p>\n\n\n\n<p><strong>\u00a71&nbsp;\nNAVN &amp; FORM\u00c5L<\/strong><\/p>\n\n\n\n<p>Selskabet, der er stiftet i marts 1915, er et\ninteressentselskab, hvis navn er I\/S SKEE VANDV\u00c6RK.<\/p>\n\n\n\n<p>Dets form\u00e5l er at forsyne ejendomme inden for\nvandv\u00e6rkets forsyningsomr\u00e5de med vand til lavest mulige produktionspris, som\ndog skal d\u00e6kke forsvarlige afskrivninger af anl\u00e6g og rimelig henl\u00e6ggelse til vedligehold\nog nye investeringer.<\/p>\n\n\n\n<p><strong>\u00a72 MEDLEMMER<\/strong><\/p>\n\n\n\n<p>Interessentselskabets medlemmer er grundejere, som har\nbetalt tilslutningsafgift eller personer, som har overtaget en ejendom, hvis\ntidligere ejer ved overdragelsen var medlem af selskabet, og de har derfor ret\ntil at blive forsynet med vand.<\/p>\n\n\n\n<p><strong>\u00a73 MEDLEMMERNES FORPLIGTELSER<\/strong><\/p>\n\n\n\n<p>Bestyrelsen er bemyndiget til, at optage l\u00e5n p\u00e5\ninteressentselskabets vegne. For l\u00e5n, som interessentselskabet m\u00e5tte optage,\ns\u00e5vel som for l\u00e5nenes rettidige forrentning og afdrag samt alle \u00f8vrige\nforpligtelser h\u00e6fter medlemmerne solidarisk. Kreditorerne kan dog f\u00f8rst holde\nsig til de enkelte interessenter, efter at det har vist sig umuligt, at opn\u00e5\nd\u00e6kning hos interessentselskabet. Sekund\u00e6rt h\u00e6fter interessenterne ligeligt.<\/p>\n\n\n\n<p>Enhver interessent er ansvarlig for sine eventuelle\nlejere. S\u00e5fremt et medlem s\u00e6lger, eller p\u00e5 anden m\u00e5de afst\u00e5r sin ejendom, er\nvedkommende (ved d\u00f8dsfald, boet) forpligtiget til at s\u00f8rge for, at den nye\nejer, ved at underskrive og indsende en ejerskifteformular, overtager\ns\u00e6lgers\/boets forpligtelser overfor selskabet. <\/p>\n\n\n\n<p>Selskabet kan betinge sig, at den nye ejer betaler\nsamtlige af den tidligere ejers restancer for vandafgifter mv., ogs\u00e5 i tilf\u00e6lde\naf ejerskifte ved tvangsauktion eller anden retsforf\u00f8lgelse.<\/p>\n\n\n\n<p><strong>\u00a74 LEVERING TIL\nIKKE-MEDLEMMER<\/strong><strong>\n(Eksterne k\u00f8bere)<\/strong><\/p>\n\n\n\n<p>Enkelte ejendomme eller institutioner, der som f\u00f8lge af\nderes opbygning\/struktur eller if\u00f8lge s\u00e6rlige omst\u00e6ndigheder ikke kan v\u00e6re\ninteressenter, vil mod en af bestyrelsen fastsat afgift kunne f\u00e5 leveret vand,\ns\u00e5fremt bestyrelsen sk\u00f8nner, at vandv\u00e6rkets og ledningsnettets kapacitet\ntillader det.<\/p>\n\n\n\n<p><strong>\u00a75\nFORSYNINGSANL\u00c6GGET<\/strong><\/p>\n\n\n\n<p>Interessentselskabet anl\u00e6gger hoved- og\nfordelingsledninger etc. Interessentselskabet har ejendomsretten til hele\nforsyningsanl\u00e6gget, ogs\u00e5 til de dele af forsyningsnettet, som helt eller delvis\nm\u00e5tte v\u00e6re betalt af private. Pligten til vedligeholdelse af hovedledninger\np\u00e5hviler interessentselskabet. Det regnes for hovedledning indtil 1 m indenfor\nden p\u00e5g\u00e6ldende forbrugers grund. Interessentselskabet ejer m\u00e5lerbr\u00f8nd og\nvandm\u00e5ler. Forbrugeren\/interessenten ejer og vedligeholder kuglehanerne i\nm\u00e5lerbr\u00f8nden.<\/p>\n\n\n\n<p><strong>\u00a76 LEDNINGER OVER\nPRIVAT GRUND<\/strong><\/p>\n\n\n\n<p>Interessentselskabet er berettiget til at f\u00f8re\nledninger over interessenternes ejendomme, s\u00e5 vidt muligt kun p\u00e5 tidspunkter,\nhvor det forvolder vedkommende interessent mindst gene. N\u00f8dvendige reparationer\nskal dog kunne udf\u00f8res til enhver tid. S\u00e5fremt der ved arbejder af denne art\nfor\u00e5rsages p\u00e5viselig skade, betaler interessentselskabet en efter bestyrelsens\nsk\u00f8n rimelig erstatning. Grundejerne er dog berettiget til at forlange\nerstatningen fastsat ved voldgift. <\/p>\n\n\n\n<p>Retten til s\u00e5danne ledningers anl\u00e6g og vedligeholdelse\nskal sikres ved en p\u00e5 ejendommen tinglyst deklaration, dersom bestyrelsen finder\ndet n\u00f8dvendigt. <\/p>\n\n\n\n<p>Interessentselskabet afholder de dermed forbundne\nudgifter. Skulle det vise sig form\u00e5lstjenligt for en interessent at f\u00f8re sin\nstikledning over en anden interessents grund, er denne forpligtiget til at t\u00e5le\ndette. Hvis bestyrelsen finder det rimeligt, og p\u00e5 betingelse af, at der\ntinglyses deklaration om ledningens placering samt adgang til dens reparation,\nalt for den interesseredes regning.<\/p>\n\n\n\n<p><strong>\u00a77 INDSKR\u00c6NKNINGER I\nVANDLEVERANCEN<\/strong><\/p>\n\n\n\n<p>Bestyrelsen\nafg\u00f8r i hvilken udstr\u00e6kning, og p\u00e5 hvilke betingelser havevanding m\u00e5 finde\nsted. Hverken interessenter eller brugere, der aftager vand if\u00f8lge \u00a7 4, m\u00e5\nforsyne andre end eventuelle lejere med vand. Videresalg f.eks. til\ncampingpladser og lignende m\u00e5 kun finde sted med bestyrelsens samtykke. Bevidst\nvandspild er forbudt. Utilsigtet vandspild skal meldes til vandv\u00e6rket, s\u00e5 snart\ndet konstateres.<\/p>\n\n\n\n<p><strong>\u00a78 UDTR\u00c6DELSE AF\nSELSKABET<\/strong><\/p>\n\n\n\n<p>En\ninteressent kan udtr\u00e6de af selskabet, n\u00e5r dennes stikledning afmonteres ved\nfordelings-ledningen, og n\u00e5r interessenten har indbetalt sin andel af en evt.\ng\u00e6ld i vandv\u00e6rket, til interessentselskabet. Den udtr\u00e6dende har intet krav p\u00e5\nandele i selskabets aktiver, ej heller den i sin tid indbetalte\ntilslutningsafgift.<\/p>\n\n\n\n<p><strong>\u00a79 GENERALFORSAMLING<\/strong><\/p>\n\n\n\n<p>Generalforsamlingen er selskabets h\u00f8jeste myndighed.\nOrdin\u00e6r generalforsamling afholdes hvert \u00e5r i februar m\u00e5ned. Indkaldelse til\ngeneralforsamlingen sker med mindst 10 dages varsel via relevant medie eller\nved direkte kontakt. <\/p>\n\n\n\n<p>Generalforsamlingens dagsorden fastl\u00e6gges senest 3 dage\nforud for dens afholdelse. Forslag, som ikke er p\u00e5f\u00f8rt dagsordenen, vil ikke\nkunne komme til afg\u00f8relse, hvorfor forslag fra interessenterne til den ordin\u00e6re\ngeneralforsamling skal afgives til bestyrelsens formand senest 5 dage f\u00f8r\ngeneralforsamlingens afholdelse. <\/p>\n\n\n\n<p>P\u00e5 den ordin\u00e6re generalforsamling foretages f\u00f8lgende:<\/p>\n\n\n\n<ol class=\"wp-block-list\"><li>Valg af dirigent<\/li><li>Valg af stemmet\u00e6llere<\/li><li>Formanden afl\u00e6gger beretning om det\nforl\u00f8bne \u00e5r<\/li><li>Det reviderede regnskab forel\u00e6gges\ntil godkendelse<\/li><li>Behandling af indkomne forslag<\/li><li>Valg af medlemmer til bestyrelse\nsamt suppleant<\/li><li>Valg af revisor<\/li><li>Eventuelt.<\/li><\/ol>\n\n\n\n<p>P\u00e5 generalforsamlingen v\u00e6lges 2 revisorer. Hvert \u00e5r afg\u00e5r\n\u00e9n revisor, f\u00f8rste gang efter lodtr\u00e6kning. Revisorer kan genv\u00e6lges. Ingen\ninteressent under 65 \u00e5r kan n\u00e6gte at modtage valg til bestyrelsen eller som\nrevisor, men en interessent kan fritages for valg i lige s\u00e5 lang tid, som\nvedkommende tidligere har fungeret som bestyrelsesmedlem eller revisor.\nEkstraordin\u00e6r generalforsamling kan sammenkaldes af bestyrelsen, eller n\u00e5r\nmindst 10 interessenter til bestyrelsen frems\u00e6tter forlangende herom, ledsaget\naf skriftlig dagsorden. I sidstn\u00e6vnte tilf\u00e6lde skal generalforsamlingen\nafholdes inden en m\u00e5ned efter modtagelsen af beg\u00e6ringen, og dagsordenen skal\nudsendes ved indkaldelsen, via relevant medie eller ved direkte kontakt.<\/p>\n\n\n\n<p>Over det p\u00e5 generalforsamlingen passerede indf\u00f8res et\nresum\u00e9 i en dertil af bestyrelsen autoriseret protokol, der underskrives af\nbestyrelsen.<\/p>\n\n\n\n<p><strong>\u00a710 STEMMERET OG\nAFSTEMNINGER<\/strong><\/p>\n\n\n\n<p>Ingen interessenter har mere end \u00e9n stemme. Der kan dog\nstemmes ved skriftlig fuldmagt, men ingen interessent kan repr\u00e6sentere mere end\ni alt 2 stemmer. Enhver interessent kan kr\u00e6ve hemmelig skriftlig afstemning. <\/p>\n\n\n\n<p>K\u00f8bere i henhold til \u00a7 4 har ret til at overv\u00e6re\ngeneralforsamlingen og deltage i diskussionen, men de har ingen stemmeret.\nS\u00e5vel p\u00e5 ordin\u00e6r som ekstraordin\u00e6r generalforsamling tr\u00e6ffes afg\u00f8relser ved\nsimpel stemmeflerhed. Dog kr\u00e6ves der til beslutning om vedt\u00e6gts\u00e6ndring mindst\n2\/3 af de afgivne stemmer, og desuden skal mindst 2\/3 af interessenterne v\u00e6re\nrepr\u00e6senterede p\u00e5 den p\u00e5g\u00e6ldende generalforsamling. S\u00e5fremt kun den ene\nforuds\u00e6tning er opfyldt, indvarsler bestyrelsen i l\u00f8bet af 14 dage til en\nekstraordin\u00e6r generalforsamling, p\u00e5 hvilken forslaget kan vedtages med 2\/3 af\nde afgivne stemmer uanset antallet af fremm\u00f8dte interessenter. <\/p>\n\n\n\n<p>Bestemmelsen i denne vedt\u00e6gt vedr\u00f8rende den solidariske\nh\u00e6ftelse kan ikke \u00e6ndres af nogen generalforsamling, f\u00f8r alle l\u00e5n er fuldt\ntilbagebetalt.<\/p>\n\n\n\n<p><strong>\u00a711 BESTYRELSEN<\/strong><\/p>\n\n\n\n<p>Bestyrelsen best\u00e5r af 5 medlemmer valgt blandt\ninteressenterne for 2 \u00e5r af gangen, idet der hvert \u00e5r p\u00e5 den ordin\u00e6re\ngeneralforsamling afg\u00e5r skiftevis 2 og 3 medlemmer. Genvalg kan finde sted.\nBestyrelsen v\u00e6lger selv sin formand, kasserer og sekret\u00e6r. Den er\nbeslutningsdygtig, n\u00e5r mindst halvdelen af medlemmerne er til stede. Ved\nstemmelighed g\u00f8r formandens stemme udslaget. Bestyrelsen er ul\u00f8nnet, dog kan\nformand og kasserer f\u00e5 d\u00e6kket deres udgifter til telefon og forsendelse etc.\nmed et mindre honorar, som godkendes p\u00e5 generalforsamlingen. <\/p>\n\n\n\n<p>Bestyrelsen har ret til godtg\u00f8relse efter statens\nregler for p\u00e5kr\u00e6vede rejser vedr\u00f8rende interessentselskabet. Bestyrelsen er\nansvarlig for, at vandafgiften opkr\u00e6ves i overensstemmelse med vedt\u00e6gterne, og\nden har ligeledes ansvar for regnskabsf\u00f8relse samt regnskabsafl\u00e6ggelse efter\ng\u00e6ldende regler. Bestyrelsen fasts\u00e6tter selv sin forretningsorden og f\u00f8rer\nforhandlingsprotokol, der underskrives af de tilstedev\u00e6rende\nbestyrelsesmedlemmer. <\/p>\n\n\n\n<p>Ved d\u00f8dsfald eller anden afgang fra bestyrelsen\nindtr\u00e6der suppleanten i det afg\u00e5ende medlems resterende funktionstid.<\/p>\n\n\n\n<p><strong>\u00a712 REGNSKABET<\/strong><\/p>\n\n\n\n<p>Interessentselskabets regnskabs\u00e5r f\u00f8lger kalender\u00e5ret.\nVandafgiften opkr\u00e6ves hel\u00e5rligt forud, og skal v\u00e6re indbetalt til\ninteressentselskabet hvert \u00e5r senest den 31. marts indenfor den p\u00e5g\u00e6ldende\nafgiftsperiode. <\/p>\n\n\n\n<p>S\u00e5fremt der fremkommer et overskud jf. g\u00e6ldende regler\nfor regnskabsafl\u00e6ggelse, kan dette ikke udbetales til interessenterne, med\nmindre selskabet opl\u00f8ses, jfr. \u00a7 13. Overskud m\u00e5 kun akkumuleres med baggrund i\nreglerne for fremtidige vedligehold og investeringer.<\/p>\n\n\n\n<p>Revision af regnskaberne foretages af de to p\u00e5\ngeneralforsamlingen valgte revisorer. \u00c5rsregnskabet underskrives af revisorerne\nog formanden.<\/p>\n\n\n\n<p><strong>\u00a713 SELSKABETS\nOPL\u00d8SNING<\/strong><\/p>\n\n\n\n<p>Interessentselskabet kan ikke opl\u00f8ses, f\u00f8r end al g\u00e6ld\ner afviklet. En opl\u00f8sning af interessentselskabet kan kun besluttes, s\u00e5fremt \u00be\naf samtlige stemmeberettigede stemmer derfor. <\/p>\n\n\n\n<p>Dersom opl\u00f8sningen vil kunne ske uden indskr\u00e6nkninger\naf forsyningsmulighederne, f.eks. ved fusion med andet vandv\u00e6rk eller ved\nkommunal overtagelse, kan opl\u00f8sningen dog besluttes efter de i \u00a7 10 angivne\nbestemmelser vedr\u00f8rende vedt\u00e6gts\u00e6ndringer. <\/p>\n\n\n\n<p><strong><em>Interessentselskabets vedt\u00e6gter er vedtaget p\u00e5 den ekstraordin\u00e6re\ngeneralforsamling onsdag den 27. marts 2019 og tr\u00e6der i kraft fra denne dato.<\/em><\/strong><\/p>\n\n\n\n<p class=\"has-text-color has-vivid-cyan-blue-color\"><strong><a href=\"https:\/\/skeevand.dk\/wp-content\/uploads\/2019\/02\/VEDTAeGTER-Skee-Vandvaerk-IS-af-d.26.-februar-1980.pdf\">Gamle vedt\u00e6gter<\/a> <\/strong>af 26. februar 1980, for Interessentselskabet Skee Vandv\u00e6rk.<\/p>\n","protected":false},"excerpt":{"rendered":"<p>Vedt\u00e6gter for Skee Vandv\u00e6rk I\/S : G\u00e6ldende vedt\u00e6gter af 27. marts 2019, for I\/S Skee Vandv\u00e6rk. \u00a71&nbsp; NAVN &amp; FORM\u00c5L Selskabet, der er stiftet i marts 1915, er et interessentselskab, hvis navn er I\/S SKEE VANDV\u00c6RK. Dets form\u00e5l er at forsyne ejendomme inden for vandv\u00e6rkets forsyningsomr\u00e5de med vand til lavest mulige produktionspris, som dog skal &hellip; <\/p>\n<p class=\"link-more\"><a href=\"https:\/\/skeevand.dk\/?page_id=117\" class=\"more-link\">L\u00e6s videre<span class=\"screen-reader-text\"> &#8220;Vedt\u00e6gter&#8221;<\/span><\/a><\/p>\n","protected":false},"author":1,"featured_media":0,"parent":0,"menu_order":0,"comment_status":"closed","ping_status":"closed","template":"","meta":{"footnotes":""},"class_list":["post-117","page","type-page","status-publish","hentry"],"_links":{"self":[{"href":"https:\/\/skeevand.dk\/index.php?rest_route=\/wp\/v2\/pages\/117","targetHints":{"allow":["GET"]}}],"collection":[{"href":"https:\/\/skeevand.dk\/index.php?rest_route=\/wp\/v2\/pages"}],"about":[{"href":"https:\/\/skeevand.dk\/index.php?rest_route=\/wp\/v2\/types\/page"}],"author":[{"embeddable":true,"href":"https:\/\/skeevand.dk\/index.php?rest_route=\/wp\/v2\/users\/1"}],"replies":[{"embeddable":true,"href":"https:\/\/skeevand.dk\/index.php?rest_route=%2Fwp%2Fv2%2Fcomments&post=117"}],"version-history":[{"count":0,"href":"https:\/\/skeevand.dk\/index.php?rest_route=\/wp\/v2\/pages\/117\/revisions"}],"wp:attachment":[{"href":"https:\/\/skeevand.dk\/index.php?rest_route=%2Fwp%2Fv2%2Fmedia&parent=117"}],"curies":[{"name":"wp","href":"https:\/\/api.w.org\/{rel}","templated":true}]}}